{"id":11762,"date":"2025-07-29T12:17:55","date_gmt":"2025-07-29T15:17:55","guid":{"rendered":"https:\/\/tjba.jus.br\/portalconectainterior\/?page_id=11762"},"modified":"2025-08-13T10:19:11","modified_gmt":"2025-08-13T13:19:11","slug":"locacao-de-imoveis","status":"publish","type":"page","link":"https:\/\/www.tjba.jus.br\/portalconectainterior\/contratacoes\/locacao-de-imoveis\/","title":{"rendered":"Loca\u00e7\u00e3o de Im\u00f3veis"},"content":{"rendered":"\n<figure class=\"wp-block-image is-resized\"><img loading=\"lazy\" decoding=\"async\" width=\"2560\" height=\"1707\" src=\"https:\/\/tjba.jus.br\/portalconectainterior\/wp-content\/uploads\/2025\/08\/IMOVEIS-scaled.jpg\" alt=\"\" class=\"wp-image-12021\" style=\"object-fit:cover;width:800px;height:250px\" srcset=\"https:\/\/www.tjba.jus.br\/portalconectainterior\/wp-content\/uploads\/2025\/08\/IMOVEIS-scaled.jpg 2560w, https:\/\/www.tjba.jus.br\/portalconectainterior\/wp-content\/uploads\/2025\/08\/IMOVEIS-300x200.jpg 300w, https:\/\/www.tjba.jus.br\/portalconectainterior\/wp-content\/uploads\/2025\/08\/IMOVEIS-1024x683.jpg 1024w, https:\/\/www.tjba.jus.br\/portalconectainterior\/wp-content\/uploads\/2025\/08\/IMOVEIS-768x512.jpg 768w, https:\/\/www.tjba.jus.br\/portalconectainterior\/wp-content\/uploads\/2025\/08\/IMOVEIS-1536x1024.jpg 1536w, https:\/\/www.tjba.jus.br\/portalconectainterior\/wp-content\/uploads\/2025\/08\/IMOVEIS-2048x1365.jpg 2048w\" sizes=\"auto, (max-width: 2560px) 100vw, 2560px\" \/><\/figure>\n\n\n\n<p>Nesta se\u00e7\u00e3o est\u00e3o dispon\u00edveis os documentos e formul\u00e1rios necess\u00e1rios para a tramita\u00e7\u00e3o de processos relacionados \u00e0 loca\u00e7\u00e3o de im\u00f3veis. Os arquivos incluem modelos, declara\u00e7\u00f5es, checklists e demais orienta\u00e7\u00f5es exigidas pelas normas internas e pela legisla\u00e7\u00e3o vigente.<\/p>\n\n\n\n<p><a href=\"https:\/\/tjba.jus.br\/portalconectainterior\/wp-content\/uploads\/2025\/07\/01-Modelo-DOD-preenchido-pela-Unidade-Requisitante-Comarca.odt\" data-type=\"link\" data-id=\"https:\/\/tjba.jus.br\/portalconectainterior\/wp-content\/uploads\/2025\/07\/01-Modelo-DOD-preenchido-pela-Unidade-Requisitante-Comarca.odt\">Modelo DOD &#8211; preenchido pela Unidade Requisitante &#8211; Comarca<\/a><\/p>\n\n\n\n<p><a href=\"https:\/\/tjba.jus.br\/portalconectainterior\/wp-content\/uploads\/2025\/07\/04-Checklist-Celebracao-PF.odt\" data-type=\"link\" data-id=\"https:\/\/tjba.jus.br\/portalconectainterior\/wp-content\/uploads\/2025\/07\/04-Checklist-Celebracao-PF.odt\">Checklist &#8211; Celebra\u00e7\u00e3o &#8211; PF<\/a><\/p>\n\n\n\n<p><a href=\"https:\/\/tjba.jus.br\/portalconectainterior\/wp-content\/uploads\/2025\/07\/05-Checklist-Celebracao-PJ.odt\" data-type=\"link\" data-id=\"https:\/\/tjba.jus.br\/portalconectainterior\/wp-content\/uploads\/2025\/07\/05-Checklist-Celebracao-PJ.odt\">Checklist &#8211; Celebra\u00e7\u00e3o &#8211; PJ<\/a><\/p>\n\n\n\n<p><a href=\"https:\/\/tjba.jus.br\/portalconectainterior\/wp-content\/uploads\/2025\/07\/06-Checklist-Renovacao-PF.odt\" data-type=\"link\" data-id=\"https:\/\/tjba.jus.br\/portalconectainterior\/wp-content\/uploads\/2025\/07\/06-Checklist-Renovacao-PF.odt\">Checklist &#8211; Renova\u00e7\u00e3o &#8211; PF<\/a><\/p>\n\n\n\n<p><a href=\"https:\/\/tjba.jus.br\/portalconectainterior\/wp-content\/uploads\/2025\/07\/07-Checklist-Renovacao-PJ.odt\" data-type=\"link\" data-id=\"https:\/\/tjba.jus.br\/portalconectainterior\/wp-content\/uploads\/2025\/07\/07-Checklist-Renovacao-PJ.odt\">Checklist &#8211; Renova\u00e7\u00e3o &#8211; PJ<\/a><\/p>\n\n\n\n<p><a href=\"https:\/\/tjba.jus.br\/portalconectainterior\/wp-content\/uploads\/2025\/07\/08-Checklist-Rescisao-PF-e-PJ.odt\" data-type=\"link\" data-id=\"https:\/\/tjba.jus.br\/portalconectainterior\/wp-content\/uploads\/2025\/07\/08-Checklist-Rescisao-PF-e-PJ.odt\">Checklist &#8211; Rescis\u00e3o &#8211; PF e PJ<\/a><\/p>\n\n\n\n<p><a href=\"https:\/\/tjba.jus.br\/portalconectainterior\/wp-content\/uploads\/2025\/07\/09-Declaracao-de-Interesse-Locadora-PF.odt\" data-type=\"link\" data-id=\"https:\/\/tjba.jus.br\/portalconectainterior\/wp-content\/uploads\/2025\/07\/09-Declaracao-de-Interesse-Locadora-PF.odt\">Declara\u00e7\u00e3o de Interesse &#8211; Locador(a) PF<\/a><\/p>\n\n\n\n<p><a href=\"https:\/\/tjba.jus.br\/portalconectainterior\/wp-content\/uploads\/2025\/07\/10-Declaracao-de-Interesse-Locadora-PJ.odt\" data-type=\"link\" data-id=\"https:\/\/tjba.jus.br\/portalconectainterior\/wp-content\/uploads\/2025\/07\/10-Declaracao-de-Interesse-Locadora-PJ.odt\">Declara\u00e7\u00e3o de Interesse &#8211; Locadora PJ<\/a><\/p>\n\n\n\n<p><a href=\"https:\/\/tjba.jus.br\/portalconectainterior\/wp-content\/uploads\/2025\/07\/11-Declaracao-Negativa-de-Nepotismo-Locador-PF.odt\" data-type=\"link\" data-id=\"https:\/\/tjba.jus.br\/portalconectainterior\/wp-content\/uploads\/2025\/07\/11-Declaracao-Negativa-de-Nepotismo-Locador-PF.odt\">Declara\u00e7\u00e3o Negativa de Nepotismo &#8211; Locador PF<\/a><\/p>\n\n\n\n<p><a href=\"https:\/\/tjba.jus.br\/portalconectainterior\/wp-content\/uploads\/2025\/07\/12-Declaracao-Negativa-de-Nepotismo-Locador-PJ.odt\" data-type=\"link\" data-id=\"https:\/\/tjba.jus.br\/portalconectainterior\/wp-content\/uploads\/2025\/07\/12-Declaracao-Negativa-de-Nepotismo-Locador-PJ.odt\">Declara\u00e7\u00e3o Negativa de Nepotismo &#8211; Locador PJ<\/a><\/p>\n\n\n\n<p><a href=\"https:\/\/tjba.jus.br\/portalconectainterior\/wp-content\/uploads\/2025\/07\/13-Declaracao-Negativa-de-Nepotismo-Juiz-Juiza.odt\" data-type=\"link\" data-id=\"https:\/\/tjba.jus.br\/portalconectainterior\/wp-content\/uploads\/2025\/07\/13-Declaracao-Negativa-de-Nepotismo-Juiz-Juiza.odt\">Declara\u00e7\u00e3o Negativa de Nepotismo &#8211; Juiz-Ju\u00edza<\/a><\/p>\n\n\n\n<p><a href=\"https:\/\/tjba.jus.br\/portalconectainterior\/wp-content\/uploads\/2025\/07\/14-Declaracao-Negativa-de-Nepotismo-Administradora.odt\" data-type=\"link\" data-id=\"https:\/\/tjba.jus.br\/portalconectainterior\/wp-content\/uploads\/2025\/07\/14-Declaracao-Negativa-de-Nepotismo-Administradora.odt\">Declara\u00e7\u00e3o Negativa de Nepotismo &#8211; Administrador(a)<\/a><\/p>\n\n\n\n<p><a href=\"https:\/\/tjba.jus.br\/portalconectainterior\/wp-content\/uploads\/2025\/07\/15-Termo-de-Entrega-do-Imovel.odt\" data-type=\"link\" data-id=\"https:\/\/tjba.jus.br\/portalconectainterior\/wp-content\/uploads\/2025\/07\/15-Termo-de-Entrega-do-Imovel.odt\">Termo de Entrega do Im\u00f3vel<\/a><\/p>\n\n\n\n<p><a href=\"https:\/\/tjba.jus.br\/portalconectainterior\/wp-content\/uploads\/2025\/07\/16-Termo-de-Recebimento-do-Imovel.odt\" data-type=\"link\" data-id=\"https:\/\/tjba.jus.br\/portalconectainterior\/wp-content\/uploads\/2025\/07\/16-Termo-de-Recebimento-do-Imovel.odt\">Termo de Recebimento do Im\u00f3vel<\/a><\/p>\n\n\n\n<p><a href=\"https:\/\/tjba.jus.br\/portalconectainterior\/wp-content\/uploads\/2025\/07\/17-Declaracao-negativa-de-Trabalho-Infantil-PF.odt\" data-type=\"link\" data-id=\"https:\/\/tjba.jus.br\/portalconectainterior\/wp-content\/uploads\/2025\/07\/17-Declaracao-negativa-de-Trabalho-Infantil-PF.odt\">Declara\u00e7\u00e3o negativa de Trabalho Infantil &#8211; PF<\/a><\/p>\n\n\n\n<p><a href=\"https:\/\/tjba.jus.br\/portalconectainterior\/wp-content\/uploads\/2025\/07\/18-Declaracao-negativa-de-Trabalho-Infantil-PJ.odt\" data-type=\"link\" data-id=\"https:\/\/tjba.jus.br\/portalconectainterior\/wp-content\/uploads\/2025\/07\/18-Declaracao-negativa-de-Trabalho-Infantil-PJ.odt\">Declara\u00e7\u00e3o negativa de Trabalho Infantil &#8211; PJ<\/a><\/p>\n\n\n\n<p><a href=\"https:\/\/tjba.jus.br\/portalconectainterior\/wp-content\/uploads\/2025\/07\/19-Declaracao-de-Quitacao-PF.odt\" data-type=\"link\" data-id=\"https:\/\/tjba.jus.br\/portalconectainterior\/wp-content\/uploads\/2025\/07\/19-Declaracao-de-Quitacao-PF.odt\">Declara\u00e7\u00e3o de Quita\u00e7\u00e3o -PF<\/a><\/p>\n\n\n\n<p><a href=\"https:\/\/tjba.jus.br\/portalconectainterior\/wp-content\/uploads\/2025\/07\/20-Declaracao-de-Quitacao-PJ.odt\" data-type=\"link\" data-id=\"https:\/\/tjba.jus.br\/portalconectainterior\/wp-content\/uploads\/2025\/07\/20-Declaracao-de-Quitacao-PJ.odt\">Declara\u00e7\u00e3o de Quita\u00e7\u00e3o -PJ<\/a><\/p>\n\n\n\n<p><a href=\"https:\/\/tjba.jus.br\/portalconectainterior\/wp-content\/uploads\/2025\/07\/21-Declaracao-de-retirada-dos-Bens-Moveis.odt\" data-type=\"link\" data-id=\"https:\/\/tjba.jus.br\/portalconectainterior\/wp-content\/uploads\/2025\/07\/21-Declaracao-de-retirada-dos-Bens-Moveis.odt\">Declara\u00e7\u00e3o de retirada dos Bens M\u00f3veis<\/a><\/p>\n\n\n\n<p><\/p>\n","protected":false},"excerpt":{"rendered":"<p>Nesta se\u00e7\u00e3o est\u00e3o dispon\u00edveis os documentos e formul\u00e1rios necess\u00e1rios para a tramita\u00e7\u00e3o de processos relacionados \u00e0 loca\u00e7\u00e3o de im\u00f3veis. Os [&hellip;]<\/p>\n","protected":false},"author":30,"featured_media":0,"parent":11617,"menu_order":0,"comment_status":"closed","ping_status":"closed","template":"","meta":{"_acf_changed":false,"ub_ctt_via":"","footnotes":""},"class_list":["post-11762","page","type-page","status-publish","hentry"],"acf":[],"featured_image_src":null,"_links":{"self":[{"href":"https:\/\/www.tjba.jus.br\/portalconectainterior\/wp-json\/wp\/v2\/pages\/11762","targetHints":{"allow":["GET"]}}],"collection":[{"href":"https:\/\/www.tjba.jus.br\/portalconectainterior\/wp-json\/wp\/v2\/pages"}],"about":[{"href":"https:\/\/www.tjba.jus.br\/portalconectainterior\/wp-json\/wp\/v2\/types\/page"}],"author":[{"embeddable":true,"href":"https:\/\/www.tjba.jus.br\/portalconectainterior\/wp-json\/wp\/v2\/users\/30"}],"replies":[{"embeddable":true,"href":"https:\/\/www.tjba.jus.br\/portalconectainterior\/wp-json\/wp\/v2\/comments?post=11762"}],"version-history":[{"count":4,"href":"https:\/\/www.tjba.jus.br\/portalconectainterior\/wp-json\/wp\/v2\/pages\/11762\/revisions"}],"predecessor-version":[{"id":12047,"href":"https:\/\/www.tjba.jus.br\/portalconectainterior\/wp-json\/wp\/v2\/pages\/11762\/revisions\/12047"}],"up":[{"embeddable":true,"href":"https:\/\/www.tjba.jus.br\/portalconectainterior\/wp-json\/wp\/v2\/pages\/11617"}],"wp:attachment":[{"href":"https:\/\/www.tjba.jus.br\/portalconectainterior\/wp-json\/wp\/v2\/media?parent=11762"}],"curies":[{"name":"wp","href":"https:\/\/api.w.org\/{rel}","templated":true}]}}