{"id":11795,"date":"2025-07-29T12:36:02","date_gmt":"2025-07-29T15:36:02","guid":{"rendered":"https:\/\/tjba.jus.br\/portalconectainterior\/?page_id=11795"},"modified":"2025-07-29T12:42:35","modified_gmt":"2025-07-29T15:42:35","slug":"execucao-orcamentaria","status":"publish","type":"page","link":"https:\/\/www.tjba.jus.br\/portalconectainterior\/legislacoes\/execucao-orcamentaria\/","title":{"rendered":"Execu\u00e7\u00e3o Or\u00e7ament\u00e1ria"},"content":{"rendered":"\n<p><a href=\"https:\/\/tjba.jus.br\/portalconectainterior\/wp-content\/uploads\/2025\/07\/DECRETO-BENS-PERMANENTES-E-DE-CONSUMO.pdf\" data-type=\"link\" data-id=\"https:\/\/tjba.jus.br\/portalconectainterior\/wp-content\/uploads\/2025\/07\/DECRETO-BENS-PERMANENTES-E-DE-CONSUMO.pdf\">Decreto N\u00ba 9.461 DE 20 DE JUNHO DE 2005 <strong><\/a>Disp\u00f5e sobre a classifica\u00e7\u00e3o de material para fins de controle do or\u00e7amento p\u00fablico, de apropria\u00e7\u00e3o cont\u00e1bil da despesa e de administra\u00e7\u00e3o patrimonial do Estado, inclusive aliena\u00e7\u00e3o, e d\u00e1 outras provid\u00eancias\u00a0<\/p>\n\n\n\n<p><a href=\"https:\/\/tjba.jus.br\/portalconectainterior\/wp-content\/uploads\/2025\/07\/LEI-No-2322-DE-11-DE-ABRIL-DE-1966-Orcamento-na-Bahia.pdf\" data-type=\"link\" data-id=\"https:\/\/tjba.jus.br\/portalconectainterior\/wp-content\/uploads\/2025\/07\/LEI-No-2322-DE-11-DE-ABRIL-DE-1966-Orcamento-na-Bahia.pdf\">LEI N\u00ba 2322 DE 11 DE ABRIL DE 1966<strong><\/a>Disciplina a administra\u00e7\u00e3o financeira, patrimonial e de material do Estado.\u00a0<\/p>\n\n\n\n<p><\/p>\n","protected":false},"excerpt":{"rendered":"<p>Decreto N\u00ba 9.461 DE 20 DE JUNHO DE 2005 Disp\u00f5e sobre a classifica\u00e7\u00e3o de material para fins de controle do [&hellip;]<\/p>\n","protected":false},"author":30,"featured_media":0,"parent":11788,"menu_order":0,"comment_status":"closed","ping_status":"closed","template":"","meta":{"_acf_changed":false,"ub_ctt_via":"","footnotes":""},"class_list":["post-11795","page","type-page","status-publish","hentry"],"acf":[],"featured_image_src":null,"_links":{"self":[{"href":"https:\/\/www.tjba.jus.br\/portalconectainterior\/wp-json\/wp\/v2\/pages\/11795","targetHints":{"allow":["GET"]}}],"collection":[{"href":"https:\/\/www.tjba.jus.br\/portalconectainterior\/wp-json\/wp\/v2\/pages"}],"about":[{"href":"https:\/\/www.tjba.jus.br\/portalconectainterior\/wp-json\/wp\/v2\/types\/page"}],"author":[{"embeddable":true,"href":"https:\/\/www.tjba.jus.br\/portalconectainterior\/wp-json\/wp\/v2\/users\/30"}],"replies":[{"embeddable":true,"href":"https:\/\/www.tjba.jus.br\/portalconectainterior\/wp-json\/wp\/v2\/comments?post=11795"}],"version-history":[{"count":1,"href":"https:\/\/www.tjba.jus.br\/portalconectainterior\/wp-json\/wp\/v2\/pages\/11795\/revisions"}],"predecessor-version":[{"id":11798,"href":"https:\/\/www.tjba.jus.br\/portalconectainterior\/wp-json\/wp\/v2\/pages\/11795\/revisions\/11798"}],"up":[{"embeddable":true,"href":"https:\/\/www.tjba.jus.br\/portalconectainterior\/wp-json\/wp\/v2\/pages\/11788"}],"wp:attachment":[{"href":"https:\/\/www.tjba.jus.br\/portalconectainterior\/wp-json\/wp\/v2\/media?parent=11795"}],"curies":[{"name":"wp","href":"https:\/\/api.w.org\/{rel}","templated":true}]}}