{"id":11799,"date":"2025-07-29T12:37:16","date_gmt":"2025-07-29T15:37:16","guid":{"rendered":"https:\/\/tjba.jus.br\/portalconectainterior\/?page_id=11799"},"modified":"2025-12-19T10:52:19","modified_gmt":"2025-12-19T13:52:19","slug":"casa-de-juiz","status":"publish","type":"page","link":"https:\/\/www.tjba.jus.br\/portalconectainterior\/legislacoes\/casa-de-juiz\/","title":{"rendered":"Organiza\u00e7\u00e3o do F\u00f3rum"},"content":{"rendered":"\n<p><a href=\"https:\/\/tjba.jus.br\/portalconectainterior\/wp-content\/uploads\/2025\/07\/DECRETO-JUDICIARIO-No-244-Controle-de-Frequencia.pdf\" data-type=\"link\" data-id=\"https:\/\/tjba.jus.br\/portalconectainterior\/wp-content\/uploads\/2025\/07\/DECRETO-JUDICIARIO-No-244-Controle-de-Frequencia.pdf\">DECRETO JUDICI\u00c1RIO N\u00ba 244, DE 31 DE MAR\u00c7O DE 20216<strong><\/a>Normas que regem a jornada e o hor\u00e1rio de trabalho, o registro, a apura\u00e7\u00e3o e o controle de frequ\u00eancia dos servidores do Poder Judici\u00e1rio do Estado da Bahia<\/p>\n\n\n\n<p><a href=\"https:\/\/tjba.jus.br\/portalconectainterior\/wp-content\/uploads\/2025\/07\/DECRETO-JUDICIARIO-No-31-DE-13-DE-JANEIRO-DE-2020.-Funcoes-do-Administrador-do-Forum.pdf\" data-type=\"link\" data-id=\"https:\/\/tjba.jus.br\/portalconectainterior\/wp-content\/uploads\/2025\/07\/DECRETO-JUDICIARIO-No-31-DE-13-DE-JANEIRO-DE-2020.-Funcoes-do-Administrador-do-Forum.pdf\">DECRETO JUDICI\u00c1RIO N\u00ba 31, DE 13 DE JANEIRO DE 2020<strong><\/a>Regulamenta as Atribui\u00e7\u00f5es do Administrador do F\u00f3rum das comarcas do interior, no \u00e2mbito do Poder Judici\u00e1rio do Estado da Bahia<\/p>\n\n\n\n<p><a href=\"https:\/\/www.tjba.jus.br\/portalconectainterior\/wp-content\/uploads\/2025\/12\/decreto-1090-casa-magistrado-DJE.pdf\" data-type=\"link\" data-id=\"https:\/\/tjba.jus.br\/portalconectainterior\/wp-content\/uploads\/2025\/07\/DECRETO-JUDICIARIO-No-737-DE-14-DE-OUTUBRO-DE-2020-Regras-para-ocupacao-dos-imoveis.pdf\">DECRETO JUDICI\u00c1RIO N\u00ba 1090, DE 18 DE DEZEMBRO DE 2025<strong><\/a>Institui novas regras para ocupa\u00e7\u00e3o dos im\u00f3veis funcionais do Tribunal de Justi\u00e7a do Estado da Bahia, revoga o Decreto Judici\u00e1rio n\u00ba 737, de 14 de outubro de 2020, e d\u00e1 outras provid\u00eancias.<\/p>\n\n\n\n<p><a href=\"https:\/\/tjba.jus.br\/portalconectainterior\/wp-content\/uploads\/2025\/07\/RESOLUCAO-No-10-DE-08-DE-MAIO-DE-2019-Competencias-do-Juiz-Diretor.pdf\" data-type=\"link\" data-id=\"https:\/\/tjba.jus.br\/portalconectainterior\/wp-content\/uploads\/2025\/07\/RESOLUCAO-No-10-DE-08-DE-MAIO-DE-2019-Competencias-do-Juiz-Diretor.pdf\">RESOLU\u00c7\u00c3O N\u00ba 10, DE 08 DE MAIO DE 2019<strong><\/a>Compet\u00eancias do Juiz Diretor<\/p>\n\n\n\n<p><a href=\"https:\/\/tjba.jus.br\/portalconectainterior\/wp-content\/uploads\/2025\/07\/RESOLUCAO-No-10-DE-10-DE-JUNHO-DE-2013-Competencias-do-Juiz-Diretor.pdf\" data-type=\"link\" data-id=\"https:\/\/tjba.jus.br\/portalconectainterior\/wp-content\/uploads\/2025\/07\/RESOLUCAO-No-10-DE-10-DE-JUNHO-DE-2013-Competencias-do-Juiz-Diretor.pdf\">RESOLU\u00c7\u00c3O N\u00ba 10, DE 19 DE JUNO DE 2013<strong><\/a>Compet\u00eancias do Juiz Diretor<\/p>\n","protected":false},"excerpt":{"rendered":"<p>DECRETO JUDICI\u00c1RIO N\u00ba 244, DE 31 DE MAR\u00c7O DE 20216Normas que regem a jornada e o hor\u00e1rio de trabalho, o [&hellip;]<\/p>\n","protected":false},"author":30,"featured_media":0,"parent":11788,"menu_order":0,"comment_status":"closed","ping_status":"closed","template":"","meta":{"_acf_changed":false,"ub_ctt_via":"","footnotes":""},"class_list":["post-11799","page","type-page","status-publish","hentry"],"acf":[],"featured_image_src":null,"_links":{"self":[{"href":"https:\/\/www.tjba.jus.br\/portalconectainterior\/wp-json\/wp\/v2\/pages\/11799","targetHints":{"allow":["GET"]}}],"collection":[{"href":"https:\/\/www.tjba.jus.br\/portalconectainterior\/wp-json\/wp\/v2\/pages"}],"about":[{"href":"https:\/\/www.tjba.jus.br\/portalconectainterior\/wp-json\/wp\/v2\/types\/page"}],"author":[{"embeddable":true,"href":"https:\/\/www.tjba.jus.br\/portalconectainterior\/wp-json\/wp\/v2\/users\/30"}],"replies":[{"embeddable":true,"href":"https:\/\/www.tjba.jus.br\/portalconectainterior\/wp-json\/wp\/v2\/comments?post=11799"}],"version-history":[{"count":3,"href":"https:\/\/www.tjba.jus.br\/portalconectainterior\/wp-json\/wp\/v2\/pages\/11799\/revisions"}],"predecessor-version":[{"id":12332,"href":"https:\/\/www.tjba.jus.br\/portalconectainterior\/wp-json\/wp\/v2\/pages\/11799\/revisions\/12332"}],"up":[{"embeddable":true,"href":"https:\/\/www.tjba.jus.br\/portalconectainterior\/wp-json\/wp\/v2\/pages\/11788"}],"wp:attachment":[{"href":"https:\/\/www.tjba.jus.br\/portalconectainterior\/wp-json\/wp\/v2\/media?parent=11799"}],"curies":[{"name":"wp","href":"https:\/\/api.w.org\/{rel}","templated":true}]}}