{"id":11812,"date":"2025-07-29T12:44:11","date_gmt":"2025-07-29T15:44:11","guid":{"rendered":"https:\/\/tjba.jus.br\/portalconectainterior\/?page_id=11812"},"modified":"2025-08-13T10:30:51","modified_gmt":"2025-08-13T13:30:51","slug":"unidades-gestoras","status":"publish","type":"page","link":"https:\/\/www.tjba.jus.br\/portalconectainterior\/legislacoes\/unidades-gestoras\/","title":{"rendered":"Unidades Gestoras"},"content":{"rendered":"\n<figure class=\"wp-block-image is-resized\"><img loading=\"lazy\" decoding=\"async\" width=\"2560\" height=\"1707\" src=\"https:\/\/tjba.jus.br\/portalconectainterior\/wp-content\/uploads\/2025\/08\/ESTRATEGIA-scaled.jpg\" alt=\"\" class=\"wp-image-12024\" style=\"object-fit:cover;width:800px;height:250px\" srcset=\"https:\/\/www.tjba.jus.br\/portalconectainterior\/wp-content\/uploads\/2025\/08\/ESTRATEGIA-scaled.jpg 2560w, https:\/\/www.tjba.jus.br\/portalconectainterior\/wp-content\/uploads\/2025\/08\/ESTRATEGIA-300x200.jpg 300w, https:\/\/www.tjba.jus.br\/portalconectainterior\/wp-content\/uploads\/2025\/08\/ESTRATEGIA-1024x683.jpg 1024w, https:\/\/www.tjba.jus.br\/portalconectainterior\/wp-content\/uploads\/2025\/08\/ESTRATEGIA-768x512.jpg 768w, https:\/\/www.tjba.jus.br\/portalconectainterior\/wp-content\/uploads\/2025\/08\/ESTRATEGIA-1536x1024.jpg 1536w, https:\/\/www.tjba.jus.br\/portalconectainterior\/wp-content\/uploads\/2025\/08\/ESTRATEGIA-2048x1365.jpg 2048w\" sizes=\"auto, (max-width: 2560px) 100vw, 2560px\" \/><\/figure>\n\n\n\n<p><a href=\"https:\/\/tjba.jus.br\/portalconectainterior\/wp-content\/uploads\/2025\/07\/DECRETO-JUDICIARIO-No-258-DE-14-DE-MARCO-DE-2024-Pagamentos-a-COORF.pdf\" data-type=\"link\" data-id=\"https:\/\/tjba.jus.br\/portalconectainterior\/wp-content\/uploads\/2025\/07\/DECRETO-JUDICIARIO-No-258-DE-14-DE-MARCO-DE-2024-Pagamentos-a-COORF.pdf\">DECRETO JUDICI\u00c1RIO N\u00ba 258, DE 14 DE MAR\u00c7O DE 2024<strong><\/a>Pagamentos \u00e0 COORF<\/p>\n\n\n\n<p><a href=\"https:\/\/tjba.jus.br\/portalconectainterior\/wp-content\/uploads\/2025\/07\/DECRETO-No-802-DE-13-DE-DEZEMBRO-DE-2019-Requisicao-e-racionalizacao-de-material-de-consumo.pdf\" data-type=\"link\" data-id=\"https:\/\/tjba.jus.br\/portalconectainterior\/wp-content\/uploads\/2025\/07\/DECRETO-No-802-DE-13-DE-DEZEMBRO-DE-2019-Requisicao-e-racionalizacao-de-material-de-consumo.pdf\">DECRETO JUDICI\u00c1RIO N\u00ba 802, DE 13 DE DEZEMBRO DE 2019<strong><\/a>Disp\u00f5e sobre a ado\u00e7\u00e3o de procedimentos voltados \u00e0 racionaliza\u00e7\u00e3o do uso e requisi\u00e7\u00e3o de materiais de consumo no \u00e2mbito do Tribunal de Justi\u00e7a da Bahia<\/p>\n\n\n\n<p><a href=\"https:\/\/tjba.jus.br\/portalconectainterior\/wp-content\/uploads\/2025\/07\/Norma-AD.005-05-Regulamentacao-instalacao-atendimento-e-funcionamento-das-Unidades-Gestoras-do-Interior.pdf\" data-type=\"link\" data-id=\"https:\/\/tjba.jus.br\/portalconectainterior\/wp-content\/uploads\/2025\/07\/Norma-AD.005-05-Regulamentacao-instalacao-atendimento-e-funcionamento-das-Unidades-Gestoras-do-Interior.pdf\">Norma AD.005 05<strong><\/a>Regulamenta\u00e7\u00e3o, instala\u00e7\u00e3o, atendimento e funcionamento das Unidades Gestoras do Interior<\/p>\n","protected":false},"excerpt":{"rendered":"<p>DECRETO JUDICI\u00c1RIO N\u00ba 258, DE 14 DE MAR\u00c7O DE 2024Pagamentos \u00e0 COORF DECRETO JUDICI\u00c1RIO N\u00ba 802, DE 13 DE DEZEMBRO [&hellip;]<\/p>\n","protected":false},"author":30,"featured_media":0,"parent":11788,"menu_order":0,"comment_status":"closed","ping_status":"closed","template":"","meta":{"_acf_changed":false,"ub_ctt_via":"","footnotes":""},"class_list":["post-11812","page","type-page","status-publish","hentry"],"acf":[],"featured_image_src":null,"_links":{"self":[{"href":"https:\/\/www.tjba.jus.br\/portalconectainterior\/wp-json\/wp\/v2\/pages\/11812","targetHints":{"allow":["GET"]}}],"collection":[{"href":"https:\/\/www.tjba.jus.br\/portalconectainterior\/wp-json\/wp\/v2\/pages"}],"about":[{"href":"https:\/\/www.tjba.jus.br\/portalconectainterior\/wp-json\/wp\/v2\/types\/page"}],"author":[{"embeddable":true,"href":"https:\/\/www.tjba.jus.br\/portalconectainterior\/wp-json\/wp\/v2\/users\/30"}],"replies":[{"embeddable":true,"href":"https:\/\/www.tjba.jus.br\/portalconectainterior\/wp-json\/wp\/v2\/comments?post=11812"}],"version-history":[{"count":2,"href":"https:\/\/www.tjba.jus.br\/portalconectainterior\/wp-json\/wp\/v2\/pages\/11812\/revisions"}],"predecessor-version":[{"id":12053,"href":"https:\/\/www.tjba.jus.br\/portalconectainterior\/wp-json\/wp\/v2\/pages\/11812\/revisions\/12053"}],"up":[{"embeddable":true,"href":"https:\/\/www.tjba.jus.br\/portalconectainterior\/wp-json\/wp\/v2\/pages\/11788"}],"wp:attachment":[{"href":"https:\/\/www.tjba.jus.br\/portalconectainterior\/wp-json\/wp\/v2\/media?parent=11812"}],"curies":[{"name":"wp","href":"https:\/\/api.w.org\/{rel}","templated":true}]}}