{"id":11817,"date":"2025-07-29T12:45:51","date_gmt":"2025-07-29T15:45:51","guid":{"rendered":"https:\/\/tjba.jus.br\/portalconectainterior\/?page_id=11817"},"modified":"2026-02-27T08:53:39","modified_gmt":"2026-02-27T11:53:39","slug":"cartilhas","status":"publish","type":"page","link":"https:\/\/www.tjba.jus.br\/portalconectainterior\/legislacoes\/cartilhas\/","title":{"rendered":"Cartilhas"},"content":{"rendered":"\n<figure class=\"wp-block-image is-resized\"><img loading=\"lazy\" decoding=\"async\" width=\"2560\" height=\"1703\" src=\"https:\/\/tjba.jus.br\/portalconectainterior\/wp-content\/uploads\/2025\/08\/MANUAIS-E-CARTILHAS-scaled.jpg\" alt=\"\" class=\"wp-image-12018\" style=\"object-fit:cover;width:800px;height:250px\" srcset=\"https:\/\/www.tjba.jus.br\/portalconectainterior\/wp-content\/uploads\/2025\/08\/MANUAIS-E-CARTILHAS-scaled.jpg 2560w, https:\/\/www.tjba.jus.br\/portalconectainterior\/wp-content\/uploads\/2025\/08\/MANUAIS-E-CARTILHAS-300x200.jpg 300w, https:\/\/www.tjba.jus.br\/portalconectainterior\/wp-content\/uploads\/2025\/08\/MANUAIS-E-CARTILHAS-1024x681.jpg 1024w, https:\/\/www.tjba.jus.br\/portalconectainterior\/wp-content\/uploads\/2025\/08\/MANUAIS-E-CARTILHAS-768x511.jpg 768w, https:\/\/www.tjba.jus.br\/portalconectainterior\/wp-content\/uploads\/2025\/08\/MANUAIS-E-CARTILHAS-1536x1022.jpg 1536w, https:\/\/www.tjba.jus.br\/portalconectainterior\/wp-content\/uploads\/2025\/08\/MANUAIS-E-CARTILHAS-2048x1363.jpg 2048w\" sizes=\"auto, (max-width: 2560px) 100vw, 2560px\" \/><\/figure>\n\n\n\n<p><a href=\"https:\/\/tjba.jus.br\/portalconectainterior\/wp-content\/uploads\/2025\/07\/Cartilha-da-Prevencao-ao-Assedio-Moral-e-Sexual-V.2-_-Ano-2024-1.pdf\" data-type=\"link\" data-id=\"https:\/\/tjba.jus.br\/portalconectainterior\/wp-content\/uploads\/2025\/07\/Cartilha-da-Prevencao-ao-Assedio-Moral-e-Sexual-V.2-_-Ano-2024-1.pdf\">Cartilha da Preven\u00e7\u00e3o ao Ass\u00e9dio Moral e Sexual<\/a><\/p>\n\n\n\n<p><a href=\"https:\/\/tjba.jus.br\/portalconectainterior\/wp-content\/uploads\/2025\/07\/TJBA-SUSTENTAVEL-atualizado.pdf\" data-type=\"link\" data-id=\"https:\/\/tjba.jus.br\/portalconectainterior\/wp-content\/uploads\/2025\/07\/TJBA-SUSTENTAVEL-atualizado.pdf\">Cartilha TJBA Sustent\u00e1vel<\/a><\/p>\n\n\n\n<p><a href=\"https:\/\/tjba.jus.br\/portalconectainterior\/wp-content\/uploads\/2025\/08\/Cartilha-Manutencao-Predial_compressed.pdf\" data-type=\"link\" data-id=\"https:\/\/tjba.jus.br\/portalconectainterior\/wp-content\/uploads\/2025\/08\/Cartilha-Manutencao-Predial_compressed.pdf\">Cartilha Manuten\u00e7\u00e3o Predial<\/a><\/p>\n\n\n\n<p><a href=\"https:\/\/tjba.jus.br\/portalconectainterior\/wp-content\/uploads\/2025\/08\/CARTILHA-1.pdf\" data-type=\"link\" data-id=\"https:\/\/tjba.jus.br\/portalconectainterior\/wp-content\/uploads\/2025\/08\/CARTILHA-1.pdf\">Cartilha Ouvidoria 30 Anos<\/a><\/p>\n\n\n\n<p><a href=\"https:\/\/tjba.jus.br\/portalconectainterior\/wp-content\/uploads\/2025\/08\/manual-de-atendimento-a-pessoas-com-transtorno-do-espectro-autista-final-23-05-22.pdf\" data-type=\"link\" data-id=\"https:\/\/tjba.jus.br\/portalconectainterior\/wp-content\/uploads\/2025\/08\/manual-de-atendimento-a-pessoas-com-transtorno-do-espectro-autista-final-23-05-22.pdf\">Manual de Atendimento a Pessoas com TEA<\/a><\/p>\n\n\n\n<p><a href=\"https:\/\/www.tjba.jus.br\/portal\/wp-content\/uploads\/2018\/08\/Cartilha-Como-funciona-o-Service-Desk.pdf\" data-type=\"link\" data-id=\"https:\/\/www.tjba.jus.br\/portal\/manuais\/\">Cartilha Como Funciona o Service Desk<\/a><\/p>\n\n\n\n<p><a href=\"https:\/\/www.tjba.jus.br\/portalconectainterior\/wp-content\/uploads\/2026\/02\/Cartilha-Auxilio-Saude-Digital-1.pdf\" data-type=\"link\" data-id=\"https:\/\/www.tjba.jus.br\/portalconectainterior\/wp-content\/uploads\/2026\/02\/Cartilha-Auxilio-Saude-Digital-1.pdf\">Cartilha Aux\u00edlio Sa\u00fade Digital<\/a><\/p>\n\n\n<div class=\"wp-block-ub-divider ub_divider ub-divider-orientation-horizontal\" id=\"ub_divider_8dd3a679-5f6d-4522-b748-1f586ae0ae7e\"><div class=\"ub_divider_wrapper\" style=\"position: relative; margin-bottom: 2px; width: 100%; height: 2px; \" data-divider-alignment=\"center\"><div class=\"ub_divider_line\" style=\"border-top: 2px solid #ccc; margin-top: 2px; \"><\/div><\/div><\/div>\n\n\n<p><a href=\"https:\/\/www.tjba.jus.br\/portal\/manuais\/\" data-type=\"link\" data-id=\"https:\/\/www.tjba.jus.br\/portal\/manuais\/\">Outros Manuais<\/a><\/p>\n\n\n\n<p><\/p>\n","protected":false},"excerpt":{"rendered":"<p>Cartilha da Preven\u00e7\u00e3o ao Ass\u00e9dio Moral e Sexual Cartilha TJBA Sustent\u00e1vel Cartilha Manuten\u00e7\u00e3o Predial Cartilha Ouvidoria 30 Anos Manual de [&hellip;]<\/p>\n","protected":false},"author":30,"featured_media":0,"parent":11788,"menu_order":0,"comment_status":"closed","ping_status":"closed","template":"","meta":{"_acf_changed":false,"ub_ctt_via":"","footnotes":""},"class_list":["post-11817","page","type-page","status-publish","hentry"],"acf":[],"featured_image_src":null,"_links":{"self":[{"href":"https:\/\/www.tjba.jus.br\/portalconectainterior\/wp-json\/wp\/v2\/pages\/11817","targetHints":{"allow":["GET"]}}],"collection":[{"href":"https:\/\/www.tjba.jus.br\/portalconectainterior\/wp-json\/wp\/v2\/pages"}],"about":[{"href":"https:\/\/www.tjba.jus.br\/portalconectainterior\/wp-json\/wp\/v2\/types\/page"}],"author":[{"embeddable":true,"href":"https:\/\/www.tjba.jus.br\/portalconectainterior\/wp-json\/wp\/v2\/users\/30"}],"replies":[{"embeddable":true,"href":"https:\/\/www.tjba.jus.br\/portalconectainterior\/wp-json\/wp\/v2\/comments?post=11817"}],"version-history":[{"count":5,"href":"https:\/\/www.tjba.jus.br\/portalconectainterior\/wp-json\/wp\/v2\/pages\/11817\/revisions"}],"predecessor-version":[{"id":12364,"href":"https:\/\/www.tjba.jus.br\/portalconectainterior\/wp-json\/wp\/v2\/pages\/11817\/revisions\/12364"}],"up":[{"embeddable":true,"href":"https:\/\/www.tjba.jus.br\/portalconectainterior\/wp-json\/wp\/v2\/pages\/11788"}],"wp:attachment":[{"href":"https:\/\/www.tjba.jus.br\/portalconectainterior\/wp-json\/wp\/v2\/media?parent=11817"}],"curies":[{"name":"wp","href":"https:\/\/api.w.org\/{rel}","templated":true}]}}