{"id":11825,"date":"2025-07-30T13:45:51","date_gmt":"2025-07-30T16:45:51","guid":{"rendered":"https:\/\/tjba.jus.br\/portalconectainterior\/?page_id=11825"},"modified":"2025-08-13T10:09:30","modified_gmt":"2025-08-13T13:09:30","slug":"convenios","status":"publish","type":"page","link":"https:\/\/www.tjba.jus.br\/portalconectainterior\/convenios\/","title":{"rendered":"Conv\u00eanios"},"content":{"rendered":"\n<figure class=\"wp-block-image is-resized\"><img loading=\"lazy\" decoding=\"async\" width=\"2560\" height=\"1633\" src=\"https:\/\/tjba.jus.br\/portalconectainterior\/wp-content\/uploads\/2025\/08\/CONVENIOS-scaled.jpg\" alt=\"\" class=\"wp-image-12029\" style=\"object-fit:cover;width:800px;height:250px\" srcset=\"https:\/\/www.tjba.jus.br\/portalconectainterior\/wp-content\/uploads\/2025\/08\/CONVENIOS-scaled.jpg 2560w, https:\/\/www.tjba.jus.br\/portalconectainterior\/wp-content\/uploads\/2025\/08\/CONVENIOS-300x191.jpg 300w, https:\/\/www.tjba.jus.br\/portalconectainterior\/wp-content\/uploads\/2025\/08\/CONVENIOS-1024x653.jpg 1024w, https:\/\/www.tjba.jus.br\/portalconectainterior\/wp-content\/uploads\/2025\/08\/CONVENIOS-768x490.jpg 768w, https:\/\/www.tjba.jus.br\/portalconectainterior\/wp-content\/uploads\/2025\/08\/CONVENIOS-1536x980.jpg 1536w, https:\/\/www.tjba.jus.br\/portalconectainterior\/wp-content\/uploads\/2025\/08\/CONVENIOS-2048x1306.jpg 2048w\" sizes=\"auto, (max-width: 2560px) 100vw, 2560px\" \/><\/figure>\n\n\n\n<p>Nesta se\u00e7\u00e3o, est\u00e3o dispon\u00edveis informa\u00e7\u00f5es acerca dos termos de coopera\u00e7\u00e3o t\u00e9cnico-administrativos firmados com \u00f3rg\u00e3os e entidades para a cess\u00e3o de servidores ao Tribunal de Justi\u00e7a da Bahia. Esses instrumentos visam refor\u00e7ar a atua\u00e7\u00e3o institucional por meio de parcerias que possibilitam o compartilhamento de recursos humanos.<\/p>\n\n\n\n<p><\/p>\n","protected":false},"excerpt":{"rendered":"<p>Nesta se\u00e7\u00e3o, est\u00e3o dispon\u00edveis informa\u00e7\u00f5es acerca dos termos de coopera\u00e7\u00e3o t\u00e9cnico-administrativos firmados com \u00f3rg\u00e3os e entidades para a cess\u00e3o de [&hellip;]<\/p>\n","protected":false},"author":30,"featured_media":0,"parent":0,"menu_order":0,"comment_status":"closed","ping_status":"closed","template":"","meta":{"_acf_changed":false,"ub_ctt_via":"","footnotes":""},"class_list":["post-11825","page","type-page","status-publish","hentry"],"acf":[],"featured_image_src":null,"_links":{"self":[{"href":"https:\/\/www.tjba.jus.br\/portalconectainterior\/wp-json\/wp\/v2\/pages\/11825","targetHints":{"allow":["GET"]}}],"collection":[{"href":"https:\/\/www.tjba.jus.br\/portalconectainterior\/wp-json\/wp\/v2\/pages"}],"about":[{"href":"https:\/\/www.tjba.jus.br\/portalconectainterior\/wp-json\/wp\/v2\/types\/page"}],"author":[{"embeddable":true,"href":"https:\/\/www.tjba.jus.br\/portalconectainterior\/wp-json\/wp\/v2\/users\/30"}],"replies":[{"embeddable":true,"href":"https:\/\/www.tjba.jus.br\/portalconectainterior\/wp-json\/wp\/v2\/comments?post=11825"}],"version-history":[{"count":3,"href":"https:\/\/www.tjba.jus.br\/portalconectainterior\/wp-json\/wp\/v2\/pages\/11825\/revisions"}],"predecessor-version":[{"id":12035,"href":"https:\/\/www.tjba.jus.br\/portalconectainterior\/wp-json\/wp\/v2\/pages\/11825\/revisions\/12035"}],"wp:attachment":[{"href":"https:\/\/www.tjba.jus.br\/portalconectainterior\/wp-json\/wp\/v2\/media?parent=11825"}],"curies":[{"name":"wp","href":"https:\/\/api.w.org\/{rel}","templated":true}]}}