{"id":11830,"date":"2025-08-01T13:32:07","date_gmt":"2025-08-01T16:32:07","guid":{"rendered":"https:\/\/tjba.jus.br\/portalconectainterior\/?page_id=11830"},"modified":"2025-08-01T13:32:07","modified_gmt":"2025-08-01T16:32:07","slug":"base-legal-para-convenios","status":"publish","type":"page","link":"https:\/\/www.tjba.jus.br\/portalconectainterior\/convenios\/base-legal-para-convenios\/","title":{"rendered":"Base Legal para Conv\u00eanios"},"content":{"rendered":"\n<p><a href=\"https:\/\/tjba.jus.br\/portalconectainterior\/wp-content\/uploads\/2025\/08\/DECRETO-JUDICIARIO-244-DE-2016-Controle-de-frequencia.pdf\" data-type=\"link\" data-id=\"https:\/\/tjba.jus.br\/portalconectainterior\/wp-content\/uploads\/2025\/08\/DECRETO-JUDICIARIO-244-DE-2016-Controle-de-frequencia.pdf\">DECRETO JUDICI\u00c1RIO N\u00ba 244, DE 31 DE MAR\u00c7O DE 2016<\/a><strong>Jornada de trabalho, registro, apura\u00e7\u00e3o e controle de frequ\u00eancia dos servidores do Poder Judici\u00e1rio do Estado da Bahia<\/p>\n\n\n\n<p><a href=\"https:\/\/tjba.jus.br\/portalconectainterior\/wp-content\/uploads\/2025\/08\/DECRETO-JUDICIARIO-No-31-DE-13-DE-JANEIRO-DE-2020-Funcoes-do-Administrador-do-Forum.pdf\" data-type=\"link\" data-id=\"https:\/\/tjba.jus.br\/portalconectainterior\/wp-content\/uploads\/2025\/08\/DECRETO-JUDICIARIO-No-31-DE-13-DE-JANEIRO-DE-2020-Funcoes-do-Administrador-do-Forum.pdf\">DECRETO JUDICI\u00c1RIO N\u00ba 31, DE 13 DE JANEIRO DE 2020<\/a><strong>Regulamenta as Atribui\u00e7\u00f5es do Administrador do F\u00f3rum das comarcas do interior, no \u00e2mbito do Poder Judici\u00e1rio do Estado da Bahia.<\/p>\n\n\n\n<p><\/p>\n","protected":false},"excerpt":{"rendered":"<p>DECRETO JUDICI\u00c1RIO N\u00ba 244, DE 31 DE MAR\u00c7O DE 2016Jornada de trabalho, registro, apura\u00e7\u00e3o e controle de frequ\u00eancia dos servidores [&hellip;]<\/p>\n","protected":false},"author":30,"featured_media":0,"parent":11825,"menu_order":0,"comment_status":"closed","ping_status":"closed","template":"","meta":{"_acf_changed":false,"ub_ctt_via":"","footnotes":""},"class_list":["post-11830","page","type-page","status-publish","hentry"],"acf":[],"featured_image_src":null,"_links":{"self":[{"href":"https:\/\/www.tjba.jus.br\/portalconectainterior\/wp-json\/wp\/v2\/pages\/11830","targetHints":{"allow":["GET"]}}],"collection":[{"href":"https:\/\/www.tjba.jus.br\/portalconectainterior\/wp-json\/wp\/v2\/pages"}],"about":[{"href":"https:\/\/www.tjba.jus.br\/portalconectainterior\/wp-json\/wp\/v2\/types\/page"}],"author":[{"embeddable":true,"href":"https:\/\/www.tjba.jus.br\/portalconectainterior\/wp-json\/wp\/v2\/users\/30"}],"replies":[{"embeddable":true,"href":"https:\/\/www.tjba.jus.br\/portalconectainterior\/wp-json\/wp\/v2\/comments?post=11830"}],"version-history":[{"count":1,"href":"https:\/\/www.tjba.jus.br\/portalconectainterior\/wp-json\/wp\/v2\/pages\/11830\/revisions"}],"predecessor-version":[{"id":11836,"href":"https:\/\/www.tjba.jus.br\/portalconectainterior\/wp-json\/wp\/v2\/pages\/11830\/revisions\/11836"}],"up":[{"embeddable":true,"href":"https:\/\/www.tjba.jus.br\/portalconectainterior\/wp-json\/wp\/v2\/pages\/11825"}],"wp:attachment":[{"href":"https:\/\/www.tjba.jus.br\/portalconectainterior\/wp-json\/wp\/v2\/media?parent=11830"}],"curies":[{"name":"wp","href":"https:\/\/api.w.org\/{rel}","templated":true}]}}