{"id":11837,"date":"2025-08-01T13:33:32","date_gmt":"2025-08-01T16:33:32","guid":{"rendered":"https:\/\/tjba.jus.br\/portalconectainterior\/?page_id=11837"},"modified":"2025-08-13T10:23:37","modified_gmt":"2025-08-13T13:23:37","slug":"funcoes-e-atribuicoes-do-fiscal","status":"publish","type":"page","link":"https:\/\/www.tjba.jus.br\/portalconectainterior\/convenios\/funcoes-e-atribuicoes-do-fiscal\/","title":{"rendered":"Fun\u00e7\u00f5es e atribui\u00e7\u00f5es do Fiscal"},"content":{"rendered":"\n<figure class=\"wp-block-image is-resized\"><img loading=\"lazy\" decoding=\"async\" width=\"2048\" height=\"2560\" src=\"https:\/\/tjba.jus.br\/portalconectainterior\/wp-content\/uploads\/2025\/08\/FISCALIZACAO-scaled.jpg\" alt=\"\" class=\"wp-image-12023\" style=\"object-fit:cover;width:800px;height:250px\" srcset=\"https:\/\/www.tjba.jus.br\/portalconectainterior\/wp-content\/uploads\/2025\/08\/FISCALIZACAO-scaled.jpg 2048w, https:\/\/www.tjba.jus.br\/portalconectainterior\/wp-content\/uploads\/2025\/08\/FISCALIZACAO-240x300.jpg 240w, https:\/\/www.tjba.jus.br\/portalconectainterior\/wp-content\/uploads\/2025\/08\/FISCALIZACAO-819x1024.jpg 819w, https:\/\/www.tjba.jus.br\/portalconectainterior\/wp-content\/uploads\/2025\/08\/FISCALIZACAO-768x960.jpg 768w, https:\/\/www.tjba.jus.br\/portalconectainterior\/wp-content\/uploads\/2025\/08\/FISCALIZACAO-1229x1536.jpg 1229w, https:\/\/www.tjba.jus.br\/portalconectainterior\/wp-content\/uploads\/2025\/08\/FISCALIZACAO-1638x2048.jpg 1638w\" sizes=\"auto, (max-width: 2048px) 100vw, 2048px\" \/><\/figure>\n\n\n\n<p>A fun\u00e7\u00e3o e atribui\u00e7\u00f5es do Fiscal de Conv\u00eanio s\u00e3o:<\/p>\n\n\n\n<ol class=\"wp-block-list\">\n<li>Controlar as frequ\u00eancias dentro do F\u00f3rum;<\/li>\n\n\n\n<li>Identificar os colaboradores atrav\u00e9s de crach\u00e1s;<\/li>\n\n\n\n<li>Solicitar a renova\u00e7\u00e3o antes do prazo de expira\u00e7\u00e3o (<strong>90 dias<\/strong>);<\/li>\n\n\n\n<li>Aditar o processo de acordo com o aumento ou diminui\u00e7\u00e3o de servidores cedidos;<\/li>\n\n\n\n<li>Observar as condi\u00e7\u00f5es de ambientes onde os servidores cedidos estiverem atuando, como recep\u00e7\u00e3o, portaria e telefonista;<\/li>\n\n\n\n<li>Comunicar \u00e0 CDESC quando a comarca devolver os servidores cedidos ou quando estes retornarem ao \u00f3rg\u00e3o de origem a pedido do gestor municipal;<\/li>\n\n\n\n<li>Permutar com o \u00f3rg\u00e3o de origem servidor que n\u00e3o se adaptou aos servi\u00e7os do F\u00f3rum e dar conhecimento ao Juiz Diretor;<\/li>\n\n\n\n<li>C\u00f3digo de \u00c9tica \u2013 orientar todos os funcion\u00e1rios cedidos por outros \u00f3rg\u00e3os e estagi\u00e1rios acerca dos princ\u00edpios e as normas elencadas em seu Art. 2\u00ba, \u00a7 1\u00b0;<\/li>\n\n\n\n<li>Em caso de faltas ou impedimentos, o Fiscal de Conv\u00eanio deve orientar o substitu\u00eddo designado pelo Juiz.<\/li>\n<\/ol>\n\n\n\n<p><a href=\"https:\/\/tjba.jus.br\/portalconectainterior\/wp-content\/uploads\/2025\/08\/Funcoes-e-Atribuicoes-do-Fiscal-de-Convenio.pdf\" data-type=\"link\" data-id=\"https:\/\/tjba.jus.br\/portalconectainterior\/wp-content\/uploads\/2025\/08\/Funcoes-e-Atribuicoes-do-Fiscal-de-Convenio.pdf\">Download das fun\u00e7\u00f5es e atribui\u00e7\u00f5es<\/a><\/p>\n\n\n\n<p><\/p>\n","protected":false},"excerpt":{"rendered":"<p>A fun\u00e7\u00e3o e atribui\u00e7\u00f5es do Fiscal de Conv\u00eanio s\u00e3o: Download das fun\u00e7\u00f5es e atribui\u00e7\u00f5es<\/p>\n","protected":false},"author":30,"featured_media":0,"parent":11825,"menu_order":0,"comment_status":"closed","ping_status":"closed","template":"","meta":{"_acf_changed":false,"ub_ctt_via":"","footnotes":""},"class_list":["post-11837","page","type-page","status-publish","hentry"],"acf":[],"featured_image_src":null,"_links":{"self":[{"href":"https:\/\/www.tjba.jus.br\/portalconectainterior\/wp-json\/wp\/v2\/pages\/11837","targetHints":{"allow":["GET"]}}],"collection":[{"href":"https:\/\/www.tjba.jus.br\/portalconectainterior\/wp-json\/wp\/v2\/pages"}],"about":[{"href":"https:\/\/www.tjba.jus.br\/portalconectainterior\/wp-json\/wp\/v2\/types\/page"}],"author":[{"embeddable":true,"href":"https:\/\/www.tjba.jus.br\/portalconectainterior\/wp-json\/wp\/v2\/users\/30"}],"replies":[{"embeddable":true,"href":"https:\/\/www.tjba.jus.br\/portalconectainterior\/wp-json\/wp\/v2\/comments?post=11837"}],"version-history":[{"count":3,"href":"https:\/\/www.tjba.jus.br\/portalconectainterior\/wp-json\/wp\/v2\/pages\/11837\/revisions"}],"predecessor-version":[{"id":12048,"href":"https:\/\/www.tjba.jus.br\/portalconectainterior\/wp-json\/wp\/v2\/pages\/11837\/revisions\/12048"}],"up":[{"embeddable":true,"href":"https:\/\/www.tjba.jus.br\/portalconectainterior\/wp-json\/wp\/v2\/pages\/11825"}],"wp:attachment":[{"href":"https:\/\/www.tjba.jus.br\/portalconectainterior\/wp-json\/wp\/v2\/media?parent=11837"}],"curies":[{"name":"wp","href":"https:\/\/api.w.org\/{rel}","templated":true}]}}