{"id":11839,"date":"2025-08-01T13:38:37","date_gmt":"2025-08-01T16:38:37","guid":{"rendered":"https:\/\/tjba.jus.br\/portalconectainterior\/?page_id=11839"},"modified":"2026-02-20T13:54:07","modified_gmt":"2026-02-20T16:54:07","slug":"formularios-para-convenios","status":"publish","type":"page","link":"https:\/\/www.tjba.jus.br\/portalconectainterior\/convenios\/formularios-para-convenios\/","title":{"rendered":"Formul\u00e1rios para conv\u00eanios"},"content":{"rendered":"\n<p><a href=\"https:\/\/www.tjba.jus.br\/portalconectainterior\/wp-content\/uploads\/2026\/02\/Lista-de-documentos-atualizadas-para-firmar-Convenio-novo.odt\" data-type=\"link\" data-id=\"https:\/\/www.tjba.jus.br\/portalconectainterior\/wp-content\/uploads\/2026\/02\/Lista-de-documentos-atualizadas-para-firmar-Convenio-novo.odt\">Lista de Documentos atualizada para firmar conv\u00eanios<\/a><\/p>\n\n\n\n<p><a href=\"https:\/\/www.tjba.jus.br\/portalconectainterior\/wp-content\/uploads\/2026\/02\/Modelo-da-Declaracao-para-Convenio.odt\" data-type=\"link\" data-id=\"https:\/\/www.tjba.jus.br\/portalconectainterior\/wp-content\/uploads\/2026\/02\/Modelo-da-Declaracao-para-Convenio.odt\">Modelo da declara\u00e7\u00e3o para conv\u00eanios<\/a><\/p>\n\n\n\n<p>Plano de trabalho para conv\u00eanios (<a href=\"https:\/\/tjba.jus.br\/portalconectainterior\/wp-content\/uploads\/2025\/08\/Plano-de-Trabalho-para-Convenio-Formato-ODT-1.odt\" data-type=\"link\" data-id=\"https:\/\/tjba.jus.br\/portalconectainterior\/wp-content\/uploads\/2025\/08\/Plano-de-Trabalho-para-Convenio-Formato-ODT-1.odt\">formato .odt<\/a>) (<a href=\"https:\/\/tjba.jus.br\/portalconectainterior\/wp-content\/uploads\/2025\/08\/Plano-de-Trabalho-para-Convenio-Formato-PDF.pdf\" data-type=\"link\" data-id=\"https:\/\/tjba.jus.br\/portalconectainterior\/wp-content\/uploads\/2025\/08\/Plano-de-Trabalho-para-Convenio-Formato-PDF.pdf\">formato .pdf<\/a>)<\/p>\n\n\n\n<p><\/p>\n","protected":false},"excerpt":{"rendered":"<p>Lista de Documentos atualizada para firmar conv\u00eanios Modelo da declara\u00e7\u00e3o para conv\u00eanios Plano de trabalho para conv\u00eanios (formato .odt) (formato [&hellip;]<\/p>\n","protected":false},"author":30,"featured_media":0,"parent":11825,"menu_order":0,"comment_status":"closed","ping_status":"closed","template":"","meta":{"_acf_changed":false,"ub_ctt_via":"","footnotes":""},"class_list":["post-11839","page","type-page","status-publish","hentry"],"acf":[],"featured_image_src":null,"_links":{"self":[{"href":"https:\/\/www.tjba.jus.br\/portalconectainterior\/wp-json\/wp\/v2\/pages\/11839","targetHints":{"allow":["GET"]}}],"collection":[{"href":"https:\/\/www.tjba.jus.br\/portalconectainterior\/wp-json\/wp\/v2\/pages"}],"about":[{"href":"https:\/\/www.tjba.jus.br\/portalconectainterior\/wp-json\/wp\/v2\/types\/page"}],"author":[{"embeddable":true,"href":"https:\/\/www.tjba.jus.br\/portalconectainterior\/wp-json\/wp\/v2\/users\/30"}],"replies":[{"embeddable":true,"href":"https:\/\/www.tjba.jus.br\/portalconectainterior\/wp-json\/wp\/v2\/comments?post=11839"}],"version-history":[{"count":4,"href":"https:\/\/www.tjba.jus.br\/portalconectainterior\/wp-json\/wp\/v2\/pages\/11839\/revisions"}],"predecessor-version":[{"id":12357,"href":"https:\/\/www.tjba.jus.br\/portalconectainterior\/wp-json\/wp\/v2\/pages\/11839\/revisions\/12357"}],"up":[{"embeddable":true,"href":"https:\/\/www.tjba.jus.br\/portalconectainterior\/wp-json\/wp\/v2\/pages\/11825"}],"wp:attachment":[{"href":"https:\/\/www.tjba.jus.br\/portalconectainterior\/wp-json\/wp\/v2\/media?parent=11839"}],"curies":[{"name":"wp","href":"https:\/\/api.w.org\/{rel}","templated":true}]}}