{"id":11853,"date":"2025-08-04T13:37:28","date_gmt":"2025-08-04T16:37:28","guid":{"rendered":"https:\/\/tjba.jus.br\/portalconectainterior\/?page_id=11853"},"modified":"2025-08-04T13:42:29","modified_gmt":"2025-08-04T16:42:29","slug":"documentacoes","status":"publish","type":"page","link":"https:\/\/www.tjba.jus.br\/portalconectainterior\/adiantamento\/documentacoes\/","title":{"rendered":"Documenta\u00e7\u00f5es para Adiantamento"},"content":{"rendered":"\n<p><a href=\"https:\/\/tjba.jus.br\/portalconectainterior\/wp-content\/uploads\/2025\/08\/Oficio-SOLICITACAO-CARTAO-CORPORATIVO-6-.doc\" data-type=\"link\" data-id=\"https:\/\/tjba.jus.br\/portalconectainterior\/wp-content\/uploads\/2025\/08\/Oficio-SOLICITACAO-CARTAO-CORPORATIVO-6-.doc\">Of\u00edcio &#8211; Solicita\u00e7\u00e3o de cart\u00e3o Corporativo<\/a><\/p>\n\n\n\n<p><a href=\"https:\/\/tjba.jus.br\/portalconectainterior\/wp-content\/uploads\/2025\/08\/Oficio-SOLICITACAO-ADIANTAMENTO-CARTAO.doc\" data-type=\"link\" data-id=\"https:\/\/tjba.jus.br\/portalconectainterior\/wp-content\/uploads\/2025\/08\/Oficio-SOLICITACAO-ADIANTAMENTO-CARTAO.doc\">Of\u00edcio &#8211; Solicita\u00e7\u00e3o de adiantamento cart\u00e3o<\/a><\/p>\n\n\n\n<p><a href=\"https:\/\/tjba.jus.br\/portalconectainterior\/wp-content\/uploads\/2025\/08\/Recibo-de-prestacao-de-servicos-2019.doc\" data-type=\"link\" data-id=\"https:\/\/tjba.jus.br\/portalconectainterior\/wp-content\/uploads\/2025\/08\/Recibo-de-prestacao-de-servicos-2019.doc\">Recibo de Presta\u00e7\u00e3o de Servi\u00e7os <\/a><\/p>\n\n\n\n<p><a href=\"https:\/\/tjba.jus.br\/portalconectainterior\/wp-content\/uploads\/2025\/08\/Formulario-de-CA-preenchimento-1.xls\" data-type=\"link\" data-id=\"https:\/\/tjba.jus.br\/portalconectainterior\/wp-content\/uploads\/2025\/08\/Formulario-de-CA-preenchimento-1.xls\">Formul\u00e1rio de Cart\u00e3o Corporativo<\/a><\/p>\n","protected":false},"excerpt":{"rendered":"<p>Of\u00edcio &#8211; Solicita\u00e7\u00e3o de cart\u00e3o Corporativo Of\u00edcio &#8211; Solicita\u00e7\u00e3o de adiantamento cart\u00e3o Recibo de Presta\u00e7\u00e3o de Servi\u00e7os Formul\u00e1rio de Cart\u00e3o [&hellip;]<\/p>\n","protected":false},"author":30,"featured_media":0,"parent":11849,"menu_order":0,"comment_status":"closed","ping_status":"closed","template":"","meta":{"_acf_changed":false,"ub_ctt_via":"","footnotes":""},"class_list":["post-11853","page","type-page","status-publish","hentry"],"acf":[],"featured_image_src":null,"_links":{"self":[{"href":"https:\/\/www.tjba.jus.br\/portalconectainterior\/wp-json\/wp\/v2\/pages\/11853","targetHints":{"allow":["GET"]}}],"collection":[{"href":"https:\/\/www.tjba.jus.br\/portalconectainterior\/wp-json\/wp\/v2\/pages"}],"about":[{"href":"https:\/\/www.tjba.jus.br\/portalconectainterior\/wp-json\/wp\/v2\/types\/page"}],"author":[{"embeddable":true,"href":"https:\/\/www.tjba.jus.br\/portalconectainterior\/wp-json\/wp\/v2\/users\/30"}],"replies":[{"embeddable":true,"href":"https:\/\/www.tjba.jus.br\/portalconectainterior\/wp-json\/wp\/v2\/comments?post=11853"}],"version-history":[{"count":3,"href":"https:\/\/www.tjba.jus.br\/portalconectainterior\/wp-json\/wp\/v2\/pages\/11853\/revisions"}],"predecessor-version":[{"id":11866,"href":"https:\/\/www.tjba.jus.br\/portalconectainterior\/wp-json\/wp\/v2\/pages\/11853\/revisions\/11866"}],"up":[{"embeddable":true,"href":"https:\/\/www.tjba.jus.br\/portalconectainterior\/wp-json\/wp\/v2\/pages\/11849"}],"wp:attachment":[{"href":"https:\/\/www.tjba.jus.br\/portalconectainterior\/wp-json\/wp\/v2\/media?parent=11853"}],"curies":[{"name":"wp","href":"https:\/\/api.w.org\/{rel}","templated":true}]}}