{"id":11908,"date":"2025-08-06T13:09:15","date_gmt":"2025-08-06T16:09:15","guid":{"rendered":"https:\/\/tjba.jus.br\/portalconectainterior\/?page_id=11908"},"modified":"2025-12-02T14:07:33","modified_gmt":"2025-12-02T17:07:33","slug":"prestacao-de-contas-2025","status":"publish","type":"page","link":"https:\/\/www.tjba.jus.br\/portalconectainterior\/prestacao-de-contas-2025\/","title":{"rendered":"Presta\u00e7\u00e3o de Contas 2025"},"content":{"rendered":"\n<figure class=\"wp-block-image is-resized\"><img loading=\"lazy\" decoding=\"async\" width=\"2560\" height=\"1709\" src=\"https:\/\/tjba.jus.br\/portalconectainterior\/wp-content\/uploads\/2025\/08\/FINANCEIRO-scaled.jpg\" alt=\"\" class=\"wp-image-12025\" style=\"object-fit:cover;width:800px;height:250px\" srcset=\"https:\/\/www.tjba.jus.br\/portalconectainterior\/wp-content\/uploads\/2025\/08\/FINANCEIRO-scaled.jpg 2560w, https:\/\/www.tjba.jus.br\/portalconectainterior\/wp-content\/uploads\/2025\/08\/FINANCEIRO-300x200.jpg 300w, https:\/\/www.tjba.jus.br\/portalconectainterior\/wp-content\/uploads\/2025\/08\/FINANCEIRO-1024x684.jpg 1024w, https:\/\/www.tjba.jus.br\/portalconectainterior\/wp-content\/uploads\/2025\/08\/FINANCEIRO-768x513.jpg 768w, https:\/\/www.tjba.jus.br\/portalconectainterior\/wp-content\/uploads\/2025\/08\/FINANCEIRO-1536x1025.jpg 1536w, https:\/\/www.tjba.jus.br\/portalconectainterior\/wp-content\/uploads\/2025\/08\/FINANCEIRO-2048x1367.jpg 2048w\" sizes=\"auto, (max-width: 2560px) 100vw, 2560px\" \/><\/figure>\n\n\n\n<p>A presta\u00e7\u00e3o de contas \u00e9 um compromisso fundamental com a transpar\u00eancia e a boa gest\u00e3o administrativa. Nosso objetivo \u00e9 assegurar que todos os recursos sejam aplicados de forma respons\u00e1vel, eficiente e alinhada \u00e0s normas legais.<\/p>\n\n\n\n<p><a href=\"https:\/\/www.tjba.jus.br\/portalconectainterior\/wp-content\/uploads\/2025\/12\/INSTRUCOES-GERAIS-Prestacao-de-Contas.pdf\" data-type=\"link\" data-id=\"https:\/\/www.tjba.jus.br\/portalconectainterior\/wp-content\/uploads\/2025\/12\/INSTRUCOES-GERAIS-Prestacao-de-Contas.pdf\">Instru\u00e7\u00f5es Gerais<\/a><\/p>\n\n\n\n<p>Planilhas da Presta\u00e7\u00e3o de Contas (<a href=\"https:\/\/www.tjba.jus.br\/portalconectainterior\/wp-content\/uploads\/2025\/12\/Planilhas-unidas-para-envio-as-UGs-Excel.xlsx\" data-type=\"link\" data-id=\"https:\/\/www.tjba.jus.br\/portalconectainterior\/wp-content\/uploads\/2025\/12\/Planilhas-unidas-para-envio-as-UGs-Excel.xlsx\">Excel<\/a>) (<a href=\"https:\/\/www.tjba.jus.br\/portalconectainterior\/wp-content\/uploads\/2025\/12\/Planilhas-unidas-para-envio-as-UGs-Libreoffice.xls\" data-type=\"link\" data-id=\"https:\/\/www.tjba.jus.br\/portalconectainterior\/wp-content\/uploads\/2025\/12\/Planilhas-unidas-para-envio-as-UGs-Libreoffice.xls\">Libreoffice<\/a>)<\/p>\n\n\n\n<p><a href=\"https:\/\/www.tjba.jus.br\/portalconectainterior\/wp-content\/uploads\/2025\/12\/ANEXO_UNICO_TABELA_SUBELEMENTOS.pdf\" data-type=\"link\" data-id=\"https:\/\/www.tjba.jus.br\/portalconectainterior\/wp-content\/uploads\/2025\/12\/ANEXO_UNICO_TABELA_SUBELEMENTOS.pdf\">Tabela de Subelementos<\/a><\/p>\n\n\n\n<p><a href=\"https:\/\/www.tjba.jus.br\/portalconectainterior\/wp-content\/uploads\/2025\/12\/Fundamento-Legal-Exemplos-de-obras-e-servicos-de-engenharia.pdf\" data-type=\"link\" data-id=\"https:\/\/www.tjba.jus.br\/portalconectainterior\/wp-content\/uploads\/2025\/12\/Fundamento-Legal-Exemplos-de-obras-e-servicos-de-engenharia.pdf\">Fundamento Legal &#8211; Obras e Servi\u00e7os de Engenharia<\/a><\/p>\n\n\n\n<p><a href=\"https:\/\/tjbacotec-my.sharepoint.com\/personal\/mssmachado_tjba_jus_br\/_layouts\/15\/stream.aspx?id=%2Fpersonal%2Fmssmachado%5Ftjba%5Fjus%5Fbr%2FDocuments%2FGrava%C3%A7%C3%B5es%2FTurma%2001%20%2D%20PC%202025%2D20251128%5F093640%2DGrava%C3%A7%C3%A3o%20de%20Reuni%C3%A3o%2FExports%2FPresta%C3%A7%C3%A3o%20de%20contas%202025%2Emp4&amp;referrer=StreamWebApp%2EWeb&amp;referrerScenario=AddressBarCopied%2Eview%2E5d605b29%2Db3fc%2D4e48%2Da1d7%2Da33d06d9ad7b\" data-type=\"link\" data-id=\"https:\/\/tjbacotec-my.sharepoint.com\/personal\/mssmachado_tjba_jus_br\/_layouts\/15\/stream.aspx?id=%2Fpersonal%2Fmssmachado%5Ftjba%5Fjus%5Fbr%2FDocuments%2FGrava%C3%A7%C3%B5es%2FTurma%2001%20%2D%20PC%202025%2D20251128%5F093640%2DGrava%C3%A7%C3%A3o%20de%20Reuni%C3%A3o%2FExports%2FPresta%C3%A7%C3%A3o%20de%20contas%202025%2Emp4&amp;referrer=StreamWebApp%2EWeb&amp;referrerScenario=AddressBarCopied%2Eview%2E5d605b29%2Db3fc%2D4e48%2Da1d7%2Da33d06d9ad7b\">V\u00eddeo do Treinamento<\/a><\/p>\n","protected":false},"excerpt":{"rendered":"<p>A presta\u00e7\u00e3o de contas \u00e9 um compromisso fundamental com a transpar\u00eancia e a boa gest\u00e3o administrativa. Nosso objetivo \u00e9 assegurar [&hellip;]<\/p>\n","protected":false},"author":30,"featured_media":0,"parent":0,"menu_order":0,"comment_status":"closed","ping_status":"closed","template":"","meta":{"_acf_changed":false,"footnotes":""},"class_list":["post-11908","page","type-page","status-publish","hentry"],"acf":[],"featured_image_src":null,"_links":{"self":[{"href":"https:\/\/www.tjba.jus.br\/portalconectainterior\/wp-json\/wp\/v2\/pages\/11908","targetHints":{"allow":["GET"]}}],"collection":[{"href":"https:\/\/www.tjba.jus.br\/portalconectainterior\/wp-json\/wp\/v2\/pages"}],"about":[{"href":"https:\/\/www.tjba.jus.br\/portalconectainterior\/wp-json\/wp\/v2\/types\/page"}],"author":[{"embeddable":true,"href":"https:\/\/www.tjba.jus.br\/portalconectainterior\/wp-json\/wp\/v2\/users\/30"}],"replies":[{"embeddable":true,"href":"https:\/\/www.tjba.jus.br\/portalconectainterior\/wp-json\/wp\/v2\/comments?post=11908"}],"version-history":[{"count":6,"href":"https:\/\/www.tjba.jus.br\/portalconectainterior\/wp-json\/wp\/v2\/pages\/11908\/revisions"}],"predecessor-version":[{"id":12324,"href":"https:\/\/www.tjba.jus.br\/portalconectainterior\/wp-json\/wp\/v2\/pages\/11908\/revisions\/12324"}],"wp:attachment":[{"href":"https:\/\/www.tjba.jus.br\/portalconectainterior\/wp-json\/wp\/v2\/media?parent=11908"}],"curies":[{"name":"wp","href":"https:\/\/api.w.org\/{rel}","templated":true}]}}