{"id":11911,"date":"2025-08-06T13:12:21","date_gmt":"2025-08-06T16:12:21","guid":{"rendered":"https:\/\/tjba.jus.br\/portalconectainterior\/?page_id=11911"},"modified":"2025-09-03T13:02:57","modified_gmt":"2025-09-03T16:02:57","slug":"capacitacoes","status":"publish","type":"page","link":"https:\/\/www.tjba.jus.br\/portalconectainterior\/capacitacoes\/","title":{"rendered":"Manuais"},"content":{"rendered":"\n<figure class=\"wp-block-image is-resized\"><img loading=\"lazy\" decoding=\"async\" width=\"2560\" height=\"1097\" src=\"https:\/\/tjba.jus.br\/portalconectainterior\/wp-content\/uploads\/2025\/08\/CURSOS-E-CAPACITACOES-scaled.jpeg\" alt=\"\" class=\"wp-image-12027\" style=\"object-fit:cover;width:800px;height:250px\" srcset=\"https:\/\/www.tjba.jus.br\/portalconectainterior\/wp-content\/uploads\/2025\/08\/CURSOS-E-CAPACITACOES-scaled.jpeg 2560w, https:\/\/www.tjba.jus.br\/portalconectainterior\/wp-content\/uploads\/2025\/08\/CURSOS-E-CAPACITACOES-300x129.jpeg 300w, https:\/\/www.tjba.jus.br\/portalconectainterior\/wp-content\/uploads\/2025\/08\/CURSOS-E-CAPACITACOES-1024x439.jpeg 1024w, https:\/\/www.tjba.jus.br\/portalconectainterior\/wp-content\/uploads\/2025\/08\/CURSOS-E-CAPACITACOES-768x329.jpeg 768w, https:\/\/www.tjba.jus.br\/portalconectainterior\/wp-content\/uploads\/2025\/08\/CURSOS-E-CAPACITACOES-1536x658.jpeg 1536w, https:\/\/www.tjba.jus.br\/portalconectainterior\/wp-content\/uploads\/2025\/08\/CURSOS-E-CAPACITACOES-2048x878.jpeg 2048w\" sizes=\"auto, (max-width: 2560px) 100vw, 2560px\" \/><\/figure>\n\n\n\n<p>Esta se\u00e7\u00e3o apresenta manuais com orienta\u00e7\u00f5es pr\u00e1ticas para o desempenho das atividades administrativas e t\u00e9cnicas. S\u00e3o materiais de refer\u00eancia que re\u00fanem procedimentos, fluxos e instru\u00e7\u00f5es padronizadas, facilitando a execu\u00e7\u00e3o das rotinas e garantindo maior uniformidade nos processos.<\/p>\n\n\n\n<p><\/p>\n","protected":false},"excerpt":{"rendered":"<p>Esta se\u00e7\u00e3o apresenta manuais com orienta\u00e7\u00f5es pr\u00e1ticas para o desempenho das atividades administrativas e t\u00e9cnicas. S\u00e3o materiais de refer\u00eancia que [&hellip;]<\/p>\n","protected":false},"author":30,"featured_media":0,"parent":0,"menu_order":0,"comment_status":"closed","ping_status":"closed","template":"","meta":{"_acf_changed":false,"ub_ctt_via":"","footnotes":""},"class_list":["post-11911","page","type-page","status-publish","hentry"],"acf":[],"featured_image_src":null,"_links":{"self":[{"href":"https:\/\/www.tjba.jus.br\/portalconectainterior\/wp-json\/wp\/v2\/pages\/11911","targetHints":{"allow":["GET"]}}],"collection":[{"href":"https:\/\/www.tjba.jus.br\/portalconectainterior\/wp-json\/wp\/v2\/pages"}],"about":[{"href":"https:\/\/www.tjba.jus.br\/portalconectainterior\/wp-json\/wp\/v2\/types\/page"}],"author":[{"embeddable":true,"href":"https:\/\/www.tjba.jus.br\/portalconectainterior\/wp-json\/wp\/v2\/users\/30"}],"replies":[{"embeddable":true,"href":"https:\/\/www.tjba.jus.br\/portalconectainterior\/wp-json\/wp\/v2\/comments?post=11911"}],"version-history":[{"count":4,"href":"https:\/\/www.tjba.jus.br\/portalconectainterior\/wp-json\/wp\/v2\/pages\/11911\/revisions"}],"predecessor-version":[{"id":12172,"href":"https:\/\/www.tjba.jus.br\/portalconectainterior\/wp-json\/wp\/v2\/pages\/11911\/revisions\/12172"}],"wp:attachment":[{"href":"https:\/\/www.tjba.jus.br\/portalconectainterior\/wp-json\/wp\/v2\/media?parent=11911"}],"curies":[{"name":"wp","href":"https:\/\/api.w.org\/{rel}","templated":true}]}}