{"id":11913,"date":"2025-08-06T13:13:06","date_gmt":"2025-08-06T16:13:06","guid":{"rendered":"https:\/\/tjba.jus.br\/portalconectainterior\/?page_id=11913"},"modified":"2025-09-03T13:08:05","modified_gmt":"2025-09-03T16:08:05","slug":"cursos","status":"publish","type":"page","link":"https:\/\/www.tjba.jus.br\/portalconectainterior\/cursos\/","title":{"rendered":"Cursos"},"content":{"rendered":"\n<figure class=\"wp-block-image is-resized\"><img loading=\"lazy\" decoding=\"async\" width=\"2560\" height=\"1097\" src=\"https:\/\/tjba.jus.br\/portalconectainterior\/wp-content\/uploads\/2025\/08\/CURSOS-E-CAPACITACOES-scaled.jpeg\" alt=\"\" class=\"wp-image-12027\" style=\"aspect-ratio:3.2;object-fit:cover;width:800px;height:auto\" srcset=\"https:\/\/www.tjba.jus.br\/portalconectainterior\/wp-content\/uploads\/2025\/08\/CURSOS-E-CAPACITACOES-scaled.jpeg 2560w, https:\/\/www.tjba.jus.br\/portalconectainterior\/wp-content\/uploads\/2025\/08\/CURSOS-E-CAPACITACOES-300x129.jpeg 300w, https:\/\/www.tjba.jus.br\/portalconectainterior\/wp-content\/uploads\/2025\/08\/CURSOS-E-CAPACITACOES-1024x439.jpeg 1024w, https:\/\/www.tjba.jus.br\/portalconectainterior\/wp-content\/uploads\/2025\/08\/CURSOS-E-CAPACITACOES-768x329.jpeg 768w, https:\/\/www.tjba.jus.br\/portalconectainterior\/wp-content\/uploads\/2025\/08\/CURSOS-E-CAPACITACOES-1536x658.jpeg 1536w, https:\/\/www.tjba.jus.br\/portalconectainterior\/wp-content\/uploads\/2025\/08\/CURSOS-E-CAPACITACOES-2048x878.jpeg 2048w\" sizes=\"auto, (max-width: 2560px) 100vw, 2560px\" \/><\/figure>\n\n\n\n<p>Esta se\u00e7\u00e3o disponibiliza cursos voltados ao desenvolvimento e aperfei\u00e7oamento profissional dos servidores. O objetivo \u00e9 oferecer oportunidades de atualiza\u00e7\u00e3o cont\u00ednua, fortalecendo compet\u00eancias t\u00e9cnicas e alinhando a atua\u00e7\u00e3o \u00e0s diretrizes do Tribunal de Justi\u00e7a da Bahia.<\/p>\n\n\n\n<p><a href=\"http:\/\/unicorp.tjba.jus.br\/unicorp\/\" data-type=\"link\" data-id=\"http:\/\/unicorp.tjba.jus.br\/unicorp\/\">Portal da Unicorp<\/a><\/p>\n\n\n<div class=\"wp-block-ub-divider ub_divider ub-divider-orientation-horizontal\" id=\"ub_divider_191905d6-188d-4c4c-bebd-7a66ae0fc86e\"><div class=\"ub_divider_wrapper\" style=\"position: relative; margin-bottom: 2px; width: 100%; height: 2px; \" data-divider-alignment=\"center\"><div class=\"ub_divider_line\" style=\"border-top: 2px solid #ccc; margin-top: 2px; \"><\/div><\/div><\/div>\n\n\n<div class=\"wp-block-media-text is-stacked-on-mobile is-image-fill-element\" style=\"grid-template-columns:28% auto\"><figure class=\"wp-block-media-text__media\"><img loading=\"lazy\" decoding=\"async\" width=\"1024\" height=\"452\" src=\"https:\/\/tjba.jus.br\/portalconectainterior\/wp-content\/uploads\/2025\/08\/banner-3-copia-1-1024x452.png\" alt=\"\" class=\"wp-image-12080 size-full\" style=\"object-position:49% 48%\" srcset=\"https:\/\/www.tjba.jus.br\/portalconectainterior\/wp-content\/uploads\/2025\/08\/banner-3-copia-1-1024x452.png 1024w, https:\/\/www.tjba.jus.br\/portalconectainterior\/wp-content\/uploads\/2025\/08\/banner-3-copia-1-300x132.png 300w, https:\/\/www.tjba.jus.br\/portalconectainterior\/wp-content\/uploads\/2025\/08\/banner-3-copia-1-768x339.png 768w, https:\/\/www.tjba.jus.br\/portalconectainterior\/wp-content\/uploads\/2025\/08\/banner-3-copia-1.png 1280w\" sizes=\"auto, (max-width: 1024px) 100vw, 1024px\" \/><\/figure><div class=\"wp-block-media-text__content\">\n<p><a href=\"https:\/\/ead.tjba.jus.br\/unicorpead\/enrol\/index.php?id=636&amp;fbclid=PAQ0xDSwMQnMdleHRuA2FlbQIxMAABp1bN4DlK_aEhZ13kSn-gRbVuXpCtAOuP83TtDzPiZg6MUOZdiHMLSjE-wriD_aem_LzhTqwKPvoR1qD473bMzsA\" data-type=\"link\" data-id=\"https:\/\/ead.tjba.jus.br\/unicorpead\/enrol\/index.php?id=636&amp;fbclid=PAQ0xDSwMQnMdleHRuA2FlbQIxMAABp1bN4DlK_aEhZ13kSn-gRbVuXpCtAOuP83TtDzPiZg6MUOZdiHMLSjE-wriD_aem_LzhTqwKPvoR1qD473bMzsA\">SEI<\/a><\/p>\n<\/div><\/div>\n\n\n\n<p><\/p>\n\n\n\n<div class=\"wp-block-media-text is-stacked-on-mobile is-image-fill-element\" style=\"grid-template-columns:28% auto\"><figure class=\"wp-block-media-text__media\"><img loading=\"lazy\" decoding=\"async\" width=\"1024\" height=\"439\" src=\"https:\/\/tjba.jus.br\/portalconectainterior\/wp-content\/uploads\/2025\/08\/CURSOS-E-CAPACITACOES-1024x439.jpeg\" alt=\"\" class=\"wp-image-12027 size-full\" style=\"object-position:13% 35%\" srcset=\"https:\/\/www.tjba.jus.br\/portalconectainterior\/wp-content\/uploads\/2025\/08\/CURSOS-E-CAPACITACOES-1024x439.jpeg 1024w, https:\/\/www.tjba.jus.br\/portalconectainterior\/wp-content\/uploads\/2025\/08\/CURSOS-E-CAPACITACOES-300x129.jpeg 300w, https:\/\/www.tjba.jus.br\/portalconectainterior\/wp-content\/uploads\/2025\/08\/CURSOS-E-CAPACITACOES-768x329.jpeg 768w, https:\/\/www.tjba.jus.br\/portalconectainterior\/wp-content\/uploads\/2025\/08\/CURSOS-E-CAPACITACOES-1536x658.jpeg 1536w, https:\/\/www.tjba.jus.br\/portalconectainterior\/wp-content\/uploads\/2025\/08\/CURSOS-E-CAPACITACOES-2048x878.jpeg 2048w\" sizes=\"auto, (max-width: 1024px) 100vw, 1024px\" \/><\/figure><div class=\"wp-block-media-text__content\">\n<p><a href=\"https:\/\/ead.tjba.jus.br\/unicorpead\/enrol\/index.php?id=351\" data-type=\"link\" data-id=\"https:\/\/ead.tjba.jus.br\/unicorpead\/enrol\/index.php?id=351\">SIGA<\/a><\/p>\n<\/div><\/div>\n\n\n\n<p><\/p>\n\n\n\n<div class=\"wp-block-media-text is-stacked-on-mobile is-image-fill-element\" style=\"grid-template-columns:28% auto\"><figure class=\"wp-block-media-text__media\"><img loading=\"lazy\" decoding=\"async\" width=\"1024\" height=\"684\" src=\"https:\/\/tjba.jus.br\/portalconectainterior\/wp-content\/uploads\/2025\/08\/FINANCEIRO-1024x684.jpg\" alt=\"\" class=\"wp-image-12025 size-full\" style=\"object-position:50% 50%\" srcset=\"https:\/\/www.tjba.jus.br\/portalconectainterior\/wp-content\/uploads\/2025\/08\/FINANCEIRO-1024x684.jpg 1024w, https:\/\/www.tjba.jus.br\/portalconectainterior\/wp-content\/uploads\/2025\/08\/FINANCEIRO-300x200.jpg 300w, https:\/\/www.tjba.jus.br\/portalconectainterior\/wp-content\/uploads\/2025\/08\/FINANCEIRO-768x513.jpg 768w, https:\/\/www.tjba.jus.br\/portalconectainterior\/wp-content\/uploads\/2025\/08\/FINANCEIRO-1536x1025.jpg 1536w, https:\/\/www.tjba.jus.br\/portalconectainterior\/wp-content\/uploads\/2025\/08\/FINANCEIRO-2048x1367.jpg 2048w\" sizes=\"auto, (max-width: 1024px) 100vw, 1024px\" \/><\/figure><div class=\"wp-block-media-text__content\">\n<p><a href=\"https:\/\/ead.tjba.jus.br\/unicorpead\/enrol\/index.php?id=359\" data-type=\"link\" data-id=\"https:\/\/ead.tjba.jus.br\/unicorpead\/enrol\/index.php?id=359\">Pagamento por detalhamento de fatura, via FIPLAN<\/a><\/p>\n<\/div><\/div>\n\n\n\n<p><\/p>\n\n\n\n<div class=\"wp-block-media-text is-stacked-on-mobile is-image-fill-element\" style=\"grid-template-columns:28% auto\"><figure class=\"wp-block-media-text__media\"><img loading=\"lazy\" decoding=\"async\" width=\"1024\" height=\"683\" src=\"https:\/\/tjba.jus.br\/portalconectainterior\/wp-content\/uploads\/2025\/08\/ESTRATEGIA-1024x683.jpg\" alt=\"\" class=\"wp-image-12024 size-full\" style=\"object-position:50% 50%\" srcset=\"https:\/\/www.tjba.jus.br\/portalconectainterior\/wp-content\/uploads\/2025\/08\/ESTRATEGIA-1024x683.jpg 1024w, https:\/\/www.tjba.jus.br\/portalconectainterior\/wp-content\/uploads\/2025\/08\/ESTRATEGIA-300x200.jpg 300w, https:\/\/www.tjba.jus.br\/portalconectainterior\/wp-content\/uploads\/2025\/08\/ESTRATEGIA-768x512.jpg 768w, https:\/\/www.tjba.jus.br\/portalconectainterior\/wp-content\/uploads\/2025\/08\/ESTRATEGIA-1536x1024.jpg 1536w, https:\/\/www.tjba.jus.br\/portalconectainterior\/wp-content\/uploads\/2025\/08\/ESTRATEGIA-2048x1365.jpg 2048w\" sizes=\"auto, (max-width: 1024px) 100vw, 1024px\" \/><\/figure><div class=\"wp-block-media-text__content\">\n<p><a href=\"https:\/\/ead.tjba.jus.br\/unicorpead\/enrol\/index.php?id=394\" data-type=\"link\" data-id=\"https:\/\/ead.tjba.jus.br\/unicorpead\/enrol\/index.php?id=394\">No\u00e7\u00f5es de programa\u00e7\u00e3o e execu\u00e7\u00e3o or\u00e7ament\u00e1ria<\/a><\/p>\n<\/div><\/div>\n\n\n\n<p><\/p>\n\n\n\n<div class=\"wp-block-media-text is-stacked-on-mobile is-image-fill-element\" style=\"grid-template-columns:28% auto\"><figure class=\"wp-block-media-text__media\"><img loading=\"lazy\" decoding=\"async\" width=\"1024\" height=\"683\" src=\"https:\/\/tjba.jus.br\/portalconectainterior\/wp-content\/uploads\/2025\/08\/DOCUMENTOS-1024x683.jpg\" alt=\"\" class=\"wp-image-12026 size-full\" style=\"object-position:50% 50%\" srcset=\"https:\/\/www.tjba.jus.br\/portalconectainterior\/wp-content\/uploads\/2025\/08\/DOCUMENTOS-1024x683.jpg 1024w, https:\/\/www.tjba.jus.br\/portalconectainterior\/wp-content\/uploads\/2025\/08\/DOCUMENTOS-300x200.jpg 300w, https:\/\/www.tjba.jus.br\/portalconectainterior\/wp-content\/uploads\/2025\/08\/DOCUMENTOS-768x512.jpg 768w, https:\/\/www.tjba.jus.br\/portalconectainterior\/wp-content\/uploads\/2025\/08\/DOCUMENTOS-1536x1024.jpg 1536w, https:\/\/www.tjba.jus.br\/portalconectainterior\/wp-content\/uploads\/2025\/08\/DOCUMENTOS-2048x1365.jpg 2048w\" sizes=\"auto, (max-width: 1024px) 100vw, 1024px\" \/><\/figure><div class=\"wp-block-media-text__content\">\n<p><a href=\"https:\/\/ead.tjba.jus.br\/unicorpead\/enrol\/index.php?id=223\" data-type=\"link\" data-id=\"https:\/\/ead.tjba.jus.br\/unicorpead\/enrol\/index.php?id=223\">Capacita\u00e7\u00e3o SGF &#8211; Sistema de Gerenciamento Financeiro<\/a><\/p>\n<\/div><\/div>\n\n\n\n<p><\/p>\n\n\n\n<div class=\"wp-block-media-text is-stacked-on-mobile is-image-fill-element\" style=\"grid-template-columns:28% auto\"><figure class=\"wp-block-media-text__media\"><img loading=\"lazy\" decoding=\"async\" width=\"1024\" height=\"683\" src=\"https:\/\/tjba.jus.br\/portalconectainterior\/wp-content\/uploads\/2025\/08\/JUSTICA-1024x683.jpeg\" alt=\"\" class=\"wp-image-12020 size-full\" style=\"object-position:50% 50%\" srcset=\"https:\/\/www.tjba.jus.br\/portalconectainterior\/wp-content\/uploads\/2025\/08\/JUSTICA-1024x683.jpeg 1024w, https:\/\/www.tjba.jus.br\/portalconectainterior\/wp-content\/uploads\/2025\/08\/JUSTICA-300x200.jpeg 300w, https:\/\/www.tjba.jus.br\/portalconectainterior\/wp-content\/uploads\/2025\/08\/JUSTICA-768x513.jpeg 768w, https:\/\/www.tjba.jus.br\/portalconectainterior\/wp-content\/uploads\/2025\/08\/JUSTICA-1536x1025.jpeg 1536w, https:\/\/www.tjba.jus.br\/portalconectainterior\/wp-content\/uploads\/2025\/08\/JUSTICA-2048x1367.jpeg 2048w\" sizes=\"auto, (max-width: 1024px) 100vw, 1024px\" \/><\/figure><div class=\"wp-block-media-text__content\">\n<p><a href=\"https:\/\/ead.tjba.jus.br\/unicorpead\/enrol\/index.php?id=487\" data-type=\"link\" data-id=\"https:\/\/ead.tjba.jus.br\/unicorpead\/enrol\/index.php?id=487\">A Lei de Improbidade Administrativa \u2013 Inova\u00e7\u00f5es e Aspectos Relevantes do Novo Sistema de Responsabiliza\u00e7\u00e3o Introduzido pela Lei n. 14.230\/2021<\/a><\/p>\n<\/div><\/div>\n\n\n\n<p><\/p>\n\n\n\n<div class=\"wp-block-media-text is-stacked-on-mobile is-image-fill-element\" style=\"grid-template-columns:28% auto\"><figure class=\"wp-block-media-text__media\"><img loading=\"lazy\" decoding=\"async\" width=\"819\" height=\"1024\" src=\"https:\/\/tjba.jus.br\/portalconectainterior\/wp-content\/uploads\/2025\/08\/FISCALIZACAO-819x1024.jpg\" alt=\"\" class=\"wp-image-12023 size-full\" style=\"object-position:50% 50%\" srcset=\"https:\/\/www.tjba.jus.br\/portalconectainterior\/wp-content\/uploads\/2025\/08\/FISCALIZACAO-819x1024.jpg 819w, https:\/\/www.tjba.jus.br\/portalconectainterior\/wp-content\/uploads\/2025\/08\/FISCALIZACAO-240x300.jpg 240w, https:\/\/www.tjba.jus.br\/portalconectainterior\/wp-content\/uploads\/2025\/08\/FISCALIZACAO-768x960.jpg 768w, https:\/\/www.tjba.jus.br\/portalconectainterior\/wp-content\/uploads\/2025\/08\/FISCALIZACAO-1229x1536.jpg 1229w, https:\/\/www.tjba.jus.br\/portalconectainterior\/wp-content\/uploads\/2025\/08\/FISCALIZACAO-1638x2048.jpg 1638w, https:\/\/www.tjba.jus.br\/portalconectainterior\/wp-content\/uploads\/2025\/08\/FISCALIZACAO-scaled.jpg 2048w\" sizes=\"auto, (max-width: 819px) 100vw, 819px\" \/><\/figure><div class=\"wp-block-media-text__content\">\n<p><a href=\"https:\/\/ead.tjba.jus.br\/unicorpead\/enrol\/index.php?id=451\" data-type=\"link\" data-id=\"https:\/\/ead.tjba.jus.br\/unicorpead\/enrol\/index.php?id=451\">Lei de Responsabilidade Fiscal &#8211; FAS<\/a><\/p>\n<\/div><\/div>\n\n\n\n<p><\/p>\n\n\n\n<div class=\"wp-block-media-text is-stacked-on-mobile is-image-fill-element\" style=\"grid-template-columns:28% auto\"><figure class=\"wp-block-media-text__media\"><img loading=\"lazy\" decoding=\"async\" width=\"1024\" height=\"683\" src=\"https:\/\/tjba.jus.br\/portalconectainterior\/wp-content\/uploads\/2025\/08\/ADMINISTRACAO-1024x683.jpg\" alt=\"\" class=\"wp-image-12031 size-full\" style=\"object-position:50% 50%\" srcset=\"https:\/\/www.tjba.jus.br\/portalconectainterior\/wp-content\/uploads\/2025\/08\/ADMINISTRACAO-1024x683.jpg 1024w, https:\/\/www.tjba.jus.br\/portalconectainterior\/wp-content\/uploads\/2025\/08\/ADMINISTRACAO-300x200.jpg 300w, https:\/\/www.tjba.jus.br\/portalconectainterior\/wp-content\/uploads\/2025\/08\/ADMINISTRACAO-768x512.jpg 768w, https:\/\/www.tjba.jus.br\/portalconectainterior\/wp-content\/uploads\/2025\/08\/ADMINISTRACAO-1536x1024.jpg 1536w, https:\/\/www.tjba.jus.br\/portalconectainterior\/wp-content\/uploads\/2025\/08\/ADMINISTRACAO-2048x1365.jpg 2048w\" sizes=\"auto, (max-width: 1024px) 100vw, 1024px\" \/><\/figure><div class=\"wp-block-media-text__content\">\n<p><a href=\"https:\/\/ead.tjba.jus.br\/unicorpead\/enrol\/index.php?id=573\" data-type=\"link\" data-id=\"https:\/\/ead.tjba.jus.br\/unicorpead\/enrol\/index.php?id=573\">Saberes Essenciais das Unidades Gestoras do Interior &#8211; Curso do TJBA Mais Perto<\/a><\/p>\n<\/div><\/div>\n","protected":false},"excerpt":{"rendered":"<p>Esta se\u00e7\u00e3o disponibiliza cursos voltados ao desenvolvimento e aperfei\u00e7oamento profissional dos servidores. O objetivo \u00e9 oferecer oportunidades de atualiza\u00e7\u00e3o cont\u00ednua, [&hellip;]<\/p>\n","protected":false},"author":30,"featured_media":0,"parent":0,"menu_order":0,"comment_status":"closed","ping_status":"closed","template":"","meta":{"_acf_changed":false,"ub_ctt_via":"","footnotes":""},"class_list":["post-11913","page","type-page","status-publish","hentry"],"acf":[],"featured_image_src":null,"_links":{"self":[{"href":"https:\/\/www.tjba.jus.br\/portalconectainterior\/wp-json\/wp\/v2\/pages\/11913","targetHints":{"allow":["GET"]}}],"collection":[{"href":"https:\/\/www.tjba.jus.br\/portalconectainterior\/wp-json\/wp\/v2\/pages"}],"about":[{"href":"https:\/\/www.tjba.jus.br\/portalconectainterior\/wp-json\/wp\/v2\/types\/page"}],"author":[{"embeddable":true,"href":"https:\/\/www.tjba.jus.br\/portalconectainterior\/wp-json\/wp\/v2\/users\/30"}],"replies":[{"embeddable":true,"href":"https:\/\/www.tjba.jus.br\/portalconectainterior\/wp-json\/wp\/v2\/comments?post=11913"}],"version-history":[{"count":9,"href":"https:\/\/www.tjba.jus.br\/portalconectainterior\/wp-json\/wp\/v2\/pages\/11913\/revisions"}],"predecessor-version":[{"id":12180,"href":"https:\/\/www.tjba.jus.br\/portalconectainterior\/wp-json\/wp\/v2\/pages\/11913\/revisions\/12180"}],"wp:attachment":[{"href":"https:\/\/www.tjba.jus.br\/portalconectainterior\/wp-json\/wp\/v2\/media?parent=11913"}],"curies":[{"name":"wp","href":"https:\/\/api.w.org\/{rel}","templated":true}]}}