{"id":11989,"date":"2025-08-12T13:14:04","date_gmt":"2025-08-12T16:14:04","guid":{"rendered":"https:\/\/tjba.jus.br\/portalconectainterior\/?page_id=11989"},"modified":"2025-12-02T16:47:34","modified_gmt":"2025-12-02T19:47:34","slug":"indicadores-socioambientais","status":"publish","type":"page","link":"https:\/\/www.tjba.jus.br\/portalconectainterior\/socioambiental\/indicadores-socioambientais\/","title":{"rendered":"Indicadores Socioambientais"},"content":{"rendered":"\n<p>A Plataforma Socioambiental foi criada para tornar mais simples, \u00e1gil e padronizada a gest\u00e3o das informa\u00e7\u00f5es ambientais no \u00e2mbito do Tribunal de Justi\u00e7a da Bahia. Sabemos que a ado\u00e7\u00e3o de novas ferramentas exige orienta\u00e7\u00e3o clara e acess\u00edvel, por isso desenvolvemos este tutorial em v\u00eddeo e um manual detalhado que ir\u00e3o gui\u00e1-lo passo a passo no uso correto da plataforma.<\/p>\n\n\n\n<p>O objetivo deste material \u00e9 garantir que todas as unidades compreendam como registrar, atualizar e acompanhar seus dados socioambientais, fortalecendo a transpar\u00eancia institucional, o cumprimento das metas do Plano de Log\u00edstica Sustent\u00e1vel (PLS) e aprimorando a qualidade das informa\u00e7\u00f5es que comp\u00f5em o Painel da Sustentabilidade.<strong>O v\u00eddeo apresenta, de forma visual e objetiva, as principais funcionalidades da ferramenta. J\u00e1 o manual escrito aprofunda cada etapa do processo, funcionando como um apoio permanente para consultas r\u00e1pidas no dia a dia.<\/p>\n\n\n\n<p>Esperamos que esses materiais facilitem sua rotina de trabalho e contribuam para uma atua\u00e7\u00e3o cada vez mais sustent\u00e1vel, integrada e eficiente em todo o TJBA.<\/p>\n\n\n\n<p><\/p>\n\n\n\n<p><a href=\"https:\/\/www.tjba.jus.br\/portalconectainterior\/wp-content\/uploads\/2025\/11\/Manual-Nucleo-socioambiental.pdf\" target=\"_blank\" rel=\"noreferrer noopener\">Manual de instru\u00e7\u00e3o<\/a><\/p>\n\n\n\n<p><a href=\"https:\/\/www.tjba.jus.br\/portalconectainterior\/wp-content\/uploads\/2025\/11\/Tutorial-Plataforma.mp4\" target=\"_blank\" rel=\"noreferrer noopener\">Video Tutorial<\/a><\/p>\n\n\n\n<p><a href=\"https:\/\/tjbacotec.sharepoint.com\/sites\/NucleoSocioambiental2\" target=\"_blank\" rel=\"noreferrer noopener\">Plataforma Socioambiental<\/a><\/p>\n\n\n\n<p><\/p>\n\n\n\n<p>Em caso de d\u00favidas, entrar em contato com o N\u00facleo Socioambiental atrav\u00e9s do telefone 71 3372-1692\/1693 ou do e-mail <a href=\"mailto:nucleosocioambiental@tjba.jus.br\">nucleosocioambiental@tjba.jus.br<\/a><\/p>\n\n\n\n<p><\/p>\n","protected":false},"excerpt":{"rendered":"<p>A Plataforma Socioambiental foi criada para tornar mais simples, \u00e1gil e padronizada a gest\u00e3o das informa\u00e7\u00f5es ambientais no \u00e2mbito do [&hellip;]<\/p>\n","protected":false},"author":30,"featured_media":0,"parent":11904,"menu_order":0,"comment_status":"closed","ping_status":"closed","template":"","meta":{"_acf_changed":false,"ub_ctt_via":"","footnotes":""},"class_list":["post-11989","page","type-page","status-publish","hentry"],"acf":[],"featured_image_src":null,"_links":{"self":[{"href":"https:\/\/www.tjba.jus.br\/portalconectainterior\/wp-json\/wp\/v2\/pages\/11989","targetHints":{"allow":["GET"]}}],"collection":[{"href":"https:\/\/www.tjba.jus.br\/portalconectainterior\/wp-json\/wp\/v2\/pages"}],"about":[{"href":"https:\/\/www.tjba.jus.br\/portalconectainterior\/wp-json\/wp\/v2\/types\/page"}],"author":[{"embeddable":true,"href":"https:\/\/www.tjba.jus.br\/portalconectainterior\/wp-json\/wp\/v2\/users\/30"}],"replies":[{"embeddable":true,"href":"https:\/\/www.tjba.jus.br\/portalconectainterior\/wp-json\/wp\/v2\/comments?post=11989"}],"version-history":[{"count":11,"href":"https:\/\/www.tjba.jus.br\/portalconectainterior\/wp-json\/wp\/v2\/pages\/11989\/revisions"}],"predecessor-version":[{"id":12326,"href":"https:\/\/www.tjba.jus.br\/portalconectainterior\/wp-json\/wp\/v2\/pages\/11989\/revisions\/12326"}],"up":[{"embeddable":true,"href":"https:\/\/www.tjba.jus.br\/portalconectainterior\/wp-json\/wp\/v2\/pages\/11904"}],"wp:attachment":[{"href":"https:\/\/www.tjba.jus.br\/portalconectainterior\/wp-json\/wp\/v2\/media?parent=11989"}],"curies":[{"name":"wp","href":"https:\/\/api.w.org\/{rel}","templated":true}]}}