{"id":12093,"date":"2025-08-18T10:30:49","date_gmt":"2025-08-18T13:30:49","guid":{"rendered":"https:\/\/tjba.jus.br\/portalconectainterior\/?page_id=12093"},"modified":"2025-08-27T17:47:39","modified_gmt":"2025-08-27T20:47:39","slug":"regras-e-criterios-de-participacao","status":"publish","type":"page","link":"https:\/\/www.tjba.jus.br\/portalconectainterior\/boas-praticas\/regras-e-criterios-de-participacao\/","title":{"rendered":"Regras e Crit\u00e9rios de Participa\u00e7\u00e3o"},"content":{"rendered":"\n<figure class=\"wp-block-image is-resized is-style-default\"><img loading=\"lazy\" decoding=\"async\" width=\"2560\" height=\"1707\" src=\"https:\/\/tjba.jus.br\/portalconectainterior\/wp-content\/uploads\/2025\/08\/BOAS-PRATICAS-scaled.jpg\" alt=\"\" class=\"wp-image-12030\" style=\"object-fit:cover;width:800px;height:250px\" srcset=\"https:\/\/www.tjba.jus.br\/portalconectainterior\/wp-content\/uploads\/2025\/08\/BOAS-PRATICAS-scaled.jpg 2560w, https:\/\/www.tjba.jus.br\/portalconectainterior\/wp-content\/uploads\/2025\/08\/BOAS-PRATICAS-300x200.jpg 300w, https:\/\/www.tjba.jus.br\/portalconectainterior\/wp-content\/uploads\/2025\/08\/BOAS-PRATICAS-1024x683.jpg 1024w, https:\/\/www.tjba.jus.br\/portalconectainterior\/wp-content\/uploads\/2025\/08\/BOAS-PRATICAS-768x512.jpg 768w, https:\/\/www.tjba.jus.br\/portalconectainterior\/wp-content\/uploads\/2025\/08\/BOAS-PRATICAS-1536x1024.jpg 1536w, https:\/\/www.tjba.jus.br\/portalconectainterior\/wp-content\/uploads\/2025\/08\/BOAS-PRATICAS-2048x1365.jpg 2048w\" sizes=\"auto, (max-width: 2560px) 100vw, 2560px\" \/><\/figure>\n\n\n\n<ul class=\"wp-block-list\">\n<li>Participa\u00e7\u00e3o de servidores da administra\u00e7\u00e3o e da unidade gestora e ju\u00edzes diretores das comarcas do interior do Tribunal de Justi\u00e7a do Estado da Bahia, individualmente ou em equipe;<\/li>\n\n\n\n<li>Pertin\u00eancia da pr\u00e1tica \u00e0 \u00e1rea administrativa.<\/li>\n\n\n\n<li>Preenchimento correto de todos os campos do formul\u00e1rio;<\/li>\n\n\n\n<li>Realiza\u00e7\u00e3o da pr\u00e1tica nos \u00faltimos 02 anos;<\/li>\n\n\n\n<li>Demonstra\u00e7\u00e3o de evid\u00eancias dos resultados auferidos<\/li>\n<\/ul>\n\n\n\n<div class=\"wp-block-buttons is-content-justification-center is-layout-flex wp-container-core-buttons-is-layout-16018d1d wp-block-buttons-is-layout-flex\">\n<div class=\"wp-block-button has-custom-width wp-block-button__width-50 is-style-outline is-style-outline--1\"><a class=\"wp-block-button__link has-white-color has-vivid-cyan-blue-background-color has-text-color has-background has-link-color has-medium-font-size has-custom-font-size wp-element-button\" href=\"https:\/\/tjba.jus.br\/portalconectainterior\/boas-praticas\/cadastre-a-sua-boa-pratica\/\" style=\"border-radius:23px\" rel=\"nofollow\">Cadastre a sua Boa Pr\u00e1tica<\/a><\/div>\n<\/div>\n\n\n\n<p><\/p>\n","protected":false},"excerpt":{"rendered":"","protected":false},"author":28,"featured_media":0,"parent":11657,"menu_order":0,"comment_status":"closed","ping_status":"closed","template":"","meta":{"_acf_changed":false,"ub_ctt_via":"","footnotes":""},"class_list":["post-12093","page","type-page","status-publish","hentry"],"acf":[],"featured_image_src":null,"_links":{"self":[{"href":"https:\/\/www.tjba.jus.br\/portalconectainterior\/wp-json\/wp\/v2\/pages\/12093","targetHints":{"allow":["GET"]}}],"collection":[{"href":"https:\/\/www.tjba.jus.br\/portalconectainterior\/wp-json\/wp\/v2\/pages"}],"about":[{"href":"https:\/\/www.tjba.jus.br\/portalconectainterior\/wp-json\/wp\/v2\/types\/page"}],"author":[{"embeddable":true,"href":"https:\/\/www.tjba.jus.br\/portalconectainterior\/wp-json\/wp\/v2\/users\/28"}],"replies":[{"embeddable":true,"href":"https:\/\/www.tjba.jus.br\/portalconectainterior\/wp-json\/wp\/v2\/comments?post=12093"}],"version-history":[{"count":4,"href":"https:\/\/www.tjba.jus.br\/portalconectainterior\/wp-json\/wp\/v2\/pages\/12093\/revisions"}],"predecessor-version":[{"id":12133,"href":"https:\/\/www.tjba.jus.br\/portalconectainterior\/wp-json\/wp\/v2\/pages\/12093\/revisions\/12133"}],"up":[{"embeddable":true,"href":"https:\/\/www.tjba.jus.br\/portalconectainterior\/wp-json\/wp\/v2\/pages\/11657"}],"wp:attachment":[{"href":"https:\/\/www.tjba.jus.br\/portalconectainterior\/wp-json\/wp\/v2\/media?parent=12093"}],"curies":[{"name":"wp","href":"https:\/\/api.w.org\/{rel}","templated":true}]}}