{"id":12173,"date":"2025-09-03T13:04:16","date_gmt":"2025-09-03T16:04:16","guid":{"rendered":"https:\/\/tjba.jus.br\/portalconectainterior\/?page_id=12173"},"modified":"2025-09-03T13:17:59","modified_gmt":"2025-09-03T16:17:59","slug":"fiplan","status":"publish","type":"page","link":"https:\/\/www.tjba.jus.br\/portalconectainterior\/capacitacoes\/manuais-de-sistemas\/fiplan\/","title":{"rendered":"FIPLAN"},"content":{"rendered":"<div class=\"wp-block-image\">\n<figure class=\"aligncenter\"><img loading=\"lazy\" decoding=\"async\" width=\"130\" height=\"130\" src=\"https:\/\/tjba.jus.br\/portalconectainterior\/wp-content\/uploads\/2025\/06\/ico-flipan.png\" alt=\"\" class=\"wp-image-11608\"\/><\/figure>\n<\/div>\n\n\n<p>Para utilizar o FIPLAN, deve-se solicitar ao Service Desk a instala\u00e7\u00e3o do programa no computador (Servidor: 91 &#8211; Chrome 36 &#8211; Vers\u00e3o: PRODUCAO_v2025.08.28.0700).<\/p>\n\n\n\n<p><a href=\"https:\/\/tjba.jus.br\/portalconectainterior\/wp-content\/uploads\/2025\/08\/orientacoes-fiplan-2-1.pdf\" data-type=\"link\" data-id=\"https:\/\/tjba.jus.br\/portalconectainterior\/wp-content\/uploads\/2025\/08\/orientacoes-fiplan-2-1.pdf\">Orienta\u00e7\u00f5es FIPLAN<\/a><\/p>\n\n\n\n<p><a href=\"https:\/\/tjba.jus.br\/portalconectainterior\/wp-content\/uploads\/2025\/08\/SOLICITACAO-PARA-CREDENCIAMENTO-DE-USUARIO-CONTABILIDADE-E-FINANCAS.doc\" data-type=\"link\" data-id=\"https:\/\/tjba.jus.br\/portalconectainterior\/wp-content\/uploads\/2025\/08\/SOLICITACAO-PARA-CREDENCIAMENTO-DE-USUARIO-CONTABILIDADE-E-FINANCAS.doc\">Solicita\u00e7\u00e3o para Credenciamento de Usu\u00e1rio no FIPLAN<\/a><\/p>\n\n\n\n<p><a href=\"https:\/\/tjba.jus.br\/portalconectainterior\/wp-content\/uploads\/2025\/08\/Termo-de-Responsabilidade-Acesso-ao-FIPLAN.pdf\" data-type=\"link\" data-id=\"https:\/\/tjba.jus.br\/portalconectainterior\/wp-content\/uploads\/2025\/08\/Termo-de-Responsabilidade-Acesso-ao-FIPLAN.pdf\">Termo de Responsabilidade de acesso ao FIPLAN<\/a><\/p>\n\n\n\n<p><a href=\"https:\/\/tjba.jus.br\/portalconectainterior\/wp-content\/uploads\/2025\/08\/Modelo-Portaria-Designacao.odt\" data-type=\"link\" data-id=\"https:\/\/tjba.jus.br\/portalconectainterior\/wp-content\/uploads\/2025\/08\/Modelo-Portaria-Designacao.odt\">Modelo de Portaria de Designa\u00e7\u00e3o &#8211; T\u00e9cnico<\/a><\/p>\n\n\n\n<p><\/p>\n","protected":false},"excerpt":{"rendered":"<p>Para utilizar o FIPLAN, deve-se solicitar ao Service Desk a instala\u00e7\u00e3o do programa no computador (Servidor: 91 &#8211; Chrome 36 [&hellip;]<\/p>\n","protected":false},"author":30,"featured_media":0,"parent":11917,"menu_order":0,"comment_status":"closed","ping_status":"closed","template":"","meta":{"_acf_changed":false,"ub_ctt_via":"","footnotes":""},"class_list":["post-12173","page","type-page","status-publish","hentry"],"acf":[],"featured_image_src":null,"_links":{"self":[{"href":"https:\/\/www.tjba.jus.br\/portalconectainterior\/wp-json\/wp\/v2\/pages\/12173","targetHints":{"allow":["GET"]}}],"collection":[{"href":"https:\/\/www.tjba.jus.br\/portalconectainterior\/wp-json\/wp\/v2\/pages"}],"about":[{"href":"https:\/\/www.tjba.jus.br\/portalconectainterior\/wp-json\/wp\/v2\/types\/page"}],"author":[{"embeddable":true,"href":"https:\/\/www.tjba.jus.br\/portalconectainterior\/wp-json\/wp\/v2\/users\/30"}],"replies":[{"embeddable":true,"href":"https:\/\/www.tjba.jus.br\/portalconectainterior\/wp-json\/wp\/v2\/comments?post=12173"}],"version-history":[{"count":2,"href":"https:\/\/www.tjba.jus.br\/portalconectainterior\/wp-json\/wp\/v2\/pages\/12173\/revisions"}],"predecessor-version":[{"id":12187,"href":"https:\/\/www.tjba.jus.br\/portalconectainterior\/wp-json\/wp\/v2\/pages\/12173\/revisions\/12187"}],"up":[{"embeddable":true,"href":"https:\/\/www.tjba.jus.br\/portalconectainterior\/wp-json\/wp\/v2\/pages\/11917"}],"wp:attachment":[{"href":"https:\/\/www.tjba.jus.br\/portalconectainterior\/wp-json\/wp\/v2\/media?parent=12173"}],"curies":[{"name":"wp","href":"https:\/\/api.w.org\/{rel}","templated":true}]}}