{"id":12178,"date":"2025-09-03T13:05:16","date_gmt":"2025-09-03T16:05:16","guid":{"rendered":"https:\/\/tjba.jus.br\/portalconectainterior\/?page_id=12178"},"modified":"2025-09-03T13:08:38","modified_gmt":"2025-09-03T16:08:38","slug":"geafin","status":"publish","type":"page","link":"https:\/\/www.tjba.jus.br\/portalconectainterior\/capacitacoes\/manuais-de-sistemas\/geafin\/","title":{"rendered":"GEAFIN"},"content":{"rendered":"<div class=\"wp-block-image\">\n<figure class=\"aligncenter\"><img loading=\"lazy\" decoding=\"async\" width=\"130\" height=\"130\" src=\"https:\/\/tjba.jus.br\/portalconectainterior\/wp-content\/uploads\/2025\/06\/ico-geafin.png\" alt=\"\" class=\"wp-image-11611\"\/><\/figure>\n<\/div>\n\n\n<p><a href=\"https:\/\/geafin.tjba.jus.br\/documentacao\/manuais\/pedido.mp4\" data-type=\"link\" data-id=\"https:\/\/geafin.tjba.jus.br\/documentacao\/manuais\/pedido.mp4\">Treinamento Geafin Pedido Online<\/a><\/p>\n\n\n\n<p><a href=\"https:\/\/tjba.jus.br\/portalconectainterior\/wp-content\/uploads\/2025\/09\/Instrucao-de-Servico-de-Solicitacao-de-Materiais.docx\" data-type=\"link\" data-id=\"https:\/\/tjba.jus.br\/portalconectainterior\/wp-content\/uploads\/2025\/09\/Instrucao-de-Servico-de-Solicitacao-de-Materiais.docx\">Instru\u00e7\u00f5es de Servi\u00e7o de Solicita\u00e7\u00e3o de Materiais<\/a><\/p>\n\n\n\n<p><a href=\"https:\/\/geafin.tjba.jus.br\/documentacao\/manuais\/tutorial_app_geafin.html\" data-type=\"link\" data-id=\"https:\/\/geafin.tjba.jus.br\/documentacao\/manuais\/tutorial_app_geafin.html\">Manual do App Geafin<\/a><\/p>\n\n\n\n<p><a href=\"https:\/\/geafin.tjba.jus.br\/documentacao\/manuais\/tutorialinvetario.mp4\" data-type=\"link\" data-id=\"https:\/\/geafin.tjba.jus.br\/documentacao\/manuais\/tutorialinvetario.mp4\">Tutorial para Realiza\u00e7\u00e3o do Invent\u00e1rio<\/a><\/p>\n","protected":false},"excerpt":{"rendered":"<p>Treinamento Geafin Pedido Online Instru\u00e7\u00f5es de Servi\u00e7o de Solicita\u00e7\u00e3o de Materiais Manual do App Geafin Tutorial para Realiza\u00e7\u00e3o do Invent\u00e1rio<\/p>\n","protected":false},"author":30,"featured_media":0,"parent":11917,"menu_order":0,"comment_status":"closed","ping_status":"closed","template":"","meta":{"_acf_changed":false,"ub_ctt_via":"","footnotes":""},"class_list":["post-12178","page","type-page","status-publish","hentry"],"acf":[],"featured_image_src":null,"_links":{"self":[{"href":"https:\/\/www.tjba.jus.br\/portalconectainterior\/wp-json\/wp\/v2\/pages\/12178","targetHints":{"allow":["GET"]}}],"collection":[{"href":"https:\/\/www.tjba.jus.br\/portalconectainterior\/wp-json\/wp\/v2\/pages"}],"about":[{"href":"https:\/\/www.tjba.jus.br\/portalconectainterior\/wp-json\/wp\/v2\/types\/page"}],"author":[{"embeddable":true,"href":"https:\/\/www.tjba.jus.br\/portalconectainterior\/wp-json\/wp\/v2\/users\/30"}],"replies":[{"embeddable":true,"href":"https:\/\/www.tjba.jus.br\/portalconectainterior\/wp-json\/wp\/v2\/comments?post=12178"}],"version-history":[{"count":1,"href":"https:\/\/www.tjba.jus.br\/portalconectainterior\/wp-json\/wp\/v2\/pages\/12178\/revisions"}],"predecessor-version":[{"id":12179,"href":"https:\/\/www.tjba.jus.br\/portalconectainterior\/wp-json\/wp\/v2\/pages\/12178\/revisions\/12179"}],"up":[{"embeddable":true,"href":"https:\/\/www.tjba.jus.br\/portalconectainterior\/wp-json\/wp\/v2\/pages\/11917"}],"wp:attachment":[{"href":"https:\/\/www.tjba.jus.br\/portalconectainterior\/wp-json\/wp\/v2\/media?parent=12178"}],"curies":[{"name":"wp","href":"https:\/\/api.w.org\/{rel}","templated":true}]}}