{"id":12257,"date":"2025-10-29T13:01:51","date_gmt":"2025-10-29T16:01:51","guid":{"rendered":"https:\/\/www.tjba.jus.br\/portalconectainterior\/?page_id=12257"},"modified":"2025-10-29T13:02:14","modified_gmt":"2025-10-29T16:02:14","slug":"alimentacao-nas-sessoes-do-tribunal-do-juri","status":"publish","type":"page","link":"https:\/\/www.tjba.jus.br\/portalconectainterior\/legislacoes\/alimentacao-nas-sessoes-do-tribunal-do-juri\/","title":{"rendered":"Alimenta\u00e7\u00e3o nas sess\u00f5es do Tribunal do J\u00fari"},"content":{"rendered":"\n<p><a href=\"https:\/\/www.tjba.jus.br\/portalconectainterior\/wp-content\/uploads\/2025\/10\/DECRETO-JUDICIARIO-No-965-Alimentacao-do-Juri.pdf\" data-type=\"link\" data-id=\"https:\/\/www.tjba.jus.br\/portalconectainterior\/wp-content\/uploads\/2025\/10\/DECRETO-JUDICIARIO-No-965-Alimentacao-do-Juri.pdf\">Decreto Judici\u00e1rio n\u00ba 965, de 24 de outubro de 2025<\/a><\/p>\n\n\n\n<p><\/p>\n","protected":false},"excerpt":{"rendered":"<p>Decreto Judici\u00e1rio n\u00ba 965, de 24 de outubro de 2025<\/p>\n","protected":false},"author":30,"featured_media":0,"parent":11788,"menu_order":0,"comment_status":"closed","ping_status":"closed","template":"","meta":{"_acf_changed":false,"ub_ctt_via":"","footnotes":""},"class_list":["post-12257","page","type-page","status-publish","hentry"],"acf":[],"featured_image_src":null,"_links":{"self":[{"href":"https:\/\/www.tjba.jus.br\/portalconectainterior\/wp-json\/wp\/v2\/pages\/12257","targetHints":{"allow":["GET"]}}],"collection":[{"href":"https:\/\/www.tjba.jus.br\/portalconectainterior\/wp-json\/wp\/v2\/pages"}],"about":[{"href":"https:\/\/www.tjba.jus.br\/portalconectainterior\/wp-json\/wp\/v2\/types\/page"}],"author":[{"embeddable":true,"href":"https:\/\/www.tjba.jus.br\/portalconectainterior\/wp-json\/wp\/v2\/users\/30"}],"replies":[{"embeddable":true,"href":"https:\/\/www.tjba.jus.br\/portalconectainterior\/wp-json\/wp\/v2\/comments?post=12257"}],"version-history":[{"count":1,"href":"https:\/\/www.tjba.jus.br\/portalconectainterior\/wp-json\/wp\/v2\/pages\/12257\/revisions"}],"predecessor-version":[{"id":12259,"href":"https:\/\/www.tjba.jus.br\/portalconectainterior\/wp-json\/wp\/v2\/pages\/12257\/revisions\/12259"}],"up":[{"embeddable":true,"href":"https:\/\/www.tjba.jus.br\/portalconectainterior\/wp-json\/wp\/v2\/pages\/11788"}],"wp:attachment":[{"href":"https:\/\/www.tjba.jus.br\/portalconectainterior\/wp-json\/wp\/v2\/media?parent=12257"}],"curies":[{"name":"wp","href":"https:\/\/api.w.org\/{rel}","templated":true}]}}