{"id":12266,"date":"2025-10-31T13:30:03","date_gmt":"2025-10-31T16:30:03","guid":{"rendered":"https:\/\/www.tjba.jus.br\/portalconectainterior\/?page_id=12266"},"modified":"2025-11-10T11:06:00","modified_gmt":"2025-11-10T14:06:00","slug":"sei-cadastro-de-usuario-externo","status":"publish","type":"page","link":"https:\/\/www.tjba.jus.br\/portalconectainterior\/capacitacoes\/manuais-de-sistemas\/sei\/sei-cadastro-de-usuario-externo\/","title":{"rendered":"SEI &#8211; Cadastro de Usu\u00e1rio Externo"},"content":{"rendered":"<div class=\"wp-block-image\">\n<figure class=\"aligncenter\"><img loading=\"lazy\" decoding=\"async\" width=\"165\" height=\"112\" src=\"https:\/\/www.tjba.jus.br\/portalconectainterior\/wp-content\/uploads\/2025\/10\/SEI-LOGO.png\" alt=\"\" class=\"wp-image-12271\"\/><\/figure>\n<\/div>\n\n\n<h2 class=\"wp-block-heading\">&#x1f539; <strong>O que \u00e9 o SEI?<\/strong><\/h2>\n\n\n\n<p>O <strong>SEI (Sistema Eletr\u00f4nico de Informa\u00e7\u00f5es)<\/strong> \u00e9 o sistema usado pelo <strong>TJBA<\/strong> para a cria\u00e7\u00e3o e o envio de processos e documentos digitais.<strong>As pessoas que <strong>n\u00e3o fazem parte do quadro interno do tribunal<\/strong>, como <strong>advogados, peritos, partes e outros interessados<\/strong>, precisam criar um <strong>Usu\u00e1rio Externo<\/strong> para poder acessar e assinar documentos no sistema.<\/p>\n\n\n\n<h2 class=\"wp-block-heading\">&#x1f539; <strong>Como fazer o cadastro?<\/strong><\/h2>\n\n\n\n<p>1 &#8211; <a href=\"https:\/\/sei.tjba.jus.br\/sei\/controlador_externo.php?acao=usuario_externo_logar&amp;id_orgao_acesso_externo=0\" data-type=\"link\" data-id=\"https:\/\/sei.tjba.jus.br\/sei\/controlador_externo.php?acao=usuario_externo_logar&amp;id_orgao_acesso_externo=0\">Clique aqui para acessar o site do SEI<\/a><\/p>\n\n\n\n<p>2 &#8211; Aperte em &#8220;<strong>Clique aqui para se cadastrar&#8221;<\/strong><\/p>\n\n\n\n<p>3 &#8211; Leia as orienta\u00e7\u00f5es, e clique em &#8220;<strong>Clique aqui para continuar<\/strong>&#8220;<\/p>\n\n\n\n<p>4 &#8211; Preencha os dados cadastrais, e aperte em &#8220;<strong>Enviar<\/strong>&#8220;<\/p>\n\n\n\n<p>5 &#8211; As instru\u00e7\u00f5es finais <strong>ser\u00e3o enviadas para seu e-mail<\/strong><\/p>\n\n\n\n<h2 class=\"wp-block-heading\">&#x1f539; V\u00eddeo tutorial do Cadastro Externo<\/h2>\n\n\n\n<figure class=\"wp-block-video\"><video height=\"384\" style=\"aspect-ratio: 816 \/ 384;\" width=\"816\" controls src=\"https:\/\/www.tjba.jus.br\/portalconectainterior\/wp-content\/uploads\/2025\/10\/Video-Instrucao-Cadastro-SEI.mp4\"><\/video><\/figure>\n\n\n\n<p><\/p>\n","protected":false},"excerpt":{"rendered":"<p>&#x1f539; O que \u00e9 o SEI? O SEI (Sistema Eletr\u00f4nico de Informa\u00e7\u00f5es) \u00e9 o sistema usado pelo TJBA para a [&hellip;]<\/p>\n","protected":false},"author":30,"featured_media":0,"parent":12270,"menu_order":0,"comment_status":"closed","ping_status":"closed","template":"","meta":{"_acf_changed":false,"ub_ctt_via":"","footnotes":""},"class_list":["post-12266","page","type-page","status-publish","hentry"],"acf":[],"featured_image_src":null,"_links":{"self":[{"href":"https:\/\/www.tjba.jus.br\/portalconectainterior\/wp-json\/wp\/v2\/pages\/12266","targetHints":{"allow":["GET"]}}],"collection":[{"href":"https:\/\/www.tjba.jus.br\/portalconectainterior\/wp-json\/wp\/v2\/pages"}],"about":[{"href":"https:\/\/www.tjba.jus.br\/portalconectainterior\/wp-json\/wp\/v2\/types\/page"}],"author":[{"embeddable":true,"href":"https:\/\/www.tjba.jus.br\/portalconectainterior\/wp-json\/wp\/v2\/users\/30"}],"replies":[{"embeddable":true,"href":"https:\/\/www.tjba.jus.br\/portalconectainterior\/wp-json\/wp\/v2\/comments?post=12266"}],"version-history":[{"count":3,"href":"https:\/\/www.tjba.jus.br\/portalconectainterior\/wp-json\/wp\/v2\/pages\/12266\/revisions"}],"predecessor-version":[{"id":12291,"href":"https:\/\/www.tjba.jus.br\/portalconectainterior\/wp-json\/wp\/v2\/pages\/12266\/revisions\/12291"}],"up":[{"embeddable":true,"href":"https:\/\/www.tjba.jus.br\/portalconectainterior\/wp-json\/wp\/v2\/pages\/12270"}],"wp:attachment":[{"href":"https:\/\/www.tjba.jus.br\/portalconectainterior\/wp-json\/wp\/v2\/media?parent=12266"}],"curies":[{"name":"wp","href":"https:\/\/api.w.org\/{rel}","templated":true}]}}