{"id":12270,"date":"2025-10-31T13:38:02","date_gmt":"2025-10-31T16:38:02","guid":{"rendered":"https:\/\/www.tjba.jus.br\/portalconectainterior\/?page_id=12270"},"modified":"2025-11-10T10:45:51","modified_gmt":"2025-11-10T13:45:51","slug":"sei","status":"publish","type":"page","link":"https:\/\/www.tjba.jus.br\/portalconectainterior\/capacitacoes\/manuais-de-sistemas\/sei\/","title":{"rendered":"SEI"},"content":{"rendered":"<div class=\"wp-block-image\">\n<figure class=\"aligncenter\"><img loading=\"lazy\" decoding=\"async\" width=\"165\" height=\"112\" src=\"https:\/\/www.tjba.jus.br\/portalconectainterior\/wp-content\/uploads\/2025\/10\/SEI-LOGO.png\" alt=\"\" class=\"wp-image-12271\"\/><\/figure>\n<\/div>\n\n\n<p>O <strong>SEI (Sistema Eletr\u00f4nico de Informa\u00e7\u00f5es)<\/strong> \u00e9 o sistema usado pelo <strong>TJBA<\/strong> para a cria\u00e7\u00e3o e o envio de processos e documentos digitais.<\/p>\n\n\n\n<p><a href=\"https:\/\/www.tjba.jus.br\/portal\/sei\/\" data-type=\"link\" data-id=\"https:\/\/www.tjba.jus.br\/portal\/sei\/\">Portal do SEI do TJBA<\/a><\/p>\n\n\n\n<p><a href=\"https:\/\/www.tjba.jus.br\/portalconectainterior\/sei-cadastro-de-usuario-externo\/\" data-type=\"link\" data-id=\"https:\/\/www.tjba.jus.br\/portalconectainterior\/sei-cadastro-de-usuario-externo\/\">Cadastro de Usu\u00e1rio Externo<\/a><\/p>\n\n\n\n<p><a href=\"https:\/\/www.tjba.jus.br\/portalconectainterior\/capacitacoes\/manuais-de-sistemas\/sei\/sei-assinatura-de-documentos-pelo-usuario-externo\/\" data-type=\"link\" data-id=\"https:\/\/www.tjba.jus.br\/portalconectainterior\/capacitacoes\/manuais-de-sistemas\/sei\/sei-assinatura-de-documentos-pelo-usuario-externo\/\">Assinatura de documentos pelo Usu\u00e1rio Externo<\/a><\/p>\n\n\n\n<p><\/p>\n","protected":false},"excerpt":{"rendered":"<p>O SEI (Sistema Eletr\u00f4nico de Informa\u00e7\u00f5es) \u00e9 o sistema usado pelo TJBA para a cria\u00e7\u00e3o e o envio de processos [&hellip;]<\/p>\n","protected":false},"author":30,"featured_media":0,"parent":11917,"menu_order":0,"comment_status":"closed","ping_status":"closed","template":"","meta":{"_acf_changed":false,"ub_ctt_via":"","footnotes":""},"class_list":["post-12270","page","type-page","status-publish","hentry"],"acf":[],"featured_image_src":null,"_links":{"self":[{"href":"https:\/\/www.tjba.jus.br\/portalconectainterior\/wp-json\/wp\/v2\/pages\/12270","targetHints":{"allow":["GET"]}}],"collection":[{"href":"https:\/\/www.tjba.jus.br\/portalconectainterior\/wp-json\/wp\/v2\/pages"}],"about":[{"href":"https:\/\/www.tjba.jus.br\/portalconectainterior\/wp-json\/wp\/v2\/types\/page"}],"author":[{"embeddable":true,"href":"https:\/\/www.tjba.jus.br\/portalconectainterior\/wp-json\/wp\/v2\/users\/30"}],"replies":[{"embeddable":true,"href":"https:\/\/www.tjba.jus.br\/portalconectainterior\/wp-json\/wp\/v2\/comments?post=12270"}],"version-history":[{"count":3,"href":"https:\/\/www.tjba.jus.br\/portalconectainterior\/wp-json\/wp\/v2\/pages\/12270\/revisions"}],"predecessor-version":[{"id":12287,"href":"https:\/\/www.tjba.jus.br\/portalconectainterior\/wp-json\/wp\/v2\/pages\/12270\/revisions\/12287"}],"up":[{"embeddable":true,"href":"https:\/\/www.tjba.jus.br\/portalconectainterior\/wp-json\/wp\/v2\/pages\/11917"}],"wp:attachment":[{"href":"https:\/\/www.tjba.jus.br\/portalconectainterior\/wp-json\/wp\/v2\/media?parent=12270"}],"curies":[{"name":"wp","href":"https:\/\/api.w.org\/{rel}","templated":true}]}}