{"id":12272,"date":"2025-10-31T13:37:26","date_gmt":"2025-10-31T16:37:26","guid":{"rendered":"https:\/\/www.tjba.jus.br\/portalconectainterior\/?page_id=12272"},"modified":"2025-11-10T11:06:12","modified_gmt":"2025-11-10T14:06:12","slug":"sei-assinatura-de-documentos-pelo-usuario-externo","status":"publish","type":"page","link":"https:\/\/www.tjba.jus.br\/portalconectainterior\/capacitacoes\/manuais-de-sistemas\/sei\/sei-assinatura-de-documentos-pelo-usuario-externo\/","title":{"rendered":"SEI &#8211; Assinatura de documentos pelo Usu\u00e1rio Externo"},"content":{"rendered":"<div class=\"wp-block-image\">\n<figure class=\"aligncenter\"><img loading=\"lazy\" decoding=\"async\" width=\"165\" height=\"112\" src=\"https:\/\/www.tjba.jus.br\/portalconectainterior\/wp-content\/uploads\/2025\/10\/SEI-LOGO.png\" alt=\"\" class=\"wp-image-12271\"\/><\/figure>\n<\/div>\n\n\n<h2 class=\"wp-block-heading\"><strong>&#x1f539; O que \u00e9 o SEI?<\/strong><\/h2>\n\n\n\n<p>O <strong>SEI (Sistema Eletr\u00f4nico de Informa\u00e7\u00f5es)<\/strong> \u00e9 o sistema usado pelo <strong>TJBA<\/strong> para a cria\u00e7\u00e3o e o envio de processos e documentos digitais.<strong>As pessoas que <strong>n\u00e3o fazem parte do quadro interno do tribunal<\/strong>, como <strong>advogados, peritos, partes e outros interessados<\/strong>, precisam criar um <strong>Usu\u00e1rio Externo<\/strong> para poder acessar e assinar documentos no sistema.<\/p>\n\n\n\n<h2 class=\"wp-block-heading\"><strong>&#x1f539; Como fazer a assinatura do documento pelo usu\u00e1rio externo?<\/strong><\/h2>\n\n\n\n<p>1 &#8211; <a href=\"https:\/\/sei.tjba.jus.br\/sei\/controlador_externo.php?acao=usuario_externo_logar&amp;id_orgao_acesso_externo=0\" data-type=\"link\" data-id=\"https:\/\/sei.tjba.jus.br\/sei\/controlador_externo.php?acao=usuario_externo_logar&amp;id_orgao_acesso_externo=0\">Clique aqui para acessar o site do SEI<\/a>.<\/p>\n\n\n\n<p>2 &#8211; Fa\u00e7a <strong>login<\/strong>. Caso n\u00e3o possua cadastro, <a href=\"https:\/\/www.tjba.jus.br\/portalconectainterior\/capacitacoes\/manuais-de-sistemas\/sei\/\" data-type=\"page\" data-id=\"12270\">primeiro se cadastre conforme as instru\u00e7\u00f5es do link<\/a>. Caso possua, preencha seu e-mail e senha e clique em &#8220;Entrar&#8221;.<\/p>\n\n\n\n<p>3 &#8211; Na tela ser\u00e1 exibida a lista de processos em que o usu\u00e1rio externo foi designado para assinar. Clique no n\u00famero do processo para visualiz\u00e1-lo ou no nome do documento para abrir o arquivo pendente de assinatura.<\/p>\n\n\n\n<p>4 &#8211; Para assinar, clique no \u00edcone de caneta (conforme indicado abaixo).<\/p>\n\n\n<div class=\"wp-block-image\">\n<figure class=\"aligncenter size-full is-resized\"><img loading=\"lazy\" decoding=\"async\" width=\"33\" height=\"27\" src=\"https:\/\/www.tjba.jus.br\/portalconectainterior\/wp-content\/uploads\/2025\/11\/image.png\" alt=\"\" class=\"wp-image-12289\" style=\"width:37px;height:auto\"\/><\/figure>\n<\/div>\n\n\n<p>5 &#8211; Uma nova tela ser\u00e1 aberta. Digite sua senha e clique em <strong>\u201cAssinar\u201d<\/strong>.<\/p>\n\n\n\n<p>6 &#8211; Ap\u00f3s a assinatura, o \u00edcone de caneta desaparecer\u00e1 e, ao abrir o documento, ser\u00e1 poss\u00edvel visualizar a assinatura inserida.<\/p>\n\n\n\n<p><\/p>\n","protected":false},"excerpt":{"rendered":"<p>&#x1f539; O que \u00e9 o SEI? O SEI (Sistema Eletr\u00f4nico de Informa\u00e7\u00f5es) \u00e9 o sistema usado pelo TJBA para a [&hellip;]<\/p>\n","protected":false},"author":30,"featured_media":0,"parent":12270,"menu_order":0,"comment_status":"closed","ping_status":"closed","template":"","meta":{"_acf_changed":false,"ub_ctt_via":"","footnotes":""},"class_list":["post-12272","page","type-page","status-publish","hentry"],"acf":[],"featured_image_src":null,"_links":{"self":[{"href":"https:\/\/www.tjba.jus.br\/portalconectainterior\/wp-json\/wp\/v2\/pages\/12272","targetHints":{"allow":["GET"]}}],"collection":[{"href":"https:\/\/www.tjba.jus.br\/portalconectainterior\/wp-json\/wp\/v2\/pages"}],"about":[{"href":"https:\/\/www.tjba.jus.br\/portalconectainterior\/wp-json\/wp\/v2\/types\/page"}],"author":[{"embeddable":true,"href":"https:\/\/www.tjba.jus.br\/portalconectainterior\/wp-json\/wp\/v2\/users\/30"}],"replies":[{"embeddable":true,"href":"https:\/\/www.tjba.jus.br\/portalconectainterior\/wp-json\/wp\/v2\/comments?post=12272"}],"version-history":[{"count":3,"href":"https:\/\/www.tjba.jus.br\/portalconectainterior\/wp-json\/wp\/v2\/pages\/12272\/revisions"}],"predecessor-version":[{"id":12290,"href":"https:\/\/www.tjba.jus.br\/portalconectainterior\/wp-json\/wp\/v2\/pages\/12272\/revisions\/12290"}],"up":[{"embeddable":true,"href":"https:\/\/www.tjba.jus.br\/portalconectainterior\/wp-json\/wp\/v2\/pages\/12270"}],"wp:attachment":[{"href":"https:\/\/www.tjba.jus.br\/portalconectainterior\/wp-json\/wp\/v2\/media?parent=12272"}],"curies":[{"name":"wp","href":"https:\/\/api.w.org\/{rel}","templated":true}]}}