{"id":1231,"date":"2026-01-21T17:40:12","date_gmt":"2026-01-21T20:40:12","guid":{"rendered":"https:\/\/www.tjba.jus.br\/portaldatecnologia\/?page_id=1231"},"modified":"2026-02-24T15:23:11","modified_gmt":"2026-02-24T18:23:11","slug":"ferramentas-tjba","status":"publish","type":"page","link":"https:\/\/www.tjba.jus.br\/portaldatecnologia\/ferramentas-tjba\/","title":{"rendered":"Ferramentas TJBA"},"content":{"rendered":"\n<figure class=\"wp-block-image size-large\"><img loading=\"lazy\" decoding=\"async\" width=\"1024\" height=\"248\" src=\"https:\/\/www.tjba.jus.br\/portaldatecnologia\/wp-content\/uploads\/2026\/01\/Ativo-12@4x-1024x248.png\" alt=\"\" class=\"wp-image-1243\" srcset=\"https:\/\/www.tjba.jus.br\/portaldatecnologia\/wp-content\/uploads\/2026\/01\/Ativo-12@4x-1024x248.png 1024w, https:\/\/www.tjba.jus.br\/portaldatecnologia\/wp-content\/uploads\/2026\/01\/Ativo-12@4x-300x73.png 300w, https:\/\/www.tjba.jus.br\/portaldatecnologia\/wp-content\/uploads\/2026\/01\/Ativo-12@4x-768x186.png 768w, https:\/\/www.tjba.jus.br\/portaldatecnologia\/wp-content\/uploads\/2026\/01\/Ativo-12@4x-1536x372.png 1536w, https:\/\/www.tjba.jus.br\/portaldatecnologia\/wp-content\/uploads\/2026\/01\/Ativo-12@4x-2048x496.png 2048w\" sizes=\"auto, (max-width: 1024px) 100vw, 1024px\" \/><\/figure>\n\n\n\n<div style=\"height:40px\" aria-hidden=\"true\" class=\"wp-block-spacer\"><\/div>\n\n\n\n<h2 class=\"wp-block-heading has-text-color has-link-color wp-elements-c0e08cd07b33af6a62d379a32548552c\" style=\"color:#13477c\">Conhe\u00e7a as ferramentas tecnol\u00f3gicas do TJBA<\/h2>\n\n\n\n<p><strong>Lorem Ipsum<\/strong>&nbsp;\u00e9 simplesmente uma simula\u00e7\u00e3o de texto da ind\u00fastria tipogr\u00e1fica e de impressos, e vem sendo utilizado desde o s\u00e9culo XVI, quando um impressor desconhecido pegou uma bandeja de tipos e os embaralhou para fazer um livro de modelos de tipos. Lorem Ipsum sobreviveu n\u00e3o s\u00f3 a cinco s\u00e9culos, como tamb\u00e9m ao salto para a editora\u00e7\u00e3o eletr\u00f4nica, permanecendo essencialmente inalterado. Se popularizou na d\u00e9cada de 60, quando a Letraset lan\u00e7ou decalques contendo passagens de Lorem Ipsum, e mais recentemente quando passou a ser integrado a softwares de editora\u00e7\u00e3o eletr\u00f4nica como Aldus PageMaker.<\/p>\n\n\n\n<div style=\"height:100px\" aria-hidden=\"true\" class=\"wp-block-spacer\"><\/div>\n\n\n\n<div class=\"wp-block-columns is-layout-flex wp-container-core-columns-is-layout-9d6595d7 wp-block-columns-is-layout-flex\">\n<div class=\"wp-block-column is-layout-flow wp-block-column-is-layout-flow\" style=\"flex-basis:10%\"><\/div>\n\n\n\n<div class=\"wp-block-column is-layout-flow wp-block-column-is-layout-flow\" style=\"flex-basis:40%\">\n<figure class=\"wp-block-image size-large img-wrapper\"><a href=\"https:\/\/www.tjba.jus.br\/portaldatecnologia\/audin\/\"><img loading=\"lazy\" decoding=\"async\" width=\"1024\" height=\"935\" src=\"https:\/\/www.tjba.jus.br\/portaldatecnologia\/wp-content\/uploads\/2026\/02\/AUDIN-1024x935.png\" alt=\"Ilustra\u00e7\u00e3o do AUDIN, solu\u00e7\u00e3o de Intelig\u00eancia Artificial do Tribunal de Justi\u00e7a da Bahia para gest\u00e3o de audi\u00eancias judiciais, com recursos de grava\u00e7\u00e3o, transcri\u00e7\u00e3o autom\u00e1tica e gera\u00e7\u00e3o de resumos sincronizados em tempo real.\" class=\"wp-image-1264\" srcset=\"https:\/\/www.tjba.jus.br\/portaldatecnologia\/wp-content\/uploads\/2026\/02\/AUDIN-1024x935.png 1024w, https:\/\/www.tjba.jus.br\/portaldatecnologia\/wp-content\/uploads\/2026\/02\/AUDIN-300x274.png 300w, https:\/\/www.tjba.jus.br\/portaldatecnologia\/wp-content\/uploads\/2026\/02\/AUDIN-768x701.png 768w, https:\/\/www.tjba.jus.br\/portaldatecnologia\/wp-content\/uploads\/2026\/02\/AUDIN-1536x1402.png 1536w, https:\/\/www.tjba.jus.br\/portaldatecnologia\/wp-content\/uploads\/2026\/02\/AUDIN.png 1609w\" sizes=\"auto, (max-width: 1024px) 100vw, 1024px\" \/><\/a><\/figure>\n<\/div>\n\n\n\n<div class=\"wp-block-column is-layout-flow wp-block-column-is-layout-flow\" style=\"flex-basis:40%\">\n<figure class=\"wp-block-image size-large img-wrapper\"><a href=\"https:\/\/www.tjba.jus.br\/portaldatecnologia\/banco-de-prompts\/\"><img loading=\"lazy\" decoding=\"async\" width=\"1024\" height=\"935\" src=\"https:\/\/www.tjba.jus.br\/portaldatecnologia\/wp-content\/uploads\/2026\/02\/Banco-de-Prompts-1024x935.png\" alt=\"Banner do Banco de Prompts do Tribunal de Justi\u00e7a da Bahia, reposit\u00f3rio institucional de comandos estruturados para uso estrat\u00e9gico de Intelig\u00eancia Artificial, com foco em padroniza\u00e7\u00e3o, seguran\u00e7a e efici\u00eancia nas atividades judiciais e administrativas.\" class=\"wp-image-1265\" srcset=\"https:\/\/www.tjba.jus.br\/portaldatecnologia\/wp-content\/uploads\/2026\/02\/Banco-de-Prompts-1024x935.png 1024w, https:\/\/www.tjba.jus.br\/portaldatecnologia\/wp-content\/uploads\/2026\/02\/Banco-de-Prompts-300x274.png 300w, https:\/\/www.tjba.jus.br\/portaldatecnologia\/wp-content\/uploads\/2026\/02\/Banco-de-Prompts-768x701.png 768w, https:\/\/www.tjba.jus.br\/portaldatecnologia\/wp-content\/uploads\/2026\/02\/Banco-de-Prompts-1536x1402.png 1536w, https:\/\/www.tjba.jus.br\/portaldatecnologia\/wp-content\/uploads\/2026\/02\/Banco-de-Prompts.png 1609w\" sizes=\"auto, (max-width: 1024px) 100vw, 1024px\" \/><\/a><\/figure>\n<\/div>\n\n\n\n<div class=\"wp-block-column is-layout-flow wp-block-column-is-layout-flow\" style=\"flex-basis:10%\"><\/div>\n<\/div>\n\n\n\n<div style=\"height:20px\" aria-hidden=\"true\" class=\"wp-block-spacer\"><\/div>\n\n\n\n<div class=\"wp-block-columns is-layout-flex wp-container-core-columns-is-layout-9d6595d7 wp-block-columns-is-layout-flex\">\n<div class=\"wp-block-column is-layout-flow wp-block-column-is-layout-flow\" style=\"flex-basis:10%\"><\/div>\n\n\n\n<div class=\"wp-block-column is-layout-flow wp-block-column-is-layout-flow\" style=\"flex-basis:40%\">\n<figure class=\"wp-block-image size-large img-wrapper\"><a href=\"https:\/\/www.tjba.jus.br\/portaldatecnologia\/eproc\/\"><img loading=\"lazy\" decoding=\"async\" width=\"1024\" height=\"934\" src=\"https:\/\/www.tjba.jus.br\/portaldatecnologia\/wp-content\/uploads\/2026\/02\/EPROC-1024x934.png\" alt=\"Banner do eproc, novo sistema de processo judicial eletr\u00f4nico do Tribunal de Justi\u00e7a da Bahia, voltado \u00e0 moderniza\u00e7\u00e3o da gest\u00e3o processual, com foco em agilidade, estabilidade e transpar\u00eancia na tramita\u00e7\u00e3o de processos.\" class=\"wp-image-1274\" srcset=\"https:\/\/www.tjba.jus.br\/portaldatecnologia\/wp-content\/uploads\/2026\/02\/EPROC-1024x934.png 1024w, https:\/\/www.tjba.jus.br\/portaldatecnologia\/wp-content\/uploads\/2026\/02\/EPROC-300x274.png 300w, https:\/\/www.tjba.jus.br\/portaldatecnologia\/wp-content\/uploads\/2026\/02\/EPROC-768x701.png 768w, https:\/\/www.tjba.jus.br\/portaldatecnologia\/wp-content\/uploads\/2026\/02\/EPROC-1536x1401.png 1536w, https:\/\/www.tjba.jus.br\/portaldatecnologia\/wp-content\/uploads\/2026\/02\/EPROC.png 1609w\" sizes=\"auto, (max-width: 1024px) 100vw, 1024px\" \/><\/a><\/figure>\n<\/div>\n\n\n\n<div class=\"wp-block-column is-layout-flow wp-block-column-is-layout-flow\" style=\"flex-basis:40%\">\n<figure class=\"wp-block-image size-large img-wrapper\"><a href=\"https:\/\/www.tjba.jus.br\/portaldatecnologia\/elos-minuta\/\"><img loading=\"lazy\" decoding=\"async\" width=\"1024\" height=\"934\" src=\"https:\/\/www.tjba.jus.br\/portaldatecnologia\/wp-content\/uploads\/2026\/02\/Elos-Minuta-1024x934.png\" alt=\"Banner do ELOS Minuta, ferramenta de Intelig\u00eancia Artificial do Tribunal de Justi\u00e7a da Bahia para apoio \u00e0 elabora\u00e7\u00e3o de minutas judiciais, com foco em efici\u00eancia, padroniza\u00e7\u00e3o e qualidade t\u00e9cnica, mantendo supervis\u00e3o humana.\" class=\"wp-image-1266\" srcset=\"https:\/\/www.tjba.jus.br\/portaldatecnologia\/wp-content\/uploads\/2026\/02\/Elos-Minuta-1024x934.png 1024w, https:\/\/www.tjba.jus.br\/portaldatecnologia\/wp-content\/uploads\/2026\/02\/Elos-Minuta-300x274.png 300w, https:\/\/www.tjba.jus.br\/portaldatecnologia\/wp-content\/uploads\/2026\/02\/Elos-Minuta-768x701.png 768w, https:\/\/www.tjba.jus.br\/portaldatecnologia\/wp-content\/uploads\/2026\/02\/Elos-Minuta-1536x1401.png 1536w, https:\/\/www.tjba.jus.br\/portaldatecnologia\/wp-content\/uploads\/2026\/02\/Elos-Minuta.png 1609w\" sizes=\"auto, (max-width: 1024px) 100vw, 1024px\" \/><\/a><\/figure>\n<\/div>\n\n\n\n<div class=\"wp-block-column is-layout-flow wp-block-column-is-layout-flow\" style=\"flex-basis:10%\"><\/div>\n<\/div>\n\n\n\n<div class=\"wp-block-columns is-layout-flex wp-container-core-columns-is-layout-9d6595d7 wp-block-columns-is-layout-flex\">\n<div class=\"wp-block-column is-layout-flow wp-block-column-is-layout-flow\" style=\"flex-basis:10%\"><\/div>\n\n\n\n<div class=\"wp-block-column is-layout-flow wp-block-column-is-layout-flow\" style=\"flex-basis:40%\">\n<figure class=\"wp-block-image size-large img-wrapper\"><a href=\"https:\/\/www.tjba.jus.br\/portaldatecnologia\/pje-correcao-de-erros\/\"><img loading=\"lazy\" decoding=\"async\" width=\"1024\" height=\"934\" src=\"https:\/\/www.tjba.jus.br\/portaldatecnologia\/wp-content\/uploads\/2026\/02\/Correcao-de-Erros-do-PJE-1024x934.png\" alt=\"Banner com orienta\u00e7\u00f5es para corrigir erro de carregamento de tarefas no sistema PJe em vers\u00f5es espec\u00edficas do Google Chrome, apresentando procedimento para restabelecer o acesso e garantir o funcionamento regular do sistema.\" class=\"wp-image-1267\" srcset=\"https:\/\/www.tjba.jus.br\/portaldatecnologia\/wp-content\/uploads\/2026\/02\/Correcao-de-Erros-do-PJE-1024x934.png 1024w, https:\/\/www.tjba.jus.br\/portaldatecnologia\/wp-content\/uploads\/2026\/02\/Correcao-de-Erros-do-PJE-300x274.png 300w, https:\/\/www.tjba.jus.br\/portaldatecnologia\/wp-content\/uploads\/2026\/02\/Correcao-de-Erros-do-PJE-768x701.png 768w, https:\/\/www.tjba.jus.br\/portaldatecnologia\/wp-content\/uploads\/2026\/02\/Correcao-de-Erros-do-PJE-1536x1401.png 1536w, https:\/\/www.tjba.jus.br\/portaldatecnologia\/wp-content\/uploads\/2026\/02\/Correcao-de-Erros-do-PJE.png 1609w\" sizes=\"auto, (max-width: 1024px) 100vw, 1024px\" \/><\/a><\/figure>\n<\/div>\n\n\n\n<div class=\"wp-block-column is-layout-flow wp-block-column-is-layout-flow\" style=\"flex-basis:40%\">\n<figure class=\"wp-block-image size-large img-wrapper\"><a href=\"https:\/\/www.tjba.jus.br\/portaldatecnologia\/justica-automatizada-2\/\"><img loading=\"lazy\" decoding=\"async\" width=\"1024\" height=\"934\" src=\"https:\/\/www.tjba.jus.br\/portaldatecnologia\/wp-content\/uploads\/2026\/02\/Justica-Automatizada-1024x934.png\" alt=\"Banner do Portal de Justi\u00e7a Automatizada, plataforma do Tribunal de Justi\u00e7a da Bahia que re\u00fane rob\u00f4s de automa\u00e7\u00e3o para pesquisa e consulta processual.\" class=\"wp-image-1268\" srcset=\"https:\/\/www.tjba.jus.br\/portaldatecnologia\/wp-content\/uploads\/2026\/02\/Justica-Automatizada-1024x934.png 1024w, https:\/\/www.tjba.jus.br\/portaldatecnologia\/wp-content\/uploads\/2026\/02\/Justica-Automatizada-300x274.png 300w, https:\/\/www.tjba.jus.br\/portaldatecnologia\/wp-content\/uploads\/2026\/02\/Justica-Automatizada-768x701.png 768w, https:\/\/www.tjba.jus.br\/portaldatecnologia\/wp-content\/uploads\/2026\/02\/Justica-Automatizada-1536x1401.png 1536w, https:\/\/www.tjba.jus.br\/portaldatecnologia\/wp-content\/uploads\/2026\/02\/Justica-Automatizada.png 1609w\" sizes=\"auto, (max-width: 1024px) 100vw, 1024px\" \/><\/a><\/figure>\n<\/div>\n\n\n\n<div class=\"wp-block-column is-layout-flow wp-block-column-is-layout-flow\" style=\"flex-basis:10%\"><\/div>\n<\/div>\n\n\n\n<div style=\"height:20px\" aria-hidden=\"true\" class=\"wp-block-spacer\"><\/div>\n\n\n\n<div class=\"wp-block-columns is-layout-flex wp-container-core-columns-is-layout-9d6595d7 wp-block-columns-is-layout-flex\">\n<div class=\"wp-block-column is-layout-flow wp-block-column-is-layout-flow\" style=\"flex-basis:10%\"><\/div>\n\n\n\n<div class=\"wp-block-column is-layout-flow wp-block-column-is-layout-flow\" style=\"flex-basis:40%\">\n<figure class=\"wp-block-image size-large img-wrapper\"><a href=\"https:\/\/www.tjba.jus.br\/portaldatecnologia\/novo-exaudi\/\"><img loading=\"lazy\" decoding=\"async\" width=\"1024\" height=\"935\" src=\"https:\/\/www.tjba.jus.br\/portaldatecnologia\/wp-content\/uploads\/2026\/02\/Novo-Exaudi-1024x935.png\" alt=\"Banner do Novo EXAUDI, plataforma do Tribunal de Justi\u00e7a da Bahia que integra dados estat\u00edsticos e indicadores de produtividade, com pain\u00e9is interativos e relat\u00f3rios atualizados para monitoramento do acervo e apoio \u00e0 gest\u00e3o processual.\" class=\"wp-image-1269\" srcset=\"https:\/\/www.tjba.jus.br\/portaldatecnologia\/wp-content\/uploads\/2026\/02\/Novo-Exaudi-1024x935.png 1024w, https:\/\/www.tjba.jus.br\/portaldatecnologia\/wp-content\/uploads\/2026\/02\/Novo-Exaudi-300x274.png 300w, https:\/\/www.tjba.jus.br\/portaldatecnologia\/wp-content\/uploads\/2026\/02\/Novo-Exaudi-768x701.png 768w, https:\/\/www.tjba.jus.br\/portaldatecnologia\/wp-content\/uploads\/2026\/02\/Novo-Exaudi-1536x1402.png 1536w, https:\/\/www.tjba.jus.br\/portaldatecnologia\/wp-content\/uploads\/2026\/02\/Novo-Exaudi.png 1609w\" sizes=\"auto, (max-width: 1024px) 100vw, 1024px\" \/><\/a><\/figure>\n<\/div>\n\n\n\n<div class=\"wp-block-column is-layout-flow wp-block-column-is-layout-flow\" style=\"flex-basis:40%\">\n<figure class=\"wp-block-image size-large img-wrapper\"><a href=\"https:\/\/www.tjba.jus.br\/portaldatecnologia\/dikaia\/\"><img loading=\"lazy\" decoding=\"async\" width=\"1024\" height=\"935\" src=\"https:\/\/www.tjba.jus.br\/portaldatecnologia\/wp-content\/uploads\/2026\/02\/DikaIA-1024x935.png\" alt=\"Banner do DikaIA, solu\u00e7\u00e3o de Intelig\u00eancia Artificial do Tribunal de Justi\u00e7a da Bahia para identifica\u00e7\u00e3o de processos repetidos e an\u00e1lise de similaridade entre documentos, com recursos de busca por termo ou por proximidade de conte\u00fado para organiza\u00e7\u00e3o do acervo e apoio \u00e0 gest\u00e3o de precedentes.\" class=\"wp-image-1270\" srcset=\"https:\/\/www.tjba.jus.br\/portaldatecnologia\/wp-content\/uploads\/2026\/02\/DikaIA-1024x935.png 1024w, https:\/\/www.tjba.jus.br\/portaldatecnologia\/wp-content\/uploads\/2026\/02\/DikaIA-300x274.png 300w, https:\/\/www.tjba.jus.br\/portaldatecnologia\/wp-content\/uploads\/2026\/02\/DikaIA-768x701.png 768w, https:\/\/www.tjba.jus.br\/portaldatecnologia\/wp-content\/uploads\/2026\/02\/DikaIA-1536x1402.png 1536w, https:\/\/www.tjba.jus.br\/portaldatecnologia\/wp-content\/uploads\/2026\/02\/DikaIA.png 1609w\" sizes=\"auto, (max-width: 1024px) 100vw, 1024px\" \/><\/a><\/figure>\n<\/div>\n\n\n\n<div class=\"wp-block-column is-layout-flow wp-block-column-is-layout-flow\" style=\"flex-basis:10%\"><\/div>\n<\/div>\n\n\n\n<div style=\"height:20px\" aria-hidden=\"true\" class=\"wp-block-spacer\"><\/div>\n\n\n\n<div class=\"wp-block-columns is-layout-flex wp-container-core-columns-is-layout-9d6595d7 wp-block-columns-is-layout-flex\">\n<div class=\"wp-block-column is-layout-flow wp-block-column-is-layout-flow\" style=\"flex-basis:10%\"><\/div>\n\n\n\n<div class=\"wp-block-column is-layout-flow wp-block-column-is-layout-flow\" style=\"flex-basis:40%\">\n<figure class=\"wp-block-image size-large img-wrapper\"><a href=\"https:\/\/www.tjba.jus.br\/portaldatecnologia\/pje-r\/\"><img loading=\"lazy\" decoding=\"async\" width=\"1024\" height=\"935\" src=\"https:\/\/www.tjba.jus.br\/portaldatecnologia\/wp-content\/uploads\/2026\/02\/PJER-1024x935.png\" alt=\"Banner do PJe + R, extens\u00e3o integrada ao navegador que amplia as funcionalidades do sistema PJe com recursos de automa\u00e7\u00e3o e organiza\u00e7\u00e3o do trabalho, oferecendo controle de prazos, alertas e fluxos personaliz\u00e1veis.\" class=\"wp-image-1271\" srcset=\"https:\/\/www.tjba.jus.br\/portaldatecnologia\/wp-content\/uploads\/2026\/02\/PJER-1024x935.png 1024w, https:\/\/www.tjba.jus.br\/portaldatecnologia\/wp-content\/uploads\/2026\/02\/PJER-300x274.png 300w, https:\/\/www.tjba.jus.br\/portaldatecnologia\/wp-content\/uploads\/2026\/02\/PJER-768x701.png 768w, https:\/\/www.tjba.jus.br\/portaldatecnologia\/wp-content\/uploads\/2026\/02\/PJER-1536x1402.png 1536w, https:\/\/www.tjba.jus.br\/portaldatecnologia\/wp-content\/uploads\/2026\/02\/PJER.png 1609w\" sizes=\"auto, (max-width: 1024px) 100vw, 1024px\" \/><\/a><\/figure>\n<\/div>\n\n\n\n<div class=\"wp-block-column is-layout-flow wp-block-column-is-layout-flow\" style=\"flex-basis:40%\">\n<figure class=\"wp-block-image size-large img-wrapper\"><a href=\"https:\/\/www.tjba.jus.br\/portaldatecnologia\/microsoft-teams\/\"><img loading=\"lazy\" decoding=\"async\" width=\"1024\" height=\"935\" src=\"https:\/\/www.tjba.jus.br\/portaldatecnologia\/wp-content\/uploads\/2026\/02\/Teams-1024x935.png\" alt=\"Banner do Microsoft Teams, plataforma institucional do Tribunal de Justi\u00e7a da Bahia para realiza\u00e7\u00e3o de audi\u00eancias virtuais e reuni\u00f5es oficiais, com recursos de videoconfer\u00eancia segura, grava\u00e7\u00e3o autom\u00e1tica e integra\u00e7\u00e3o aos sistemas do tribunal.\" class=\"wp-image-1272\" srcset=\"https:\/\/www.tjba.jus.br\/portaldatecnologia\/wp-content\/uploads\/2026\/02\/Teams-1024x935.png 1024w, https:\/\/www.tjba.jus.br\/portaldatecnologia\/wp-content\/uploads\/2026\/02\/Teams-300x274.png 300w, https:\/\/www.tjba.jus.br\/portaldatecnologia\/wp-content\/uploads\/2026\/02\/Teams-768x701.png 768w, https:\/\/www.tjba.jus.br\/portaldatecnologia\/wp-content\/uploads\/2026\/02\/Teams-1536x1402.png 1536w, https:\/\/www.tjba.jus.br\/portaldatecnologia\/wp-content\/uploads\/2026\/02\/Teams.png 1609w\" sizes=\"auto, (max-width: 1024px) 100vw, 1024px\" \/><\/a><\/figure>\n<\/div>\n\n\n\n<div class=\"wp-block-column is-layout-flow wp-block-column-is-layout-flow\" style=\"flex-basis:10%\"><\/div>\n<\/div>\n\n\n\n<div style=\"height:20px\" aria-hidden=\"true\" class=\"wp-block-spacer\"><\/div>\n\n\n\n<div style=\"height:20px\" aria-hidden=\"true\" class=\"wp-block-spacer\"><\/div>\n","protected":false},"excerpt":{"rendered":"<p>Conhe\u00e7a as ferramentas tecnol\u00f3gicas do TJBA Lorem Ipsum&nbsp;\u00e9 simplesmente uma simula\u00e7\u00e3o de texto da ind\u00fastria tipogr\u00e1fica e de impressos, e vem sendo utilizado desde o s\u00e9culo XVI, quando um impressor desconhecido pegou uma bandeja de tipos e os embaralhou para fazer um livro de modelos de tipos. Lorem Ipsum sobreviveu n\u00e3o s\u00f3 a cinco s\u00e9culos, [&hellip;]<\/p>\n","protected":false},"author":2,"featured_media":0,"parent":0,"menu_order":0,"comment_status":"closed","ping_status":"closed","template":"page-modelo.php","meta":{"ub_ctt_via":"","footnotes":""},"class_list":["post-1231","page","type-page","status-publish","hentry"],"acf":[],"featured_image_src":null,"_links":{"self":[{"href":"https:\/\/www.tjba.jus.br\/portaldatecnologia\/wp-json\/wp\/v2\/pages\/1231","targetHints":{"allow":["GET"]}}],"collection":[{"href":"https:\/\/www.tjba.jus.br\/portaldatecnologia\/wp-json\/wp\/v2\/pages"}],"about":[{"href":"https:\/\/www.tjba.jus.br\/portaldatecnologia\/wp-json\/wp\/v2\/types\/page"}],"author":[{"embeddable":true,"href":"https:\/\/www.tjba.jus.br\/portaldatecnologia\/wp-json\/wp\/v2\/users\/2"}],"replies":[{"embeddable":true,"href":"https:\/\/www.tjba.jus.br\/portaldatecnologia\/wp-json\/wp\/v2\/comments?post=1231"}],"version-history":[{"count":24,"href":"https:\/\/www.tjba.jus.br\/portaldatecnologia\/wp-json\/wp\/v2\/pages\/1231\/revisions"}],"predecessor-version":[{"id":1326,"href":"https:\/\/www.tjba.jus.br\/portaldatecnologia\/wp-json\/wp\/v2\/pages\/1231\/revisions\/1326"}],"wp:attachment":[{"href":"https:\/\/www.tjba.jus.br\/portaldatecnologia\/wp-json\/wp\/v2\/media?parent=1231"}],"curies":[{"name":"wp","href":"https:\/\/api.w.org\/{rel}","templated":true}]}}