{"id":1247,"date":"2026-01-21T17:35:01","date_gmt":"2026-01-21T20:35:01","guid":{"rendered":"https:\/\/www.tjba.jus.br\/portaldatecnologia\/?page_id=1247"},"modified":"2026-02-24T14:58:51","modified_gmt":"2026-02-24T17:58:51","slug":"elos-minuta","status":"publish","type":"page","link":"https:\/\/www.tjba.jus.br\/portaldatecnologia\/elos-minuta\/","title":{"rendered":"Elos Minuta"},"content":{"rendered":"\n<figure class=\"wp-block-image size-full\"><img loading=\"lazy\" decoding=\"async\" width=\"800\" height=\"193\" src=\"https:\/\/www.tjba.jus.br\/portaldatecnologia\/wp-content\/uploads\/2026\/01\/Ativo-23@4x.jpg\" alt=\"\" class=\"wp-image-1259\" srcset=\"https:\/\/www.tjba.jus.br\/portaldatecnologia\/wp-content\/uploads\/2026\/01\/Ativo-23@4x.jpg 800w, https:\/\/www.tjba.jus.br\/portaldatecnologia\/wp-content\/uploads\/2026\/01\/Ativo-23@4x-300x72.jpg 300w, https:\/\/www.tjba.jus.br\/portaldatecnologia\/wp-content\/uploads\/2026\/01\/Ativo-23@4x-768x185.jpg 768w\" sizes=\"auto, (max-width: 800px) 100vw, 800px\" \/><\/figure>\n\n\n\n<div style=\"height:20px\" aria-hidden=\"true\" class=\"wp-block-spacer\"><\/div>\n\n\n\n<h2 class=\"wp-block-heading has-text-color has-link-color wp-elements-0770c5170c9a7048cd1b6f02726f685b\" style=\"color:#13477c\">Elos Minuta<\/h2>\n\n\n\n<p>O ELOS MINUTA \u00e9 uma ferramenta institucional de apoio \u00e0 elabora\u00e7\u00e3o de minutas judiciais, baseada em Intelig\u00eancia Artificial generativa, destinada a auxiliar desembargadores(as), magistrados(as), servidores(as) e estagi\u00e1rios(as), nos termos do Decreto Judici\u00e1rio n\u00ba 1028, de 24 de novembro de 2025. A solu\u00e7\u00e3o contribui para o aumento da efici\u00eancia e para a padroniza\u00e7\u00e3o na produ\u00e7\u00e3o de documentos judiciais, preservada a responsabilidade funcional do usu\u00e1rio.<\/p>\n\n\n\n<div style=\"height:20px\" aria-hidden=\"true\" class=\"wp-block-spacer\"><\/div>\n\n\n\n<h2 class=\"wp-block-heading has-text-color has-link-color wp-elements-0726c8a80023f946440b2ad7f3ea56ac\" style=\"color:#13477c\">Como usar?<\/h2>\n\n\n\n<p>A utiliza\u00e7\u00e3o do ELOS MINUTA est\u00e1 condicionada \u00e0 pr\u00e9via capacita\u00e7\u00e3o do usu\u00e1rio em Intelig\u00eancia Artificial, essa capacita\u00e7\u00e3o pode decorrer tanto de curso institucional promovido pelo Tribunal de Justi\u00e7a do Estado da Bahia quanto de outros cursos de IA reconhecidos e compat\u00edveis com as diretrizes normativas aplic\u00e1veis. Uma vez habilitado, o usu\u00e1rio poder\u00e1 importar documentos e pe\u00e7as processuais, realizar pesquisas de legisla\u00e7\u00e3o e jurisprud\u00eancia, organizar bibliotecas de refer\u00eancia e elaborar prompts jur\u00eddicos adequados ao contexto do caso concreto. A ferramenta permite a cria\u00e7\u00e3o de minutas assistidas pela Intelig\u00eancia Artificial, que devem ser obrigatoriamente analisadas, revisadas e validadas pelo usu\u00e1rio, preservando-se a supervis\u00e3o humana, a autonomia decis\u00f3ria e a responsabilidade funcional.<\/p>\n\n\n\n<h2 class=\"wp-block-heading has-text-color has-link-color wp-elements-0db6108be4dbc5a954c2b52d70a7484b\" style=\"color:#13477c\">P\u00fablico-alvo<\/h2>\n\n\n\n<p>O ELOS MINUTA tem como p\u00fablico-alvo desembargadores(as), magistrados(as), servidores(as) e estagi\u00e1rios(as) do Tribunal de Justi\u00e7a do Estado da Bahia que atuam direta ou indiretamente no apoio \u00e0 atividade jurisdicional, especialmente na elabora\u00e7\u00e3o, an\u00e1lise e revis\u00e3o de minutas de atos judiciais, observadas as atribui\u00e7\u00f5es funcionais e os perfis de acesso definidos institucionalmente.<\/p>\n\n\n\n<div style=\"height:20px\" aria-hidden=\"true\" class=\"wp-block-spacer\"><\/div>\n\n\n\n<h2 class=\"wp-block-heading has-text-color has-link-color wp-elements-3b397bcd2bbe9f4fd6e762d045c0d24e\" style=\"color:#13477c\">Benef\u00edcios<\/h2>\n\n\n\n<p>Os benef\u00edcios da utiliza\u00e7\u00e3o do ELOS MINUTA incluem o aumento da efici\u00eancia e da produtividade na elabora\u00e7\u00e3o de minutas judiciais, com redu\u00e7\u00e3o do tempo dedicado \u00e0 reda\u00e7\u00e3o inicial de atos processuais. A ferramenta contribui para a padroniza\u00e7\u00e3o e a organiza\u00e7\u00e3o l\u00f3gica dos documentos, auxiliando na clareza, coer\u00eancia e qualidade t\u00e9cnica das pe\u00e7as produzidas. Al\u00e9m disso, favorece o uso respons\u00e1vel da Intelig\u00eancia Artificial como instrumento de apoio \u00e0 atividade jurisdicional, mantendo a supervis\u00e3o humana, a autonomia decis\u00f3ria e a responsabilidade funcional do usu\u00e1rio.<\/p>\n\n\n\n<div style=\"height:20px\" aria-hidden=\"true\" class=\"wp-block-spacer\"><\/div>\n\n\n\n<h2 class=\"wp-block-heading has-text-color has-link-color wp-elements-78e9a5c6e18fcf9d7120616118565cbb\" style=\"color:#13477c\">Guias e Manuais<\/h2>\n\n\n\n<ul style=\"color:#13477c\" class=\"wp-block-list has-text-color has-link-color wp-elements-d4068da268301b0b9fa8b506e43e28f8\">\n<li>Lorem Ipsum na internet tendem a repetir peda\u00e7os predefinidos conforme necess\u00e1rio<\/li>\n\n\n\n<li>Lorem Ipsum na internet tendem a repetir peda\u00e7os predefinidos conforme necess\u00e1rio<\/li>\n<\/ul>\n\n\n\n<div style=\"height:20px\" aria-hidden=\"true\" class=\"wp-block-spacer\"><\/div>\n\n\n\n<h2 class=\"wp-block-heading has-text-color has-link-color wp-elements-f62605e10d95a8703e2d0c48f2bdeeb1\" style=\"color:#13477c\">V\u00eddeos<\/h2>\n\n\n\n<div class=\"wp-block-columns is-layout-flex wp-container-core-columns-is-layout-9d6595d7 wp-block-columns-is-layout-flex\">\n<div class=\"wp-block-column is-layout-flow wp-block-column-is-layout-flow\" style=\"flex-basis:10%\"><\/div>\n\n\n\n<div class=\"wp-block-column is-layout-flow wp-block-column-is-layout-flow\" style=\"flex-basis:40%\">\n<figure class=\"wp-block-image size-large\"><img loading=\"lazy\" decoding=\"async\" width=\"1024\" height=\"576\" src=\"https:\/\/www.tjba.jus.br\/portaldatecnologia\/wp-content\/uploads\/2026\/01\/Ativo-18@4x-1024x576.png\" alt=\"\" class=\"wp-image-1237\" srcset=\"https:\/\/www.tjba.jus.br\/portaldatecnologia\/wp-content\/uploads\/2026\/01\/Ativo-18@4x-1024x576.png 1024w, https:\/\/www.tjba.jus.br\/portaldatecnologia\/wp-content\/uploads\/2026\/01\/Ativo-18@4x-300x169.png 300w, https:\/\/www.tjba.jus.br\/portaldatecnologia\/wp-content\/uploads\/2026\/01\/Ativo-18@4x-768x432.png 768w, https:\/\/www.tjba.jus.br\/portaldatecnologia\/wp-content\/uploads\/2026\/01\/Ativo-18@4x-1536x864.png 1536w, https:\/\/www.tjba.jus.br\/portaldatecnologia\/wp-content\/uploads\/2026\/01\/Ativo-18@4x-2048x1152.png 2048w\" sizes=\"auto, (max-width: 1024px) 100vw, 1024px\" \/><\/figure>\n<\/div>\n\n\n\n<div class=\"wp-block-column is-layout-flow wp-block-column-is-layout-flow\" style=\"flex-basis:40%\">\n<figure class=\"wp-block-image size-large\"><img loading=\"lazy\" decoding=\"async\" width=\"1024\" height=\"576\" src=\"https:\/\/www.tjba.jus.br\/portaldatecnologia\/wp-content\/uploads\/2026\/01\/Ativo-18@4x-1024x576.png\" alt=\"\" class=\"wp-image-1237\" srcset=\"https:\/\/www.tjba.jus.br\/portaldatecnologia\/wp-content\/uploads\/2026\/01\/Ativo-18@4x-1024x576.png 1024w, https:\/\/www.tjba.jus.br\/portaldatecnologia\/wp-content\/uploads\/2026\/01\/Ativo-18@4x-300x169.png 300w, https:\/\/www.tjba.jus.br\/portaldatecnologia\/wp-content\/uploads\/2026\/01\/Ativo-18@4x-768x432.png 768w, https:\/\/www.tjba.jus.br\/portaldatecnologia\/wp-content\/uploads\/2026\/01\/Ativo-18@4x-1536x864.png 1536w, https:\/\/www.tjba.jus.br\/portaldatecnologia\/wp-content\/uploads\/2026\/01\/Ativo-18@4x-2048x1152.png 2048w\" sizes=\"auto, (max-width: 1024px) 100vw, 1024px\" \/><\/figure>\n<\/div>\n\n\n\n<div class=\"wp-block-column is-layout-flow wp-block-column-is-layout-flow\" style=\"flex-basis:10%\"><\/div>\n<\/div>\n\n\n\n<p><\/p>\n","protected":false},"excerpt":{"rendered":"<p>Elos Minuta O ELOS MINUTA \u00e9 uma ferramenta institucional de apoio \u00e0 elabora\u00e7\u00e3o de minutas judiciais, baseada em Intelig\u00eancia Artificial generativa, destinada a auxiliar desembargadores(as), magistrados(as), servidores(as) e estagi\u00e1rios(as), nos termos do Decreto Judici\u00e1rio n\u00ba 1028, de 24 de novembro de 2025. A solu\u00e7\u00e3o contribui para o aumento da efici\u00eancia e para a padroniza\u00e7\u00e3o na [&hellip;]<\/p>\n","protected":false},"author":2,"featured_media":0,"parent":0,"menu_order":0,"comment_status":"closed","ping_status":"closed","template":"page-modelo.php","meta":{"ub_ctt_via":"","footnotes":""},"class_list":["post-1247","page","type-page","status-publish","hentry"],"acf":[],"featured_image_src":null,"_links":{"self":[{"href":"https:\/\/www.tjba.jus.br\/portaldatecnologia\/wp-json\/wp\/v2\/pages\/1247","targetHints":{"allow":["GET"]}}],"collection":[{"href":"https:\/\/www.tjba.jus.br\/portaldatecnologia\/wp-json\/wp\/v2\/pages"}],"about":[{"href":"https:\/\/www.tjba.jus.br\/portaldatecnologia\/wp-json\/wp\/v2\/types\/page"}],"author":[{"embeddable":true,"href":"https:\/\/www.tjba.jus.br\/portaldatecnologia\/wp-json\/wp\/v2\/users\/2"}],"replies":[{"embeddable":true,"href":"https:\/\/www.tjba.jus.br\/portaldatecnologia\/wp-json\/wp\/v2\/comments?post=1247"}],"version-history":[{"count":5,"href":"https:\/\/www.tjba.jus.br\/portaldatecnologia\/wp-json\/wp\/v2\/pages\/1247\/revisions"}],"predecessor-version":[{"id":1298,"href":"https:\/\/www.tjba.jus.br\/portaldatecnologia\/wp-json\/wp\/v2\/pages\/1247\/revisions\/1298"}],"wp:attachment":[{"href":"https:\/\/www.tjba.jus.br\/portaldatecnologia\/wp-json\/wp\/v2\/media?parent=1247"}],"curies":[{"name":"wp","href":"https:\/\/api.w.org\/{rel}","templated":true}]}}