{"id":1253,"date":"2026-01-21T17:47:55","date_gmt":"2026-01-21T20:47:55","guid":{"rendered":"https:\/\/www.tjba.jus.br\/portaldatecnologia\/?page_id=1253"},"modified":"2026-02-24T14:47:19","modified_gmt":"2026-02-24T17:47:19","slug":"eproc","status":"publish","type":"page","link":"https:\/\/www.tjba.jus.br\/portaldatecnologia\/eproc\/","title":{"rendered":"Eproc"},"content":{"rendered":"\n<figure class=\"wp-block-image size-large\"><img loading=\"lazy\" decoding=\"async\" width=\"1024\" height=\"250\" src=\"https:\/\/www.tjba.jus.br\/portaldatecnologia\/wp-content\/uploads\/2026\/01\/Ativo-17@4x-1024x250.png\" alt=\"\" class=\"wp-image-1236\" srcset=\"https:\/\/www.tjba.jus.br\/portaldatecnologia\/wp-content\/uploads\/2026\/01\/Ativo-17@4x-1024x250.png 1024w, https:\/\/www.tjba.jus.br\/portaldatecnologia\/wp-content\/uploads\/2026\/01\/Ativo-17@4x-300x73.png 300w, https:\/\/www.tjba.jus.br\/portaldatecnologia\/wp-content\/uploads\/2026\/01\/Ativo-17@4x-768x187.png 768w, https:\/\/www.tjba.jus.br\/portaldatecnologia\/wp-content\/uploads\/2026\/01\/Ativo-17@4x-1536x375.png 1536w, https:\/\/www.tjba.jus.br\/portaldatecnologia\/wp-content\/uploads\/2026\/01\/Ativo-17@4x-2048x500.png 2048w\" sizes=\"auto, (max-width: 1024px) 100vw, 1024px\" \/><\/figure>\n\n\n\n<div style=\"height:20px\" aria-hidden=\"true\" class=\"wp-block-spacer\"><\/div>\n\n\n\n<h2 class=\"wp-block-heading has-text-color has-link-color wp-elements-f70a461c016f55c938e03433605212c2\" style=\"color:#13477c\">O Eproc<\/h2>\n\n\n\n<p>\u201cN\u00e3o se trata apenas de tecnologia, mas de garantir direitos, encurtar dist\u00e2ncias e fortalecer a confian\u00e7a da sociedade na Justi\u00e7a. \u201c<\/p>\n\n\n\n<p>O Tribunal de Justi\u00e7a da Bahia (TJBA) deu in\u00edcio, em 2025, a um dos projetos mais transformadores de sua hist\u00f3ria recente: a implanta\u00e7\u00e3o do Sistema de Processo Judicial Eletr\u00f4nico \u2013 Eproc. A ades\u00e3o a esta plataforma marca um passo decisivo no compromisso da Corte com a moderniza\u00e7\u00e3o da Justi\u00e7a baiana, consolidando a busca por solu\u00e7\u00f5es tecnol\u00f3gicas mais est\u00e1veis e eficientes.<\/p>\n\n\n\n<p>A implanta\u00e7\u00e3o do Eproc vai muito al\u00e9m da simples substitui\u00e7\u00e3o de sistemas: trata-se da inaugura\u00e7\u00e3o de uma nova cultura de gest\u00e3o processual. Com uma arquitetura tecnol\u00f3gica moderna, o sistema assegura estabilidade, automa\u00e7\u00e3o de fluxos, flexibilidade e transpar\u00eancia. Essas caracter\u00edsticas resultam em uma tramita\u00e7\u00e3o mais \u00e1gil e inteligente, com reflexos diretos na redu\u00e7\u00e3o de prazos, na previsibilidade das rotinas e na qualidade da presta\u00e7\u00e3o jurisdicional.<\/p>\n\n\n\n<p>Atualmente, o Eproc j\u00e1 integra de forma definitiva o portf\u00f3lio estrat\u00e9gico do TJBA, consolidando-se como principal ferramenta de gest\u00e3o processual do Judici\u00e1rio baiano. Mais do que um sistema, trata-se de um projeto de transforma\u00e7\u00e3o digital com impactos duradouros: modernizar o trabalho interno, ampliar a transpar\u00eancia, reduzir custos e, sobretudo, garantir um acesso \u00e0 Justi\u00e7a mais c\u00e9lere, seguro e eficiente.<\/p>\n\n\n\n<p>O TJBA, ao implantar o Eproc, renova seu compromisso hist\u00f3rico com a inova\u00e7\u00e3o e a cidadania, abrindo caminho para um futuro em que a tecnologia e o Direito caminham lado a lado na promo\u00e7\u00e3o da Justi\u00e7a.<\/p>\n\n\n\n<div style=\"height:20px\" aria-hidden=\"true\" class=\"wp-block-spacer\"><\/div>\n\n\n\n<h2 class=\"wp-block-heading has-text-color has-link-color wp-elements-78e9a5c6e18fcf9d7120616118565cbb\" style=\"color:#13477c\">Guias e Manuais<\/h2>\n\n\n\n<ul style=\"color:#13477c\" class=\"wp-block-list has-text-color has-link-color wp-elements-d4068da268301b0b9fa8b506e43e28f8\">\n<li>Lorem Ipsum na internet tendem a repetir peda\u00e7os predefinidos conforme necess\u00e1rio<\/li>\n\n\n\n<li>Lorem Ipsum na internet tendem a repetir peda\u00e7os predefinidos conforme necess\u00e1rio<\/li>\n<\/ul>\n\n\n\n<div style=\"height:20px\" aria-hidden=\"true\" class=\"wp-block-spacer\"><\/div>\n\n\n\n<h2 class=\"wp-block-heading has-text-color has-link-color wp-elements-f62605e10d95a8703e2d0c48f2bdeeb1\" style=\"color:#13477c\">V\u00eddeos<\/h2>\n\n\n\n<div class=\"wp-block-columns is-layout-flex wp-container-core-columns-is-layout-9d6595d7 wp-block-columns-is-layout-flex\">\n<div class=\"wp-block-column is-layout-flow wp-block-column-is-layout-flow\" style=\"flex-basis:10%\"><\/div>\n\n\n\n<div class=\"wp-block-column is-layout-flow wp-block-column-is-layout-flow\" style=\"flex-basis:40%\">\n<figure class=\"wp-block-image size-large\"><img loading=\"lazy\" decoding=\"async\" width=\"1024\" height=\"576\" src=\"https:\/\/www.tjba.jus.br\/portaldatecnologia\/wp-content\/uploads\/2026\/01\/Ativo-18@4x-1024x576.png\" alt=\"\" class=\"wp-image-1237\" srcset=\"https:\/\/www.tjba.jus.br\/portaldatecnologia\/wp-content\/uploads\/2026\/01\/Ativo-18@4x-1024x576.png 1024w, https:\/\/www.tjba.jus.br\/portaldatecnologia\/wp-content\/uploads\/2026\/01\/Ativo-18@4x-300x169.png 300w, https:\/\/www.tjba.jus.br\/portaldatecnologia\/wp-content\/uploads\/2026\/01\/Ativo-18@4x-768x432.png 768w, https:\/\/www.tjba.jus.br\/portaldatecnologia\/wp-content\/uploads\/2026\/01\/Ativo-18@4x-1536x864.png 1536w, https:\/\/www.tjba.jus.br\/portaldatecnologia\/wp-content\/uploads\/2026\/01\/Ativo-18@4x-2048x1152.png 2048w\" sizes=\"auto, (max-width: 1024px) 100vw, 1024px\" \/><\/figure>\n<\/div>\n\n\n\n<div class=\"wp-block-column is-layout-flow wp-block-column-is-layout-flow\" style=\"flex-basis:40%\">\n<figure class=\"wp-block-image size-large\"><img loading=\"lazy\" decoding=\"async\" width=\"1024\" height=\"576\" src=\"https:\/\/www.tjba.jus.br\/portaldatecnologia\/wp-content\/uploads\/2026\/01\/Ativo-18@4x-1024x576.png\" alt=\"\" class=\"wp-image-1237\" srcset=\"https:\/\/www.tjba.jus.br\/portaldatecnologia\/wp-content\/uploads\/2026\/01\/Ativo-18@4x-1024x576.png 1024w, https:\/\/www.tjba.jus.br\/portaldatecnologia\/wp-content\/uploads\/2026\/01\/Ativo-18@4x-300x169.png 300w, https:\/\/www.tjba.jus.br\/portaldatecnologia\/wp-content\/uploads\/2026\/01\/Ativo-18@4x-768x432.png 768w, https:\/\/www.tjba.jus.br\/portaldatecnologia\/wp-content\/uploads\/2026\/01\/Ativo-18@4x-1536x864.png 1536w, https:\/\/www.tjba.jus.br\/portaldatecnologia\/wp-content\/uploads\/2026\/01\/Ativo-18@4x-2048x1152.png 2048w\" sizes=\"auto, (max-width: 1024px) 100vw, 1024px\" \/><\/figure>\n<\/div>\n\n\n\n<div class=\"wp-block-column is-layout-flow wp-block-column-is-layout-flow\" style=\"flex-basis:10%\"><\/div>\n<\/div>\n\n\n\n<p><\/p>\n","protected":false},"excerpt":{"rendered":"<p>O Eproc \u201cN\u00e3o se trata apenas de tecnologia, mas de garantir direitos, encurtar dist\u00e2ncias e fortalecer a confian\u00e7a da sociedade na Justi\u00e7a. \u201c O Tribunal de Justi\u00e7a da Bahia (TJBA) deu in\u00edcio, em 2025, a um dos projetos mais transformadores de sua hist\u00f3ria recente: a implanta\u00e7\u00e3o do Sistema de Processo Judicial Eletr\u00f4nico \u2013 Eproc. A [&hellip;]<\/p>\n","protected":false},"author":2,"featured_media":0,"parent":0,"menu_order":0,"comment_status":"closed","ping_status":"closed","template":"page-modelo.php","meta":{"ub_ctt_via":"","footnotes":""},"class_list":["post-1253","page","type-page","status-publish","hentry"],"acf":[],"featured_image_src":null,"_links":{"self":[{"href":"https:\/\/www.tjba.jus.br\/portaldatecnologia\/wp-json\/wp\/v2\/pages\/1253","targetHints":{"allow":["GET"]}}],"collection":[{"href":"https:\/\/www.tjba.jus.br\/portaldatecnologia\/wp-json\/wp\/v2\/pages"}],"about":[{"href":"https:\/\/www.tjba.jus.br\/portaldatecnologia\/wp-json\/wp\/v2\/types\/page"}],"author":[{"embeddable":true,"href":"https:\/\/www.tjba.jus.br\/portaldatecnologia\/wp-json\/wp\/v2\/users\/2"}],"replies":[{"embeddable":true,"href":"https:\/\/www.tjba.jus.br\/portaldatecnologia\/wp-json\/wp\/v2\/comments?post=1253"}],"version-history":[{"count":2,"href":"https:\/\/www.tjba.jus.br\/portaldatecnologia\/wp-json\/wp\/v2\/pages\/1253\/revisions"}],"predecessor-version":[{"id":1286,"href":"https:\/\/www.tjba.jus.br\/portaldatecnologia\/wp-json\/wp\/v2\/pages\/1253\/revisions\/1286"}],"wp:attachment":[{"href":"https:\/\/www.tjba.jus.br\/portaldatecnologia\/wp-json\/wp\/v2\/media?parent=1253"}],"curies":[{"name":"wp","href":"https:\/\/api.w.org\/{rel}","templated":true}]}}