{"id":1287,"date":"2026-02-24T14:50:02","date_gmt":"2026-02-24T17:50:02","guid":{"rendered":"https:\/\/www.tjba.jus.br\/portaldatecnologia\/?page_id=1287"},"modified":"2026-02-24T14:52:14","modified_gmt":"2026-02-24T17:52:14","slug":"audin","status":"publish","type":"page","link":"https:\/\/www.tjba.jus.br\/portaldatecnologia\/audin\/","title":{"rendered":"AUDIN"},"content":{"rendered":"\n<figure class=\"wp-block-image size-full\"><img loading=\"lazy\" decoding=\"async\" width=\"1640\" height=\"400\" src=\"https:\/\/www.tjba.jus.br\/portaldatecnologia\/wp-content\/uploads\/2026\/02\/Banner-AUDIN.png\" alt=\"\" class=\"wp-image-1291\" srcset=\"https:\/\/www.tjba.jus.br\/portaldatecnologia\/wp-content\/uploads\/2026\/02\/Banner-AUDIN.png 1640w, https:\/\/www.tjba.jus.br\/portaldatecnologia\/wp-content\/uploads\/2026\/02\/Banner-AUDIN-300x73.png 300w, https:\/\/www.tjba.jus.br\/portaldatecnologia\/wp-content\/uploads\/2026\/02\/Banner-AUDIN-1024x250.png 1024w, https:\/\/www.tjba.jus.br\/portaldatecnologia\/wp-content\/uploads\/2026\/02\/Banner-AUDIN-768x187.png 768w, https:\/\/www.tjba.jus.br\/portaldatecnologia\/wp-content\/uploads\/2026\/02\/Banner-AUDIN-1536x375.png 1536w\" sizes=\"auto, (max-width: 1640px) 100vw, 1640px\" \/><\/figure>\n\n\n\n<div style=\"height:20px\" aria-hidden=\"true\" class=\"wp-block-spacer\"><\/div>\n\n\n\n<h2 class=\"wp-block-heading has-text-color has-link-color wp-elements-42eb581f3c194c293b14831154b2e0e1\" style=\"color:#13477c\">O AUDIN<\/h2>\n\n\n\n<p>O AUDIN (Audi\u00eancia Inteligente) \u00e9 um ecossistema tecnol\u00f3gico baseado em Intelig\u00eancia Artificial generativa, desenvolvido para o gerenciamento completo da jornada de audi\u00eancias no \u00e2mbito do Tribunal de Justi\u00e7a do Estado da Bahia.<br><br>A solu\u00e7\u00e3o permite a consulta, visualiza\u00e7\u00e3o, compartilhamento e degrava\u00e7\u00e3o autom\u00e1tica de audi\u00eancias judiciais realizadas por meio do Microsoft Teams e da aplica\u00e7\u00e3o Audi\u00eancia Virtual, com armazenamento centralizado na Videoteca Audi\u00eancia Virtual.<br><br>Al\u00e9m da transcri\u00e7\u00e3o literal das audi\u00eancias, o AUDIN gera resumos autom\u00e1ticos e pontos principais, estruturando as informa\u00e7\u00f5es de forma clara e sincronizada com o v\u00eddeo, contribuindo diretamente para o aprimoramento da presta\u00e7\u00e3o jurisdicional.<\/p>\n\n\n\n<div style=\"height:20px\" aria-hidden=\"true\" class=\"wp-block-spacer\"><\/div>\n\n\n\n<h2 class=\"wp-block-heading has-text-color has-link-color wp-elements-829aa96f59c4410d150ee3f1a559d4e5\" style=\"color:#13477c\">Como acessar?<\/h2>\n\n\n\n<p>O acesso ao AUDIN \u00e9 realizado por meio de login e senha da erde institucional do Tribunal de Justi\u00e7a do Estado da Bahia (TJBA). Para usu\u00e1rios que se encontrem fora da rede do Tribunal, \u00e9 necess\u00e1ria a conex\u00e3o pr\u00e9via via VPN. O perfil de acesso ao sistema \u00e9 concedido de acordo com a lota\u00e7\u00e3o e as atribui\u00e7\u00f5es funcionais do usu\u00e1rio.<\/p>\n\n\n\n<h2 class=\"wp-block-heading has-text-color has-link-color wp-elements-0db6108be4dbc5a954c2b52d70a7484b\" style=\"color:#13477c\">P\u00fablico-alvo<\/h2>\n\n\n\n<p>O AUDIN \u00e9 destinado aos magistrados(as) e servidores(as) do Tribunal de Justi\u00e7a do Estado da Bahia, abrangendo secretarias, \u00f3rg\u00e3os julgadores e demais unidades respons\u00e1veis pela condu\u00e7\u00e3o e apoio \u00e0s audi\u00eancias judiciais. A solu\u00e7\u00e3o tamb\u00e9m atende, no que se refere \u00e0 consulta p\u00fablica de agendamentos, \u00e0s partes processuais, advogados(as), membros do Minist\u00e9rio P\u00fablico, da Defensoria P\u00fablica e \u00e0 sociedade em geral, nos limites legais e observadas as regras de confidencialidade.<\/p>\n\n\n\n<div style=\"height:20px\" aria-hidden=\"true\" class=\"wp-block-spacer\"><\/div>\n\n\n\n<h2 class=\"wp-block-heading has-text-color has-link-color wp-elements-3b397bcd2bbe9f4fd6e762d045c0d24e\" style=\"color:#13477c\">Benef\u00edcios<\/h2>\n\n\n\n<p>O AUDIN promove a gest\u00e3o centralizada das audi\u00eancias judiciais, com armazenamento autom\u00e1tico das grava\u00e7\u00f5es na Videoteca Audi\u00eancia Virtual, permitindo pesquisa, visualiza\u00e7\u00e3o e compartilhamento seguro dos conte\u00fados. A ferramenta viabiliza a degrava\u00e7\u00e3o autom\u00e1tica e literal das audi\u00eancias, com sincroniza\u00e7\u00e3o entre v\u00eddeo e texto, gera\u00e7\u00e3o de resumos e identifica\u00e7\u00e3o dos principais pontos discutidos, contribuindo para maior agilidade, precis\u00e3o e efici\u00eancia na an\u00e1lise dos atos processuais. Al\u00e9m disso, assegura controle de acesso a processos sob segredo de justi\u00e7a, reduz o tempo dedicado a atividades operacionais e fortalece a qualidade da presta\u00e7\u00e3o jurisdicional por meio do uso respons\u00e1vel de intelig\u00eancia artificial.<\/p>\n\n\n\n<div style=\"height:20px\" aria-hidden=\"true\" class=\"wp-block-spacer\"><\/div>\n\n\n\n<h2 class=\"wp-block-heading has-text-color has-link-color wp-elements-78e9a5c6e18fcf9d7120616118565cbb\" style=\"color:#13477c\">Guias e Manuais<\/h2>\n\n\n\n<ul style=\"color:#13477c\" class=\"wp-block-list has-text-color has-link-color wp-elements-d4068da268301b0b9fa8b506e43e28f8\">\n<li>Lorem Ipsum na internet tendem a repetir peda\u00e7os predefinidos conforme necess\u00e1rio<\/li>\n\n\n\n<li>Lorem Ipsum na internet tendem a repetir peda\u00e7os predefinidos conforme necess\u00e1rio<\/li>\n<\/ul>\n\n\n\n<div style=\"height:20px\" aria-hidden=\"true\" class=\"wp-block-spacer\"><\/div>\n\n\n\n<h2 class=\"wp-block-heading has-text-color has-link-color wp-elements-f62605e10d95a8703e2d0c48f2bdeeb1\" style=\"color:#13477c\">V\u00eddeos<\/h2>\n\n\n\n<div class=\"wp-block-columns is-layout-flex wp-container-core-columns-is-layout-9d6595d7 wp-block-columns-is-layout-flex\">\n<div class=\"wp-block-column is-layout-flow wp-block-column-is-layout-flow\" style=\"flex-basis:10%\"><\/div>\n\n\n\n<div class=\"wp-block-column is-layout-flow wp-block-column-is-layout-flow\" style=\"flex-basis:40%\">\n<figure class=\"wp-block-image size-large\"><img loading=\"lazy\" decoding=\"async\" width=\"1024\" height=\"576\" src=\"https:\/\/www.tjba.jus.br\/portaldatecnologia\/wp-content\/uploads\/2026\/01\/Ativo-18@4x-1024x576.png\" alt=\"\" class=\"wp-image-1237\" srcset=\"https:\/\/www.tjba.jus.br\/portaldatecnologia\/wp-content\/uploads\/2026\/01\/Ativo-18@4x-1024x576.png 1024w, https:\/\/www.tjba.jus.br\/portaldatecnologia\/wp-content\/uploads\/2026\/01\/Ativo-18@4x-300x169.png 300w, https:\/\/www.tjba.jus.br\/portaldatecnologia\/wp-content\/uploads\/2026\/01\/Ativo-18@4x-768x432.png 768w, https:\/\/www.tjba.jus.br\/portaldatecnologia\/wp-content\/uploads\/2026\/01\/Ativo-18@4x-1536x864.png 1536w, https:\/\/www.tjba.jus.br\/portaldatecnologia\/wp-content\/uploads\/2026\/01\/Ativo-18@4x-2048x1152.png 2048w\" sizes=\"auto, (max-width: 1024px) 100vw, 1024px\" \/><\/figure>\n<\/div>\n\n\n\n<div class=\"wp-block-column is-layout-flow wp-block-column-is-layout-flow\" style=\"flex-basis:40%\">\n<figure class=\"wp-block-image size-large\"><img loading=\"lazy\" decoding=\"async\" width=\"1024\" height=\"576\" src=\"https:\/\/www.tjba.jus.br\/portaldatecnologia\/wp-content\/uploads\/2026\/01\/Ativo-18@4x-1024x576.png\" alt=\"\" class=\"wp-image-1237\" srcset=\"https:\/\/www.tjba.jus.br\/portaldatecnologia\/wp-content\/uploads\/2026\/01\/Ativo-18@4x-1024x576.png 1024w, https:\/\/www.tjba.jus.br\/portaldatecnologia\/wp-content\/uploads\/2026\/01\/Ativo-18@4x-300x169.png 300w, https:\/\/www.tjba.jus.br\/portaldatecnologia\/wp-content\/uploads\/2026\/01\/Ativo-18@4x-768x432.png 768w, https:\/\/www.tjba.jus.br\/portaldatecnologia\/wp-content\/uploads\/2026\/01\/Ativo-18@4x-1536x864.png 1536w, https:\/\/www.tjba.jus.br\/portaldatecnologia\/wp-content\/uploads\/2026\/01\/Ativo-18@4x-2048x1152.png 2048w\" sizes=\"auto, (max-width: 1024px) 100vw, 1024px\" \/><\/figure>\n<\/div>\n\n\n\n<div class=\"wp-block-column is-layout-flow wp-block-column-is-layout-flow\" style=\"flex-basis:10%\"><\/div>\n<\/div>\n\n\n\n<p><\/p>\n","protected":false},"excerpt":{"rendered":"<p>O AUDIN O AUDIN (Audi\u00eancia Inteligente) \u00e9 um ecossistema tecnol\u00f3gico baseado em Intelig\u00eancia Artificial generativa, desenvolvido para o gerenciamento completo da jornada de audi\u00eancias no \u00e2mbito do Tribunal de Justi\u00e7a do Estado da Bahia. A solu\u00e7\u00e3o permite a consulta, visualiza\u00e7\u00e3o, compartilhamento e degrava\u00e7\u00e3o autom\u00e1tica de audi\u00eancias judiciais realizadas por meio do Microsoft Teams e da [&hellip;]<\/p>\n","protected":false},"author":2,"featured_media":0,"parent":0,"menu_order":0,"comment_status":"closed","ping_status":"closed","template":"page-modelo.php","meta":{"ub_ctt_via":"","footnotes":""},"class_list":["post-1287","page","type-page","status-publish","hentry"],"acf":[],"featured_image_src":null,"_links":{"self":[{"href":"https:\/\/www.tjba.jus.br\/portaldatecnologia\/wp-json\/wp\/v2\/pages\/1287","targetHints":{"allow":["GET"]}}],"collection":[{"href":"https:\/\/www.tjba.jus.br\/portaldatecnologia\/wp-json\/wp\/v2\/pages"}],"about":[{"href":"https:\/\/www.tjba.jus.br\/portaldatecnologia\/wp-json\/wp\/v2\/types\/page"}],"author":[{"embeddable":true,"href":"https:\/\/www.tjba.jus.br\/portaldatecnologia\/wp-json\/wp\/v2\/users\/2"}],"replies":[{"embeddable":true,"href":"https:\/\/www.tjba.jus.br\/portaldatecnologia\/wp-json\/wp\/v2\/comments?post=1287"}],"version-history":[{"count":3,"href":"https:\/\/www.tjba.jus.br\/portaldatecnologia\/wp-json\/wp\/v2\/pages\/1287\/revisions"}],"predecessor-version":[{"id":1292,"href":"https:\/\/www.tjba.jus.br\/portaldatecnologia\/wp-json\/wp\/v2\/pages\/1287\/revisions\/1292"}],"wp:attachment":[{"href":"https:\/\/www.tjba.jus.br\/portaldatecnologia\/wp-json\/wp\/v2\/media?parent=1287"}],"curies":[{"name":"wp","href":"https:\/\/api.w.org\/{rel}","templated":true}]}}