{"id":1293,"date":"2026-02-24T14:54:59","date_gmt":"2026-02-24T17:54:59","guid":{"rendered":"https:\/\/www.tjba.jus.br\/portaldatecnologia\/?page_id=1293"},"modified":"2026-02-24T14:55:41","modified_gmt":"2026-02-24T17:55:41","slug":"banco-de-prompts","status":"publish","type":"page","link":"https:\/\/www.tjba.jus.br\/portaldatecnologia\/banco-de-prompts\/","title":{"rendered":"Banco de Prompts"},"content":{"rendered":"\n<figure class=\"wp-block-image size-full\"><img loading=\"lazy\" decoding=\"async\" width=\"2560\" height=\"624\" src=\"https:\/\/www.tjba.jus.br\/portaldatecnologia\/wp-content\/uploads\/2026\/02\/Banner-banco-de-prompts-scaled.png\" alt=\"\" class=\"wp-image-1294\" srcset=\"https:\/\/www.tjba.jus.br\/portaldatecnologia\/wp-content\/uploads\/2026\/02\/Banner-banco-de-prompts-scaled.png 2560w, https:\/\/www.tjba.jus.br\/portaldatecnologia\/wp-content\/uploads\/2026\/02\/Banner-banco-de-prompts-300x73.png 300w, https:\/\/www.tjba.jus.br\/portaldatecnologia\/wp-content\/uploads\/2026\/02\/Banner-banco-de-prompts-1024x250.png 1024w, https:\/\/www.tjba.jus.br\/portaldatecnologia\/wp-content\/uploads\/2026\/02\/Banner-banco-de-prompts-768x187.png 768w, https:\/\/www.tjba.jus.br\/portaldatecnologia\/wp-content\/uploads\/2026\/02\/Banner-banco-de-prompts-1536x375.png 1536w, https:\/\/www.tjba.jus.br\/portaldatecnologia\/wp-content\/uploads\/2026\/02\/Banner-banco-de-prompts-2048x500.png 2048w\" sizes=\"auto, (max-width: 2560px) 100vw, 2560px\" \/><\/figure>\n\n\n\n<div style=\"height:20px\" aria-hidden=\"true\" class=\"wp-block-spacer\"><\/div>\n\n\n\n<h2 class=\"wp-block-heading has-text-color has-link-color wp-elements-a33d18794553ded8c904950311d934e2\" style=\"color:#13477c\">O Banco de Prompts<\/h2>\n\n\n\n<p>O Banco de Prompts \u00e9 um reposit\u00f3rio institucional de comandos estruturados (prompts) para uso de ferramentas de Intelig\u00eancia Artificial generativa, desenvolvido, validado e continuamente aprimorado a partir dos grupos de pesquisa vinculados ao Comit\u00ea de Intelig\u00eancia Artificial do Tribunal de Justi\u00e7a do Estado da Bahia, institu\u00eddo pelo Decreto Judici\u00e1rio n\u00ba 1007 de 13 de novembro de 2025. O Banco de Prompts tem como objetivo apoiar, de forma qualificada, tanto a atividade judicante quanto a atividade administrativa, promovendo efici\u00eancia, padroniza\u00e7\u00e3o e melhoria da qualidade na produ\u00e7\u00e3o de documentos, an\u00e1lises e conte\u00fados institucionais.<\/p>\n\n\n\n<div style=\"height:20px\" aria-hidden=\"true\" class=\"wp-block-spacer\"><\/div>\n\n\n\n<h2 class=\"wp-block-heading has-text-color has-link-color wp-elements-0726c8a80023f946440b2ad7f3ea56ac\" style=\"color:#13477c\">Como usar?<\/h2>\n\n\n\n<p>O Banco de Prompts \u00e9 acessado por meio do Portal de TI do Tribunal de Justi\u00e7a do Estado da Bahia (TJBA), em ambiente institucional. O usu\u00e1rio escolhe os prompts de acordo com o tipo de atividade a ser realizada (judicial ou administrativa), conforme o ramo do Direito correspondente. Essa organiza\u00e7\u00e3o garante que os comandos estejam alinhados ao contexto jur\u00eddico espec\u00edfico. Os prompts devem ser utilizados exclusivamente nas ferramentas de Intelig\u00eancia Artificial autorizadas pelo Tribunal, observadas as normas de seguran\u00e7a da informa\u00e7\u00e3o, prote\u00e7\u00e3o de dados pessoais e sigilo processual, podendo ser ajustados pelo usu\u00e1rio conforme a necessidade do caso, dentro dos limites das pol\u00edticas institucionais de uso de IA.<\/p>\n\n\n\n<h2 class=\"wp-block-heading has-text-color has-link-color wp-elements-0db6108be4dbc5a954c2b52d70a7484b\" style=\"color:#13477c\">P\u00fablico-alvo<\/h2>\n\n\n\n<p>O Banco de Prompts \u00e9 destinado a magistrados(as), servidores(as) e estagi\u00e1rios(as) do Tribunal de Justi\u00e7a do Estado da Bahia, no apoio \u00e0s atividades judiciais e administrativas, conforme as atribui\u00e7\u00f5es funcionais de cada perfil de usu\u00e1rio.<\/p>\n\n\n\n<div style=\"height:20px\" aria-hidden=\"true\" class=\"wp-block-spacer\"><\/div>\n\n\n\n<h2 class=\"wp-block-heading has-text-color has-link-color wp-elements-3b397bcd2bbe9f4fd6e762d045c0d24e\" style=\"color:#13477c\">Benef\u00edcios<\/h2>\n\n\n\n<p>O uso do Banco de Prompts proporciona maior padroniza\u00e7\u00e3o e qualidade na intera\u00e7\u00e3o com ferramentas de IA reduzindo improvisa\u00e7\u00f5es e riscos operacionais. A solu\u00e7\u00e3o amplia a produtividade na elabora\u00e7\u00e3o de minutas, an\u00e1lises processuais, relat\u00f3rios administrativos e documentos t\u00e9cnicos, ao mesmo tempo em que fortalece o uso \u00e9tico, seguro e respons\u00e1vel da intelig\u00eancia artificial no \u00e2mbito do Tribunal. Como resultado, contribui para a otimiza\u00e7\u00e3o do tempo de trabalho, a melhoria da tomada de decis\u00e3o e o aprimoramento cont\u00ednuo da presta\u00e7\u00e3o jurisdicional e da gest\u00e3o administrativa.<\/p>\n\n\n\n<div style=\"height:20px\" aria-hidden=\"true\" class=\"wp-block-spacer\"><\/div>\n\n\n\n<h2 class=\"wp-block-heading has-text-color has-link-color wp-elements-78e9a5c6e18fcf9d7120616118565cbb\" style=\"color:#13477c\">Guias e Manuais<\/h2>\n\n\n\n<ul style=\"color:#13477c\" class=\"wp-block-list has-text-color has-link-color wp-elements-d4068da268301b0b9fa8b506e43e28f8\">\n<li>Lorem Ipsum na internet tendem a repetir peda\u00e7os predefinidos conforme necess\u00e1rio<\/li>\n\n\n\n<li>Lorem Ipsum na internet tendem a repetir peda\u00e7os predefinidos conforme necess\u00e1rio<\/li>\n<\/ul>\n\n\n\n<div style=\"height:20px\" aria-hidden=\"true\" class=\"wp-block-spacer\"><\/div>\n\n\n\n<h2 class=\"wp-block-heading has-text-color has-link-color wp-elements-f62605e10d95a8703e2d0c48f2bdeeb1\" style=\"color:#13477c\">V\u00eddeos<\/h2>\n\n\n\n<div class=\"wp-block-columns is-layout-flex wp-container-core-columns-is-layout-9d6595d7 wp-block-columns-is-layout-flex\">\n<div class=\"wp-block-column is-layout-flow wp-block-column-is-layout-flow\" style=\"flex-basis:10%\"><\/div>\n\n\n\n<div class=\"wp-block-column is-layout-flow wp-block-column-is-layout-flow\" style=\"flex-basis:40%\">\n<figure class=\"wp-block-image size-large\"><img loading=\"lazy\" decoding=\"async\" width=\"1024\" height=\"576\" src=\"https:\/\/www.tjba.jus.br\/portaldatecnologia\/wp-content\/uploads\/2026\/01\/Ativo-18@4x-1024x576.png\" alt=\"\" class=\"wp-image-1237\" srcset=\"https:\/\/www.tjba.jus.br\/portaldatecnologia\/wp-content\/uploads\/2026\/01\/Ativo-18@4x-1024x576.png 1024w, https:\/\/www.tjba.jus.br\/portaldatecnologia\/wp-content\/uploads\/2026\/01\/Ativo-18@4x-300x169.png 300w, https:\/\/www.tjba.jus.br\/portaldatecnologia\/wp-content\/uploads\/2026\/01\/Ativo-18@4x-768x432.png 768w, https:\/\/www.tjba.jus.br\/portaldatecnologia\/wp-content\/uploads\/2026\/01\/Ativo-18@4x-1536x864.png 1536w, https:\/\/www.tjba.jus.br\/portaldatecnologia\/wp-content\/uploads\/2026\/01\/Ativo-18@4x-2048x1152.png 2048w\" sizes=\"auto, (max-width: 1024px) 100vw, 1024px\" \/><\/figure>\n<\/div>\n\n\n\n<div class=\"wp-block-column is-layout-flow wp-block-column-is-layout-flow\" style=\"flex-basis:40%\">\n<figure class=\"wp-block-image size-large\"><img loading=\"lazy\" decoding=\"async\" width=\"1024\" height=\"576\" src=\"https:\/\/www.tjba.jus.br\/portaldatecnologia\/wp-content\/uploads\/2026\/01\/Ativo-18@4x-1024x576.png\" alt=\"\" class=\"wp-image-1237\" srcset=\"https:\/\/www.tjba.jus.br\/portaldatecnologia\/wp-content\/uploads\/2026\/01\/Ativo-18@4x-1024x576.png 1024w, https:\/\/www.tjba.jus.br\/portaldatecnologia\/wp-content\/uploads\/2026\/01\/Ativo-18@4x-300x169.png 300w, https:\/\/www.tjba.jus.br\/portaldatecnologia\/wp-content\/uploads\/2026\/01\/Ativo-18@4x-768x432.png 768w, https:\/\/www.tjba.jus.br\/portaldatecnologia\/wp-content\/uploads\/2026\/01\/Ativo-18@4x-1536x864.png 1536w, https:\/\/www.tjba.jus.br\/portaldatecnologia\/wp-content\/uploads\/2026\/01\/Ativo-18@4x-2048x1152.png 2048w\" sizes=\"auto, (max-width: 1024px) 100vw, 1024px\" \/><\/figure>\n<\/div>\n\n\n\n<div class=\"wp-block-column is-layout-flow wp-block-column-is-layout-flow\" style=\"flex-basis:10%\"><\/div>\n<\/div>\n\n\n\n<p><\/p>\n","protected":false},"excerpt":{"rendered":"<p>O Banco de Prompts O Banco de Prompts \u00e9 um reposit\u00f3rio institucional de comandos estruturados (prompts) para uso de ferramentas de Intelig\u00eancia Artificial generativa, desenvolvido, validado e continuamente aprimorado a partir dos grupos de pesquisa vinculados ao Comit\u00ea de Intelig\u00eancia Artificial do Tribunal de Justi\u00e7a do Estado da Bahia, institu\u00eddo pelo Decreto Judici\u00e1rio n\u00ba 1007 [&hellip;]<\/p>\n","protected":false},"author":2,"featured_media":0,"parent":0,"menu_order":0,"comment_status":"closed","ping_status":"closed","template":"page-modelo.php","meta":{"ub_ctt_via":"","footnotes":""},"class_list":["post-1293","page","type-page","status-publish","hentry"],"acf":[],"featured_image_src":null,"_links":{"self":[{"href":"https:\/\/www.tjba.jus.br\/portaldatecnologia\/wp-json\/wp\/v2\/pages\/1293","targetHints":{"allow":["GET"]}}],"collection":[{"href":"https:\/\/www.tjba.jus.br\/portaldatecnologia\/wp-json\/wp\/v2\/pages"}],"about":[{"href":"https:\/\/www.tjba.jus.br\/portaldatecnologia\/wp-json\/wp\/v2\/types\/page"}],"author":[{"embeddable":true,"href":"https:\/\/www.tjba.jus.br\/portaldatecnologia\/wp-json\/wp\/v2\/users\/2"}],"replies":[{"embeddable":true,"href":"https:\/\/www.tjba.jus.br\/portaldatecnologia\/wp-json\/wp\/v2\/comments?post=1293"}],"version-history":[{"count":2,"href":"https:\/\/www.tjba.jus.br\/portaldatecnologia\/wp-json\/wp\/v2\/pages\/1293\/revisions"}],"predecessor-version":[{"id":1296,"href":"https:\/\/www.tjba.jus.br\/portaldatecnologia\/wp-json\/wp\/v2\/pages\/1293\/revisions\/1296"}],"wp:attachment":[{"href":"https:\/\/www.tjba.jus.br\/portaldatecnologia\/wp-json\/wp\/v2\/media?parent=1293"}],"curies":[{"name":"wp","href":"https:\/\/api.w.org\/{rel}","templated":true}]}}