{"id":1299,"date":"2026-02-24T15:04:31","date_gmt":"2026-02-24T18:04:31","guid":{"rendered":"https:\/\/www.tjba.jus.br\/portaldatecnologia\/?page_id=1299"},"modified":"2026-02-24T15:04:51","modified_gmt":"2026-02-24T18:04:51","slug":"pje-correcao-de-erros","status":"publish","type":"page","link":"https:\/\/www.tjba.jus.br\/portaldatecnologia\/pje-correcao-de-erros\/","title":{"rendered":"PJE &#8211; Corre\u00e7\u00e3o de Erros"},"content":{"rendered":"\n<figure class=\"wp-block-image size-full\"><img loading=\"lazy\" decoding=\"async\" width=\"1640\" height=\"400\" src=\"https:\/\/www.tjba.jus.br\/portaldatecnologia\/wp-content\/uploads\/2026\/02\/Banner-PJe.png\" alt=\"\" class=\"wp-image-1302\" srcset=\"https:\/\/www.tjba.jus.br\/portaldatecnologia\/wp-content\/uploads\/2026\/02\/Banner-PJe.png 1640w, https:\/\/www.tjba.jus.br\/portaldatecnologia\/wp-content\/uploads\/2026\/02\/Banner-PJe-300x73.png 300w, https:\/\/www.tjba.jus.br\/portaldatecnologia\/wp-content\/uploads\/2026\/02\/Banner-PJe-1024x250.png 1024w, https:\/\/www.tjba.jus.br\/portaldatecnologia\/wp-content\/uploads\/2026\/02\/Banner-PJe-768x187.png 768w, https:\/\/www.tjba.jus.br\/portaldatecnologia\/wp-content\/uploads\/2026\/02\/Banner-PJe-1536x375.png 1536w\" sizes=\"auto, (max-width: 1640px) 100vw, 1640px\" \/><\/figure>\n\n\n\n<div style=\"height:20px\" aria-hidden=\"true\" class=\"wp-block-spacer\"><\/div>\n\n\n\n<h2 class=\"wp-block-heading has-text-color has-link-color wp-elements-42b1151c38d78e854743155b33701f5e\" style=\"color:#13477c\">Corre\u00e7\u00e3o do erro das tarefas do PJE<\/h2>\n\n\n\n<p>Trata-se de procedimento destinado a corrigir inconsist\u00eancias no carregamento de tarefas e falhas de acesso ao Sistema Processo Judicial Eletr\u00f4nico (PJe), nos m\u00f3dulos de 1\u00ba e 2\u00ba Garus, identificadas em determinadas vers\u00f5es do navegador Google Chrome.<\/p>\n\n\n\n<div style=\"height:20px\" aria-hidden=\"true\" class=\"wp-block-spacer\"><\/div>\n\n\n\n<h2 class=\"wp-block-heading has-text-color has-link-color wp-elements-0726c8a80023f946440b2ad7f3ea56ac\" style=\"color:#13477c\">Como usar?<\/h2>\n\n\n\n<p>Para sanar falhas de acesso ao sistema, especialmente em computadores fora da rede do TJBA, adote o seguinte procedimento:<br>1. Abra o <strong>Google Chrome<\/strong> e digite chrome:\/\/flags\/ na barra de endere\u00e7os;<br>2. No campo de pesquisa localizado na parte superior da tela, digite <strong>Network<\/strong>;<br>3. Localize a op\u00e7\u00e3o <strong>Local Network Access Checks<\/strong> e altere o status para <strong>Disabled<\/strong>;<br>4. Reinicie o navegador e tente acessar novamente o <strong>PJe<\/strong>.<\/p>\n\n\n\n<h2 class=\"wp-block-heading has-text-color has-link-color wp-elements-0db6108be4dbc5a954c2b52d70a7484b\" style=\"color:#13477c\">P\u00fablico-alvo<\/h2>\n\n\n\n<p>Todos os usu\u00e1rios internos do Sistema PJe 1\u00ba e 2\u00ba Grau.<\/p>\n\n\n\n<div style=\"height:20px\" aria-hidden=\"true\" class=\"wp-block-spacer\"><\/div>\n\n\n\n<h2 class=\"wp-block-heading has-text-color has-link-color wp-elements-3b397bcd2bbe9f4fd6e762d045c0d24e\" style=\"color:#13477c\">Benef\u00edcios<\/h2>\n\n\n\n<p>A aplica\u00e7\u00e3o desse procedimento permite o restabelecimento do acesso regular ao sistema, assegurando o correto carregamento das tarefas no PJe. Com isso, contribui para a continuidade das atividades jurisdicionais, a redu\u00e7\u00e3o de indisponibilidades operacionais e a melhoria da experi\u00eancia do usu\u00e1rio, evitando atrasos e retrabalho decorrentes de falhas t\u00e9cnicas de navega\u00e7\u00e3o.<\/p>\n\n\n\n<div style=\"height:20px\" aria-hidden=\"true\" class=\"wp-block-spacer\"><\/div>\n\n\n\n<h2 class=\"wp-block-heading has-text-color has-link-color wp-elements-78e9a5c6e18fcf9d7120616118565cbb\" style=\"color:#13477c\">Guias e Manuais<\/h2>\n\n\n\n<ul style=\"color:#13477c\" class=\"wp-block-list has-text-color has-link-color wp-elements-d4068da268301b0b9fa8b506e43e28f8\">\n<li>Lorem Ipsum na internet tendem a repetir peda\u00e7os predefinidos conforme necess\u00e1rio<\/li>\n\n\n\n<li>Lorem Ipsum na internet tendem a repetir peda\u00e7os predefinidos conforme necess\u00e1rio<\/li>\n<\/ul>\n\n\n\n<div style=\"height:20px\" aria-hidden=\"true\" class=\"wp-block-spacer\"><\/div>\n\n\n\n<h2 class=\"wp-block-heading has-text-color has-link-color wp-elements-f62605e10d95a8703e2d0c48f2bdeeb1\" style=\"color:#13477c\">V\u00eddeos<\/h2>\n\n\n\n<div class=\"wp-block-columns is-layout-flex wp-container-core-columns-is-layout-9d6595d7 wp-block-columns-is-layout-flex\">\n<div class=\"wp-block-column is-layout-flow wp-block-column-is-layout-flow\" style=\"flex-basis:10%\"><\/div>\n\n\n\n<div class=\"wp-block-column is-layout-flow wp-block-column-is-layout-flow\" style=\"flex-basis:40%\">\n<figure class=\"wp-block-image size-large\"><img loading=\"lazy\" decoding=\"async\" width=\"1024\" height=\"576\" src=\"https:\/\/www.tjba.jus.br\/portaldatecnologia\/wp-content\/uploads\/2026\/01\/Ativo-18@4x-1024x576.png\" alt=\"\" class=\"wp-image-1237\" srcset=\"https:\/\/www.tjba.jus.br\/portaldatecnologia\/wp-content\/uploads\/2026\/01\/Ativo-18@4x-1024x576.png 1024w, https:\/\/www.tjba.jus.br\/portaldatecnologia\/wp-content\/uploads\/2026\/01\/Ativo-18@4x-300x169.png 300w, https:\/\/www.tjba.jus.br\/portaldatecnologia\/wp-content\/uploads\/2026\/01\/Ativo-18@4x-768x432.png 768w, https:\/\/www.tjba.jus.br\/portaldatecnologia\/wp-content\/uploads\/2026\/01\/Ativo-18@4x-1536x864.png 1536w, https:\/\/www.tjba.jus.br\/portaldatecnologia\/wp-content\/uploads\/2026\/01\/Ativo-18@4x-2048x1152.png 2048w\" sizes=\"auto, (max-width: 1024px) 100vw, 1024px\" \/><\/figure>\n<\/div>\n\n\n\n<div class=\"wp-block-column is-layout-flow wp-block-column-is-layout-flow\" style=\"flex-basis:40%\">\n<figure class=\"wp-block-image size-large\"><img loading=\"lazy\" decoding=\"async\" width=\"1024\" height=\"576\" src=\"https:\/\/www.tjba.jus.br\/portaldatecnologia\/wp-content\/uploads\/2026\/01\/Ativo-18@4x-1024x576.png\" alt=\"\" class=\"wp-image-1237\" srcset=\"https:\/\/www.tjba.jus.br\/portaldatecnologia\/wp-content\/uploads\/2026\/01\/Ativo-18@4x-1024x576.png 1024w, https:\/\/www.tjba.jus.br\/portaldatecnologia\/wp-content\/uploads\/2026\/01\/Ativo-18@4x-300x169.png 300w, https:\/\/www.tjba.jus.br\/portaldatecnologia\/wp-content\/uploads\/2026\/01\/Ativo-18@4x-768x432.png 768w, https:\/\/www.tjba.jus.br\/portaldatecnologia\/wp-content\/uploads\/2026\/01\/Ativo-18@4x-1536x864.png 1536w, https:\/\/www.tjba.jus.br\/portaldatecnologia\/wp-content\/uploads\/2026\/01\/Ativo-18@4x-2048x1152.png 2048w\" sizes=\"auto, (max-width: 1024px) 100vw, 1024px\" \/><\/figure>\n<\/div>\n\n\n\n<div class=\"wp-block-column is-layout-flow wp-block-column-is-layout-flow\" style=\"flex-basis:10%\"><\/div>\n<\/div>\n\n\n\n<p><\/p>\n","protected":false},"excerpt":{"rendered":"<p>Corre\u00e7\u00e3o do erro das tarefas do PJE Trata-se de procedimento destinado a corrigir inconsist\u00eancias no carregamento de tarefas e falhas de acesso ao Sistema Processo Judicial Eletr\u00f4nico (PJe), nos m\u00f3dulos de 1\u00ba e 2\u00ba Garus, identificadas em determinadas vers\u00f5es do navegador Google Chrome. Como usar? Para sanar falhas de acesso ao sistema, especialmente em computadores [&hellip;]<\/p>\n","protected":false},"author":2,"featured_media":0,"parent":0,"menu_order":0,"comment_status":"closed","ping_status":"closed","template":"page-modelo.php","meta":{"ub_ctt_via":"","footnotes":""},"class_list":["post-1299","page","type-page","status-publish","hentry"],"acf":[],"featured_image_src":null,"_links":{"self":[{"href":"https:\/\/www.tjba.jus.br\/portaldatecnologia\/wp-json\/wp\/v2\/pages\/1299","targetHints":{"allow":["GET"]}}],"collection":[{"href":"https:\/\/www.tjba.jus.br\/portaldatecnologia\/wp-json\/wp\/v2\/pages"}],"about":[{"href":"https:\/\/www.tjba.jus.br\/portaldatecnologia\/wp-json\/wp\/v2\/types\/page"}],"author":[{"embeddable":true,"href":"https:\/\/www.tjba.jus.br\/portaldatecnologia\/wp-json\/wp\/v2\/users\/2"}],"replies":[{"embeddable":true,"href":"https:\/\/www.tjba.jus.br\/portaldatecnologia\/wp-json\/wp\/v2\/comments?post=1299"}],"version-history":[{"count":3,"href":"https:\/\/www.tjba.jus.br\/portaldatecnologia\/wp-json\/wp\/v2\/pages\/1299\/revisions"}],"predecessor-version":[{"id":1303,"href":"https:\/\/www.tjba.jus.br\/portaldatecnologia\/wp-json\/wp\/v2\/pages\/1299\/revisions\/1303"}],"wp:attachment":[{"href":"https:\/\/www.tjba.jus.br\/portaldatecnologia\/wp-json\/wp\/v2\/media?parent=1299"}],"curies":[{"name":"wp","href":"https:\/\/api.w.org\/{rel}","templated":true}]}}