{"id":1305,"date":"2026-02-24T15:07:55","date_gmt":"2026-02-24T18:07:55","guid":{"rendered":"https:\/\/www.tjba.jus.br\/portaldatecnologia\/?page_id=1305"},"modified":"2026-02-24T15:07:55","modified_gmt":"2026-02-24T18:07:55","slug":"justica-automatizada-2","status":"publish","type":"page","link":"https:\/\/www.tjba.jus.br\/portaldatecnologia\/justica-automatizada-2\/","title":{"rendered":"Justi\u00e7a Automatizada"},"content":{"rendered":"\n<figure class=\"wp-block-image size-full\"><img loading=\"lazy\" decoding=\"async\" width=\"2560\" height=\"624\" src=\"https:\/\/www.tjba.jus.br\/portaldatecnologia\/wp-content\/uploads\/2026\/02\/Banner-Justica-Automatizada-scaled.png\" alt=\"\" class=\"wp-image-1306\" srcset=\"https:\/\/www.tjba.jus.br\/portaldatecnologia\/wp-content\/uploads\/2026\/02\/Banner-Justica-Automatizada-scaled.png 2560w, https:\/\/www.tjba.jus.br\/portaldatecnologia\/wp-content\/uploads\/2026\/02\/Banner-Justica-Automatizada-300x73.png 300w, https:\/\/www.tjba.jus.br\/portaldatecnologia\/wp-content\/uploads\/2026\/02\/Banner-Justica-Automatizada-1024x250.png 1024w, https:\/\/www.tjba.jus.br\/portaldatecnologia\/wp-content\/uploads\/2026\/02\/Banner-Justica-Automatizada-768x187.png 768w, https:\/\/www.tjba.jus.br\/portaldatecnologia\/wp-content\/uploads\/2026\/02\/Banner-Justica-Automatizada-1536x375.png 1536w, https:\/\/www.tjba.jus.br\/portaldatecnologia\/wp-content\/uploads\/2026\/02\/Banner-Justica-Automatizada-2048x500.png 2048w\" sizes=\"auto, (max-width: 2560px) 100vw, 2560px\" \/><\/figure>\n\n\n\n<div style=\"height:20px\" aria-hidden=\"true\" class=\"wp-block-spacer\"><\/div>\n\n\n\n<h2 class=\"wp-block-heading has-text-color has-link-color wp-elements-023a262f9ac6610895d592ba6f8d2ac9\" style=\"color:#13477c\">Portal Justi\u00e7a Automatizada<\/h2>\n\n\n\n<p>O Portal de Justi\u00e7a Automatizada \u00e9 uma plataforma criada pela SETIM, que disponibiliza rob\u00f4s de automa\u00e7\u00e3o processual desenvolvidos pelo LABJUS e pela COJE. As solu\u00e7\u00f5es permitem a pesquisa e a consulta automatizada de processos, especialmente aqueles em fase de senten\u00e7a ou relacionados a temas espec\u00edficos, contribuindo para a redu\u00e7\u00e3o do tempo de tramita\u00e7\u00e3o processual e para o aumento da efici\u00eancia da atividade jurisdicional.<\/p>\n\n\n\n<div style=\"height:20px\" aria-hidden=\"true\" class=\"wp-block-spacer\"><\/div>\n\n\n\n<h2 class=\"wp-block-heading has-text-color has-link-color wp-elements-5f64a574f88beb6fc3897443fe47e2ea\" style=\"color:#13477c\">Como funciona?<\/h2>\n\n\n\n<p>O acesso ao Portal de Justi\u00e7a Automatizada pode ser realizado por meio do Portal do Primeiro Grau ou pelo Espa\u00e7o do Magistrado. Ao acessar a plataforma, o usu\u00e1rio \u00e9 direcionado a uma p\u00e1gina inicial que apresenta op\u00e7\u00f5es como In\u00edcio, Rob\u00f4s, Mais Usados, Contato e Entrar.<\/p>\n\n\n\n<p>Para utilizar as funcionalidades, o usu\u00e1rio deve efetuar login com suas credenciais do PJe. Ap\u00f3s a autentica\u00e7\u00e3o, \u00e9 poss\u00edvel selecionar e executar um dos seis rob\u00f4s de pesquisa dispon\u00edveis, que processam as tarefas em duas etapas, permitindo que as execu\u00e7\u00f5es sejam agrupadas. Esse modelo reduz o impacto no desempenho dos sistemas, especialmente durante os hor\u00e1rios de maior uso<\/p>\n\n\n\n<p>O portal tamb\u00e9m possibilita a exporta\u00e7\u00e3o dos resultados das pesquisas e consultas em formatos compat\u00edveis com planilhas eletr\u00f4nicas, facilitando an\u00e1lises e acompanhamento posterior.<\/p>\n\n\n\n<h2 class=\"wp-block-heading has-text-color has-link-color wp-elements-0db6108be4dbc5a954c2b52d70a7484b\" style=\"color:#13477c\">P\u00fablico-alvo<\/h2>\n\n\n\n<p>O Portal de Justi\u00e7a Automatizada \u00e9 destinado principalmente a magistrados(as) e servidores(as) que atuam na atividade jurisdicional.<\/p>\n\n\n\n<div style=\"height:20px\" aria-hidden=\"true\" class=\"wp-block-spacer\"><\/div>\n\n\n\n<h2 class=\"wp-block-heading has-text-color has-link-color wp-elements-3b397bcd2bbe9f4fd6e762d045c0d24e\" style=\"color:#13477c\">Benef\u00edcios<\/h2>\n\n\n\n<p>A Justi\u00e7a Automatizada promove maior celeridade processual, ao reduzir o tempo necess\u00e1rio para localizar, agrupar e analisar processos em fases ou temas espec\u00edficos. O uso de rob\u00f4s diminui tarefas manuais e repetitivas.<\/p>\n\n\n\n<div style=\"height:20px\" aria-hidden=\"true\" class=\"wp-block-spacer\"><\/div>\n\n\n\n<h2 class=\"wp-block-heading has-text-color has-link-color wp-elements-78e9a5c6e18fcf9d7120616118565cbb\" style=\"color:#13477c\">Guias e Manuais<\/h2>\n\n\n\n<ul style=\"color:#13477c\" class=\"wp-block-list has-text-color has-link-color wp-elements-d4068da268301b0b9fa8b506e43e28f8\">\n<li>Lorem Ipsum na internet tendem a repetir peda\u00e7os predefinidos conforme necess\u00e1rio<\/li>\n\n\n\n<li>Lorem Ipsum na internet tendem a repetir peda\u00e7os predefinidos conforme necess\u00e1rio<\/li>\n<\/ul>\n\n\n\n<div style=\"height:20px\" aria-hidden=\"true\" class=\"wp-block-spacer\"><\/div>\n\n\n\n<h2 class=\"wp-block-heading has-text-color has-link-color wp-elements-f62605e10d95a8703e2d0c48f2bdeeb1\" style=\"color:#13477c\">V\u00eddeos<\/h2>\n\n\n\n<div class=\"wp-block-columns is-layout-flex wp-container-core-columns-is-layout-9d6595d7 wp-block-columns-is-layout-flex\">\n<div class=\"wp-block-column is-layout-flow wp-block-column-is-layout-flow\" style=\"flex-basis:10%\"><\/div>\n\n\n\n<div class=\"wp-block-column is-layout-flow wp-block-column-is-layout-flow\" style=\"flex-basis:40%\">\n<figure class=\"wp-block-image size-large\"><img loading=\"lazy\" decoding=\"async\" width=\"1024\" height=\"576\" src=\"https:\/\/www.tjba.jus.br\/portaldatecnologia\/wp-content\/uploads\/2026\/01\/Ativo-18@4x-1024x576.png\" alt=\"\" class=\"wp-image-1237\" srcset=\"https:\/\/www.tjba.jus.br\/portaldatecnologia\/wp-content\/uploads\/2026\/01\/Ativo-18@4x-1024x576.png 1024w, https:\/\/www.tjba.jus.br\/portaldatecnologia\/wp-content\/uploads\/2026\/01\/Ativo-18@4x-300x169.png 300w, https:\/\/www.tjba.jus.br\/portaldatecnologia\/wp-content\/uploads\/2026\/01\/Ativo-18@4x-768x432.png 768w, https:\/\/www.tjba.jus.br\/portaldatecnologia\/wp-content\/uploads\/2026\/01\/Ativo-18@4x-1536x864.png 1536w, https:\/\/www.tjba.jus.br\/portaldatecnologia\/wp-content\/uploads\/2026\/01\/Ativo-18@4x-2048x1152.png 2048w\" sizes=\"auto, (max-width: 1024px) 100vw, 1024px\" \/><\/figure>\n<\/div>\n\n\n\n<div class=\"wp-block-column is-layout-flow wp-block-column-is-layout-flow\" style=\"flex-basis:40%\">\n<figure class=\"wp-block-image size-large\"><img loading=\"lazy\" decoding=\"async\" width=\"1024\" height=\"576\" src=\"https:\/\/www.tjba.jus.br\/portaldatecnologia\/wp-content\/uploads\/2026\/01\/Ativo-18@4x-1024x576.png\" alt=\"\" class=\"wp-image-1237\" srcset=\"https:\/\/www.tjba.jus.br\/portaldatecnologia\/wp-content\/uploads\/2026\/01\/Ativo-18@4x-1024x576.png 1024w, https:\/\/www.tjba.jus.br\/portaldatecnologia\/wp-content\/uploads\/2026\/01\/Ativo-18@4x-300x169.png 300w, https:\/\/www.tjba.jus.br\/portaldatecnologia\/wp-content\/uploads\/2026\/01\/Ativo-18@4x-768x432.png 768w, https:\/\/www.tjba.jus.br\/portaldatecnologia\/wp-content\/uploads\/2026\/01\/Ativo-18@4x-1536x864.png 1536w, https:\/\/www.tjba.jus.br\/portaldatecnologia\/wp-content\/uploads\/2026\/01\/Ativo-18@4x-2048x1152.png 2048w\" sizes=\"auto, (max-width: 1024px) 100vw, 1024px\" \/><\/figure>\n<\/div>\n\n\n\n<div class=\"wp-block-column is-layout-flow wp-block-column-is-layout-flow\" style=\"flex-basis:10%\"><\/div>\n<\/div>\n\n\n\n<p><\/p>\n","protected":false},"excerpt":{"rendered":"<p>Portal Justi\u00e7a Automatizada O Portal de Justi\u00e7a Automatizada \u00e9 uma plataforma criada pela SETIM, que disponibiliza rob\u00f4s de automa\u00e7\u00e3o processual desenvolvidos pelo LABJUS e pela COJE. As solu\u00e7\u00f5es permitem a pesquisa e a consulta automatizada de processos, especialmente aqueles em fase de senten\u00e7a ou relacionados a temas espec\u00edficos, contribuindo para a redu\u00e7\u00e3o do tempo de [&hellip;]<\/p>\n","protected":false},"author":2,"featured_media":0,"parent":0,"menu_order":0,"comment_status":"closed","ping_status":"closed","template":"page-modelo.php","meta":{"ub_ctt_via":"","footnotes":""},"class_list":["post-1305","page","type-page","status-publish","hentry"],"acf":[],"featured_image_src":null,"_links":{"self":[{"href":"https:\/\/www.tjba.jus.br\/portaldatecnologia\/wp-json\/wp\/v2\/pages\/1305","targetHints":{"allow":["GET"]}}],"collection":[{"href":"https:\/\/www.tjba.jus.br\/portaldatecnologia\/wp-json\/wp\/v2\/pages"}],"about":[{"href":"https:\/\/www.tjba.jus.br\/portaldatecnologia\/wp-json\/wp\/v2\/types\/page"}],"author":[{"embeddable":true,"href":"https:\/\/www.tjba.jus.br\/portaldatecnologia\/wp-json\/wp\/v2\/users\/2"}],"replies":[{"embeddable":true,"href":"https:\/\/www.tjba.jus.br\/portaldatecnologia\/wp-json\/wp\/v2\/comments?post=1305"}],"version-history":[{"count":1,"href":"https:\/\/www.tjba.jus.br\/portaldatecnologia\/wp-json\/wp\/v2\/pages\/1305\/revisions"}],"predecessor-version":[{"id":1307,"href":"https:\/\/www.tjba.jus.br\/portaldatecnologia\/wp-json\/wp\/v2\/pages\/1305\/revisions\/1307"}],"wp:attachment":[{"href":"https:\/\/www.tjba.jus.br\/portaldatecnologia\/wp-json\/wp\/v2\/media?parent=1305"}],"curies":[{"name":"wp","href":"https:\/\/api.w.org\/{rel}","templated":true}]}}