{"id":1310,"date":"2026-02-24T15:10:33","date_gmt":"2026-02-24T18:10:33","guid":{"rendered":"https:\/\/www.tjba.jus.br\/portaldatecnologia\/?page_id=1310"},"modified":"2026-02-24T15:10:33","modified_gmt":"2026-02-24T18:10:33","slug":"novo-exaudi","status":"publish","type":"page","link":"https:\/\/www.tjba.jus.br\/portaldatecnologia\/novo-exaudi\/","title":{"rendered":"Novo Exaudi"},"content":{"rendered":"\n<figure class=\"wp-block-image size-full\"><img loading=\"lazy\" decoding=\"async\" width=\"1640\" height=\"400\" src=\"https:\/\/www.tjba.jus.br\/portaldatecnologia\/wp-content\/uploads\/2026\/02\/Banner-novo-exaudi.png\" alt=\"\" class=\"wp-image-1311\" srcset=\"https:\/\/www.tjba.jus.br\/portaldatecnologia\/wp-content\/uploads\/2026\/02\/Banner-novo-exaudi.png 1640w, https:\/\/www.tjba.jus.br\/portaldatecnologia\/wp-content\/uploads\/2026\/02\/Banner-novo-exaudi-300x73.png 300w, https:\/\/www.tjba.jus.br\/portaldatecnologia\/wp-content\/uploads\/2026\/02\/Banner-novo-exaudi-1024x250.png 1024w, https:\/\/www.tjba.jus.br\/portaldatecnologia\/wp-content\/uploads\/2026\/02\/Banner-novo-exaudi-768x187.png 768w, https:\/\/www.tjba.jus.br\/portaldatecnologia\/wp-content\/uploads\/2026\/02\/Banner-novo-exaudi-1536x375.png 1536w\" sizes=\"auto, (max-width: 1640px) 100vw, 1640px\" \/><\/figure>\n\n\n\n<div style=\"height:20px\" aria-hidden=\"true\" class=\"wp-block-spacer\"><\/div>\n\n\n\n<h2 class=\"wp-block-heading has-text-color has-link-color wp-elements-151e60ea6ac415f07b8b8ac147686f1c\" style=\"color:#13477c\">Novo Exaudi<\/h2>\n\n\n\n<p>O Novo EXAUDI \u00e9 uma plataforma informacional que integra dados estat\u00edsticos, indicadores de produtividade e ferramentas de gerenciamento do acervo processual do Tribunal de Justi\u00e7a do Estado da Bahia. Com layout flex\u00edvel e din\u00e2mico, a solu\u00e7\u00e3o possibilita \u00e0s unidades judiciais o acesso a informa\u00e7\u00f5es detalhadas sobre acervo, processos julgados, pendentes ou arquivados, permitindo o monitoramento da tramita\u00e7\u00e3o e a otimiza\u00e7\u00e3o da gest\u00e3o processual.<\/p>\n\n\n\n<div style=\"height:20px\" aria-hidden=\"true\" class=\"wp-block-spacer\"><\/div>\n\n\n\n<h2 class=\"wp-block-heading has-text-color has-link-color wp-elements-5f64a574f88beb6fc3897443fe47e2ea\" style=\"color:#13477c\">Como funciona?<\/h2>\n\n\n\n<p>O acesso ao Novo EXAUDI ocorre por meio do portal institucional do TJBA, em ambiente seguro e autenticado. A plataforma disponibiliza pain\u00e9is interativos, relat\u00f3rios e filtros que permitem ao usu\u00e1rio consultar dados estat\u00edsticos, acompanhar indicadores de produtividade e analisar o comportamento do acervo processual por unidade, per\u00edodo, classe ou situa\u00e7\u00e3o processual. As informa\u00e7\u00f5es s\u00e3o apresentadas de forma visual e atualizada, apoiando o acompanhamento rotineiro e a an\u00e1lise gerencial.<\/p>\n\n\n\n<h2 class=\"wp-block-heading has-text-color has-link-color wp-elements-0db6108be4dbc5a954c2b52d70a7484b\" style=\"color:#13477c\">P\u00fablico-alvo<\/h2>\n\n\n\n<p>O Novo EXAUDI \u00e9 destinado a desembargadores(as), magistrados(as), servidores(as) e gestores(as) do Tribunal de Justi\u00e7a do Estado da Bahia que atuam na gest\u00e3o, no acompanhamento e na supervis\u00e3o da atividade jurisdicional, bem como \u00e0s unidades respons\u00e1veis pelo monitoramento de metas, produtividade e desempenho institucional.<\/p>\n\n\n\n<div style=\"height:20px\" aria-hidden=\"true\" class=\"wp-block-spacer\"><\/div>\n\n\n\n<h2 class=\"wp-block-heading has-text-color has-link-color wp-elements-3b397bcd2bbe9f4fd6e762d045c0d24e\" style=\"color:#13477c\">Benef\u00edcios<\/h2>\n\n\n\n<p>A utiliza\u00e7\u00e3o do Novo EXAUDI proporciona maior transpar\u00eancia e controle sobre o acervo processual e os indicadores de produtividade do Tribunal, permitindo an\u00e1lises precisas e atualizadas. A plataforma apoia o acompanhamento do cumprimento das Metas Nacionais do Poder Judici\u00e1rio, contribui para a identifica\u00e7\u00e3o de gargalos e oportunidades de melhoria e fortalece a tomada de decis\u00f5es estrat\u00e9gicas. Al\u00e9m disso, promove uma gest\u00e3o processual mais eficiente, orientada por dados, alinhada \u00e0s diretrizes de governan\u00e7a e moderniza\u00e7\u00e3o do TJBA.<\/p>\n\n\n\n<div style=\"height:20px\" aria-hidden=\"true\" class=\"wp-block-spacer\"><\/div>\n\n\n\n<h2 class=\"wp-block-heading has-text-color has-link-color wp-elements-78e9a5c6e18fcf9d7120616118565cbb\" style=\"color:#13477c\">Guias e Manuais<\/h2>\n\n\n\n<ul style=\"color:#13477c\" class=\"wp-block-list has-text-color has-link-color wp-elements-d4068da268301b0b9fa8b506e43e28f8\">\n<li>Lorem Ipsum na internet tendem a repetir peda\u00e7os predefinidos conforme necess\u00e1rio<\/li>\n\n\n\n<li>Lorem Ipsum na internet tendem a repetir peda\u00e7os predefinidos conforme necess\u00e1rio<\/li>\n<\/ul>\n\n\n\n<div style=\"height:20px\" aria-hidden=\"true\" class=\"wp-block-spacer\"><\/div>\n\n\n\n<h2 class=\"wp-block-heading has-text-color has-link-color wp-elements-f62605e10d95a8703e2d0c48f2bdeeb1\" style=\"color:#13477c\">V\u00eddeos<\/h2>\n\n\n\n<div class=\"wp-block-columns is-layout-flex wp-container-core-columns-is-layout-9d6595d7 wp-block-columns-is-layout-flex\">\n<div class=\"wp-block-column is-layout-flow wp-block-column-is-layout-flow\" style=\"flex-basis:10%\"><\/div>\n\n\n\n<div class=\"wp-block-column is-layout-flow wp-block-column-is-layout-flow\" style=\"flex-basis:40%\">\n<figure class=\"wp-block-image size-large\"><img loading=\"lazy\" decoding=\"async\" width=\"1024\" height=\"576\" src=\"https:\/\/www.tjba.jus.br\/portaldatecnologia\/wp-content\/uploads\/2026\/01\/Ativo-18@4x-1024x576.png\" alt=\"\" class=\"wp-image-1237\" srcset=\"https:\/\/www.tjba.jus.br\/portaldatecnologia\/wp-content\/uploads\/2026\/01\/Ativo-18@4x-1024x576.png 1024w, https:\/\/www.tjba.jus.br\/portaldatecnologia\/wp-content\/uploads\/2026\/01\/Ativo-18@4x-300x169.png 300w, https:\/\/www.tjba.jus.br\/portaldatecnologia\/wp-content\/uploads\/2026\/01\/Ativo-18@4x-768x432.png 768w, https:\/\/www.tjba.jus.br\/portaldatecnologia\/wp-content\/uploads\/2026\/01\/Ativo-18@4x-1536x864.png 1536w, https:\/\/www.tjba.jus.br\/portaldatecnologia\/wp-content\/uploads\/2026\/01\/Ativo-18@4x-2048x1152.png 2048w\" sizes=\"auto, (max-width: 1024px) 100vw, 1024px\" \/><\/figure>\n<\/div>\n\n\n\n<div class=\"wp-block-column is-layout-flow wp-block-column-is-layout-flow\" style=\"flex-basis:40%\">\n<figure class=\"wp-block-image size-large\"><img loading=\"lazy\" decoding=\"async\" width=\"1024\" height=\"576\" src=\"https:\/\/www.tjba.jus.br\/portaldatecnologia\/wp-content\/uploads\/2026\/01\/Ativo-18@4x-1024x576.png\" alt=\"\" class=\"wp-image-1237\" srcset=\"https:\/\/www.tjba.jus.br\/portaldatecnologia\/wp-content\/uploads\/2026\/01\/Ativo-18@4x-1024x576.png 1024w, https:\/\/www.tjba.jus.br\/portaldatecnologia\/wp-content\/uploads\/2026\/01\/Ativo-18@4x-300x169.png 300w, https:\/\/www.tjba.jus.br\/portaldatecnologia\/wp-content\/uploads\/2026\/01\/Ativo-18@4x-768x432.png 768w, https:\/\/www.tjba.jus.br\/portaldatecnologia\/wp-content\/uploads\/2026\/01\/Ativo-18@4x-1536x864.png 1536w, https:\/\/www.tjba.jus.br\/portaldatecnologia\/wp-content\/uploads\/2026\/01\/Ativo-18@4x-2048x1152.png 2048w\" sizes=\"auto, (max-width: 1024px) 100vw, 1024px\" \/><\/figure>\n<\/div>\n\n\n\n<div class=\"wp-block-column is-layout-flow wp-block-column-is-layout-flow\" style=\"flex-basis:10%\"><\/div>\n<\/div>\n\n\n\n<p><\/p>\n","protected":false},"excerpt":{"rendered":"<p>Novo Exaudi O Novo EXAUDI \u00e9 uma plataforma informacional que integra dados estat\u00edsticos, indicadores de produtividade e ferramentas de gerenciamento do acervo processual do Tribunal de Justi\u00e7a do Estado da Bahia. Com layout flex\u00edvel e din\u00e2mico, a solu\u00e7\u00e3o possibilita \u00e0s unidades judiciais o acesso a informa\u00e7\u00f5es detalhadas sobre acervo, processos julgados, pendentes ou arquivados, permitindo [&hellip;]<\/p>\n","protected":false},"author":2,"featured_media":0,"parent":0,"menu_order":0,"comment_status":"closed","ping_status":"closed","template":"page-modelo.php","meta":{"ub_ctt_via":"","footnotes":""},"class_list":["post-1310","page","type-page","status-publish","hentry"],"acf":[],"featured_image_src":null,"_links":{"self":[{"href":"https:\/\/www.tjba.jus.br\/portaldatecnologia\/wp-json\/wp\/v2\/pages\/1310","targetHints":{"allow":["GET"]}}],"collection":[{"href":"https:\/\/www.tjba.jus.br\/portaldatecnologia\/wp-json\/wp\/v2\/pages"}],"about":[{"href":"https:\/\/www.tjba.jus.br\/portaldatecnologia\/wp-json\/wp\/v2\/types\/page"}],"author":[{"embeddable":true,"href":"https:\/\/www.tjba.jus.br\/portaldatecnologia\/wp-json\/wp\/v2\/users\/2"}],"replies":[{"embeddable":true,"href":"https:\/\/www.tjba.jus.br\/portaldatecnologia\/wp-json\/wp\/v2\/comments?post=1310"}],"version-history":[{"count":1,"href":"https:\/\/www.tjba.jus.br\/portaldatecnologia\/wp-json\/wp\/v2\/pages\/1310\/revisions"}],"predecessor-version":[{"id":1312,"href":"https:\/\/www.tjba.jus.br\/portaldatecnologia\/wp-json\/wp\/v2\/pages\/1310\/revisions\/1312"}],"wp:attachment":[{"href":"https:\/\/www.tjba.jus.br\/portaldatecnologia\/wp-json\/wp\/v2\/media?parent=1310"}],"curies":[{"name":"wp","href":"https:\/\/api.w.org\/{rel}","templated":true}]}}