{"id":149,"date":"2024-05-31T16:21:49","date_gmt":"2024-05-31T19:21:49","guid":{"rendered":"https:\/\/homologacaointerna.tjba.jus.br\/setim\/?page_id=149"},"modified":"2024-09-16T15:40:57","modified_gmt":"2024-09-16T18:40:57","slug":"pagina-da-justica","status":"publish","type":"page","link":"https:\/\/www.tjba.jus.br\/portaldatecnologia\/pagina-da-justica\/","title":{"rendered":"Contatos"},"content":{"rendered":"\n<ul class=\"wp-block-list\">\n<li><strong>SECRETARIA DE TECNOLOGIA DA INFORMA\u00c7\u00c3O E MODERNIZA\u00c7\u00c3O (SETIM)<\/strong><\/li>\n\n\n\n<li>Sala 315 \u2013 4\u00ba andar \u2013 Edif\u00edcio Advogado Pedro Milton de Brito \u2013 Anexo II<\/li>\n\n\n\n<li>E-mail:\u00a0<a href=\"mailto:setim@tjba.jus.br\">setim@tjba.jus.br<\/a><\/li>\n\n\n\n<li>Secret\u00e1rio: 3483 &#8211; 3709<\/li>\n\n\n\n<li>Assessoria: 3483-3705 \/ 3706\/ 3712<\/li>\n<\/ul>\n\n\n\n<p><\/p>\n\n\n\n<ul class=\"wp-block-list\">\n<li><strong>DIRETORIA DE INFORM\u00c1TICA (DIN)<\/strong><\/li>\n\n\n\n<li>Sala 207 &#8211; Anexo I<\/li>\n\n\n\n<li>E-mail:\u00a0<a href=\"mailto:din@tjba.jus.br\">din@tjba.jus.br<\/a><\/li>\n\n\n\n<li>Recep\u00e7\u00e3o: 3372-1555<\/li>\n<\/ul>\n\n\n\n<p><\/p>\n\n\n\n<ul class=\"wp-block-list\">\n<li><strong>DIRETORIA DE MODERNIZA\u00c7\u00c3O &#8211; DMO<\/strong><\/li>\n\n\n\n<li>Sala 211 &#8211; Anexo I<\/li>\n\n\n\n<li>E-mail:\u00a0<a href=\"mailto:dmo@tjba.jus.br\">dmo@tjba.jus.br<\/a><\/li>\n\n\n\n<li>Recep\u00e7\u00e3o: 3372-1866<\/li>\n<\/ul>\n\n\n\n<p><\/p>\n\n\n\n<ul class=\"wp-block-list\">\n<li><strong>COORDENA\u00c7\u00c3O DE PROJETOS E MODERNIZA\u00c7\u00c3O &#8211; CPROM<\/strong><\/li>\n\n\n\n<li>Sala 211 &#8211; Anexo I<\/li>\n\n\n\n<li>E-mail:\u00a0<a href=\"mailto:certificacaodigital@tjba.jus.br\">certificacaodigital@tjba.jus.br<\/a><\/li>\n\n\n\n<li>Certifica\u00e7\u00e3o Digital: 3372-1880<\/li>\n<\/ul>\n\n\n\n<p><\/p>\n\n\n\n<ul class=\"wp-block-list\">\n<li><strong>COORDENA\u00c7\u00c3O DE SISTEMAS JUDICIAIS &#8211; CSJUD<\/strong><\/li>\n\n\n\n<li>Sala 211 &#8211; Anexo I<\/li>\n\n\n\n<li>E-mail:\u00a0<a href=\"mailto:csjud@tjba.jus.br\">csjud@tjba.jus.br<\/a><\/li>\n\n\n\n<li>Recep\u00e7\u00e3o: 3372-1728<\/li>\n<\/ul>\n\n\n\n<p><\/p>\n\n\n\n<ul class=\"wp-block-list\">\n<li><strong>COORDENA\u00c7\u00c3O DE SISTEMAS &#8211; COSIS<\/strong><\/li>\n\n\n\n<li>Sala 209 &#8211; Anexo I<\/li>\n\n\n\n<li>E-mail:\u00a0<a href=\"mailto:cosis@tjba.jus.br\">cosis@tjba.jus.br<\/a><\/li>\n\n\n\n<li>Coordenador: 3372-1565<\/li>\n\n\n\n<li>Apoio: 3372-1566 \/ 1871<\/li>\n\n\n\n<li>Service Desk: 0800 071 8522 \/ (71) 3324-7400<\/li>\n<\/ul>\n\n\n\n<p><\/p>\n\n\n\n<ul class=\"wp-block-list\">\n<li><strong>COORDENA\u00c7\u00c3O DE ATENDIMENTO T\u00c9CNICO (COATE)<\/strong><\/li>\n\n\n\n<li>Sala 208 &#8211; Anexo I<\/li>\n\n\n\n<li>E-mail:\u00a0<a href=\"mailto:coate@tjba.jus.br\">coate@tjba.jus.br<\/a><\/li>\n\n\n\n<li>Recep\u00e7\u00e3o: (71) 3372-1564<\/li>\n\n\n\n<li>Coordenador: (71) 3372-1561<\/li>\n\n\n\n<li>COATE Apoio: (71) 3372-7514 \/ 7516 \/ 7521 \/ 1779 \/ 7519<\/li>\n\n\n\n<li>Laborat\u00f3rio Inform\u00e1tica\/Manuten\u00e7\u00e3o (subsolo): (71) 3372-1584 \/ 1785<\/li>\n\n\n\n<li>Service Desk: 0800 071 8522<\/li>\n\n\n\n<li>Apoio F\u00f3rum Ruy Barbosa: (71) 3320-6621 \/ 6730\/ 6620<\/li>\n<\/ul>\n\n\n\n<p><\/p>\n\n\n\n<ul class=\"wp-block-list\">\n<li><strong>COORDENA\u00c7\u00c3O DE SUPORTE T\u00c9CNICO (COTEC)<\/strong><\/li>\n\n\n\n<li>Sala 204 Anexo I<\/li>\n\n\n\n<li>E-mail:\u00a0<a href=\"mailto:cotec@tjba.jus.br\">cotec@tjba.jus.br<\/a><\/li>\n\n\n\n<li>Recep\u00e7\u00e3o: 3372-1504<\/li>\n<\/ul>\n\n\n\n<p><\/p>\n\n\n\n<ul class=\"wp-block-list\">\n<li><strong>COORDENA\u00c7\u00c3O DE PRODU\u00c7\u00c3O E COMUNICA\u00c7\u00c3O (CPROD)<\/strong><\/li>\n\n\n\n<li>Sala 205 Anexo I<\/li>\n\n\n\n<li>E-mail:\u00a0<a href=\"mailto:cprod@tjba.jus.br\">cprod@tjba.jus.br<\/a><\/li>\n\n\n\n<li>Recep\u00e7\u00e3o: 3372-1522<\/li>\n\n\n\n<li>Videoconfer\u00eancia apoio: 3372-1571 \/1521<\/li>\n\n\n\n<li>Apoio F\u00f3rum Ruy Barbosa: 3320-6636<\/li>\n<\/ul>\n\n\n\n<p><\/p>\n","protected":false},"excerpt":{"rendered":"","protected":false},"author":2,"featured_media":0,"parent":0,"menu_order":0,"comment_status":"closed","ping_status":"closed","template":"page.php","meta":{"ub_ctt_via":"","footnotes":""},"class_list":["post-149","page","type-page","status-publish","hentry"],"acf":[],"featured_image_src":null,"_links":{"self":[{"href":"https:\/\/www.tjba.jus.br\/portaldatecnologia\/wp-json\/wp\/v2\/pages\/149","targetHints":{"allow":["GET"]}}],"collection":[{"href":"https:\/\/www.tjba.jus.br\/portaldatecnologia\/wp-json\/wp\/v2\/pages"}],"about":[{"href":"https:\/\/www.tjba.jus.br\/portaldatecnologia\/wp-json\/wp\/v2\/types\/page"}],"author":[{"embeddable":true,"href":"https:\/\/www.tjba.jus.br\/portaldatecnologia\/wp-json\/wp\/v2\/users\/2"}],"replies":[{"embeddable":true,"href":"https:\/\/www.tjba.jus.br\/portaldatecnologia\/wp-json\/wp\/v2\/comments?post=149"}],"version-history":[{"count":7,"href":"https:\/\/www.tjba.jus.br\/portaldatecnologia\/wp-json\/wp\/v2\/pages\/149\/revisions"}],"predecessor-version":[{"id":486,"href":"https:\/\/www.tjba.jus.br\/portaldatecnologia\/wp-json\/wp\/v2\/pages\/149\/revisions\/486"}],"wp:attachment":[{"href":"https:\/\/www.tjba.jus.br\/portaldatecnologia\/wp-json\/wp\/v2\/media?parent=149"}],"curies":[{"name":"wp","href":"https:\/\/api.w.org\/{rel}","templated":true}]}}