{"id":277,"date":"2024-08-12T15:18:47","date_gmt":"2024-08-12T18:18:47","guid":{"rendered":"https:\/\/homologacaointerna.tjba.jus.br\/setim\/?page_id=277"},"modified":"2025-07-24T14:31:02","modified_gmt":"2025-07-24T17:31:02","slug":"2024-2","status":"publish","type":"page","link":"https:\/\/www.tjba.jus.br\/portaldatecnologia\/2024-2\/","title":{"rendered":"SETIM NOT\u00cdCIAS"},"content":{"rendered":"\n<figure class=\"wp-block-image size-large\"><img loading=\"lazy\" decoding=\"async\" width=\"1024\" height=\"246\" src=\"https:\/\/homologacaointerna.tjba.jus.br\/setim\/wp-content\/uploads\/2024\/08\/SETIM-noticias-2-1024x246.png\" alt=\"\" class=\"wp-image-295\" srcset=\"https:\/\/www.tjba.jus.br\/portaldatecnologia\/wp-content\/uploads\/2024\/08\/SETIM-noticias-2-1024x246.png 1024w, https:\/\/www.tjba.jus.br\/portaldatecnologia\/wp-content\/uploads\/2024\/08\/SETIM-noticias-2-300x72.png 300w, https:\/\/www.tjba.jus.br\/portaldatecnologia\/wp-content\/uploads\/2024\/08\/SETIM-noticias-2-768x184.png 768w, https:\/\/www.tjba.jus.br\/portaldatecnologia\/wp-content\/uploads\/2024\/08\/SETIM-noticias-2-1536x369.png 1536w, https:\/\/www.tjba.jus.br\/portaldatecnologia\/wp-content\/uploads\/2024\/08\/SETIM-noticias-2-2048x492.png 2048w\" sizes=\"auto, (max-width: 1024px) 100vw, 1024px\" \/><\/figure>\n\n\n\n<p class=\"has-text-color has-link-color wp-elements-dca59b72575e77d5badd32ba7fe19bb1\" style=\"color:#292357\"><span class=\"fontSizeMediumPlus\" style=\"color: #3366ff;\"><span class=\"fontColorThemeDarker\"><strong>Sejam bem-vindos SETIM NOT\u00cdCIAS!<\/strong><\/span><\/span><\/p>\n\n\n\n<p style=\"font-size:16px\"><span class=\"fontSizeMediumPlus\">\u00c9 com grande entusiasmo que lan\u00e7amos o SETIM NOT\u00cdCIAS, um boletim informativo com as principais realiza\u00e7\u00f5es, a\u00e7\u00f5es e eventos da nossa Secretaria. <\/span><span class=\"fontSizeMediumPlus\"><strong>O objetivo deste boletim \u00e9 proporcionar uma vis\u00e3o abrangente e detalhada das atividades que marcaram o m\u00eas, um espa\u00e7o para todos n\u00f3s celebrarmos nossas conquistas e nos alinharmos \u00e0s metas futuras.<\/strong><\/span><\/p>\n\n\n\n<p style=\"font-size:16px\"><span class=\"fontSizeMediumPlus\">Por isso, convidamos todos os servidores a dedicarem um tempo para ler o nosso boletim, a sua leitura \u00e9 importante para que possamos continuar trabalhando juntos de maneira informada e colaborativa.&nbsp;<\/span><\/p>\n\n\n\n<p style=\"font-size:16px\"><span class=\"fontSizeMediumPlus\"><strong>Boa leitura!<\/strong><\/span><\/p>\n\n\n<div class=\"wp-block-ub-content-toggle wp-block-ub-content-toggle-block\" id=\"ub-content-toggle-block-f0e31729-59e3-4d7f-bb14-471ac65186ec\" data-mobilecollapse=\"false\" data-desktopcollapse=\"false\" data-preventcollapse=\"false\" data-showonlyone=\"false\">\n<div class=\"wp-block-ub-content-toggle-accordion\" style=\"border-color: #abb8c3;\" id=\"ub-content-toggle-panel-block-\">\n\t\t\t<div class=\"wp-block-ub-content-toggle-accordion-title-wrap\" style=\"background-color: #abb8c3;\" aria-controls=\"ub-content-toggle-panel-0-f0e31729-59e3-4d7f-bb14-471ac65186ec\" tabindex=\"0\">\n\t\t\t<p class=\"wp-block-ub-content-toggle-accordion-title ub-content-toggle-title-f0e31729-59e3-4d7f-bb14-471ac65186ec\" style=\"color: #0d375e; --ub-content-toggle-title-link-color: #000000; \">2025<\/p>\n\t\t\t<div class=\"wp-block-ub-content-toggle-accordion-toggle-wrap right\" style=\"color: #ffffff;\"><span class=\"wp-block-ub-content-toggle-accordion-state-indicator wp-block-ub-chevron-down open\"><\/span><\/div>\n\t\t<\/div>\n\t\t\t<div role=\"region\" aria-expanded=\"true\" class=\"wp-block-ub-content-toggle-accordion-content-wrap\" id=\"ub-content-toggle-panel-0-f0e31729-59e3-4d7f-bb14-471ac65186ec\">\n\n<p><\/p>\n\n\n\n<div class=\"wp-block-file\"><a id=\"wp-block-file--media-b2dda03f-596c-4bdd-a6e4-2f133eb14ffd\" href=\"https:\/\/www.tjba.jus.br\/portaldatecnologia\/wp-content\/uploads\/2025\/07\/SETIM-NOTICIAS-EDICAO-JANEIRO-2025.pdf\"><strong>SETIM NOT\u00cdCIAS &#8211; EDI\u00c7\u00c3O JANEIRO 2025<\/strong><\/a><\/div>\n\n\n\n<p><\/p>\n\n\n\n<div class=\"wp-block-file\"><a id=\"wp-block-file--media-5822f8a3-d08b-4ba3-98ac-c3d52ea28ab0\" href=\"https:\/\/www.tjba.jus.br\/portaldatecnologia\/wp-content\/uploads\/2025\/07\/SETIM-NOTICIAS-EDICAO-FEVEREIRO-2025-2.pdf\"><strong>SETIM NOT\u00cdCIAS &#8211; EDI\u00c7\u00c3O FEVEREIRO 2025<\/strong><\/a><\/div>\n\n\n\n<p><\/p>\n\n\n\n<div class=\"wp-block-file\"><a id=\"wp-block-file--media-4b8f6b01-acaa-4efd-ba2c-ef3e953c46d3\" href=\"https:\/\/www.tjba.jus.br\/portaldatecnologia\/wp-content\/uploads\/2025\/07\/SETIM-NOTICIAS-EDICAO-MARCO-2025.pdf\"><strong>SETIM NOT\u00cdCIAS &#8211; EDI\u00c7\u00c3O MAR\u00c7O 2025<\/strong><\/a><\/div>\n\n\n\n<p><\/p>\n\n\n\n<div class=\"wp-block-file\"><a id=\"wp-block-file--media-b01c558f-0cab-4402-a8e4-edbcf0a69b28\" href=\"https:\/\/www.tjba.jus.br\/portaldatecnologia\/wp-content\/uploads\/2025\/07\/SETIM-NOTICIAS-EDICAO-ABRIL-2025-1.pdf\"><strong>SETIM NOT\u00cdCIAS &#8211; EDI\u00c7\u00c3O ABRIL 2025<\/strong><\/a><\/div>\n\n\n\n<p><\/p>\n\n\n\n<div class=\"wp-block-file\"><a id=\"wp-block-file--media-8003068d-92db-421c-8dd1-b2ccd601b851\" href=\"https:\/\/www.tjba.jus.br\/portaldatecnologia\/wp-content\/uploads\/2025\/07\/SETIM-NOTICIAS-EDICAO-MAIO-2025.pdf\"><strong>SETIM NOT\u00cdCIAS &#8211; EDI\u00c7\u00c3O MAIO 2025<\/strong><\/a><\/div>\n\n\n\n<p><\/p>\n\n\n\n<div class=\"wp-block-file\"><a id=\"wp-block-file--media-913a3c65-1057-4440-bdb5-5a3122ee033d\" href=\"https:\/\/www.tjba.jus.br\/portaldatecnologia\/wp-content\/uploads\/2025\/07\/SETIM-NOTICIAS-EDICAO-JUNHO-2025.pdf\"><strong>SETIM NOT\u00cdCIAS &#8211; EDI\u00c7\u00c3O JUNHO 2025<\/strong><\/a><\/div>\n\n\n\n<p><\/p>\n\n\n\n<p><\/p>\n\n<\/div>\n\t\t<\/div>\n\n<div class=\"wp-block-ub-content-toggle-accordion\" style=\"border-color: #abb8c3;\" id=\"ub-content-toggle-panel-block-\">\n\t\t\t<div class=\"wp-block-ub-content-toggle-accordion-title-wrap\" style=\"background-color: #abb8c3;\" aria-controls=\"ub-content-toggle-panel-1-f0e31729-59e3-4d7f-bb14-471ac65186ec\" tabindex=\"0\">\n\t\t\t<p class=\"wp-block-ub-content-toggle-accordion-title ub-content-toggle-title-f0e31729-59e3-4d7f-bb14-471ac65186ec\" style=\"color: #0d375e; --ub-content-toggle-title-link-color: #000000; \">2024<\/p>\n\t\t\t<div class=\"wp-block-ub-content-toggle-accordion-toggle-wrap right\" style=\"color: #ffffff;\"><span class=\"wp-block-ub-content-toggle-accordion-state-indicator wp-block-ub-chevron-down open\"><\/span><\/div>\n\t\t<\/div>\n\t\t\t<div role=\"region\" aria-expanded=\"true\" class=\"wp-block-ub-content-toggle-accordion-content-wrap\" id=\"ub-content-toggle-panel-1-f0e31729-59e3-4d7f-bb14-471ac65186ec\">\n\n<p><\/p>\n\n\n\n<div class=\"wp-block-file\"><a id=\"wp-block-file--media-a4bbeeed-6aeb-419c-a0e2-9e16d43a5b20\" href=\"https:\/\/www.tjba.jus.br\/portaldatecnologia\/wp-content\/uploads\/2025\/07\/SETIM-NOTICIAS-EDICAO-JUNHO-2024.pdf\"><strong>SETIM NOT\u00cdCIAS &#8211; EDI\u00c7\u00c3O JUNHO 2024<\/strong><\/a><\/div>\n\n\n\n<p><\/p>\n\n\n\n<div class=\"wp-block-file\"><a id=\"wp-block-file--media-9535da84-eb25-4ca5-a85f-688214fd51a3\" href=\"https:\/\/www.tjba.jus.br\/portaldatecnologia\/wp-content\/uploads\/2025\/07\/SETIM-NOTICIAS-EDICAO-JULHO-2024.pdf\"><strong>SETIM NOT\u00cdCIAS &#8211; EDI\u00c7\u00c3O JULHO 2024<\/strong><\/a><\/div>\n\n\n\n<p><\/p>\n\n\n\n<div class=\"wp-block-file\"><a id=\"wp-block-file--media-74e3ccf6-71e2-4cd4-b909-365d9a5a5ddf\" href=\"https:\/\/www.tjba.jus.br\/portaldatecnologia\/wp-content\/uploads\/2025\/07\/SETIM-NOTICIAS-EDICAO-SETEMBRO-2024.1.pdf\"><strong>SETIM NOT\u00cdCIAS &#8211; EDI\u00c7\u00c3O SETEMBRO 2024.1<\/strong><\/a><\/div>\n\n\n\n<p><\/p>\n\n\n\n<div class=\"wp-block-file\"><a id=\"wp-block-file--media-fd2db5ff-1027-46fc-a62c-843f7e151f03\" href=\"https:\/\/www.tjba.jus.br\/portaldatecnologia\/wp-content\/uploads\/2025\/07\/SETIM-NOTICIAS-EDICAO-SETEMBRO-2024.2.pdf\"><strong>SETIM NOT\u00cdCIAS &#8211; EDI\u00c7\u00c3O SETEMBRO 2024.2<\/strong><\/a><\/div>\n\n\n\n<p><\/p>\n\n\n\n<div class=\"wp-block-file\"><a id=\"wp-block-file--media-da5b7228-afb0-41fa-9612-2834dd156923\" href=\"https:\/\/www.tjba.jus.br\/portaldatecnologia\/wp-content\/uploads\/2025\/07\/SETIM-NOTICIAS-EDICAO-OUTUBRO-2024-1.pdf\"><strong>SETIM NOT\u00cdCIAS &#8211; EDI\u00c7\u00c3O OUTUBRO 2024<\/strong><\/a><\/div>\n\n\n\n<p><\/p>\n\n\n\n<div class=\"wp-block-file\"><a id=\"wp-block-file--media-ba08e567-ee77-400d-9aa7-a4dbdb7e9411\" href=\"https:\/\/www.tjba.jus.br\/portaldatecnologia\/wp-content\/uploads\/2025\/07\/SETIM-NOTICIAS-EDICAO-NOVEMBRO-2024-2.pdf\"><strong>SETIM NOT\u00cdCIAS &#8211; EDI\u00c7\u00c3O NOVEMBRO 2024<\/strong><\/a><\/div>\n\n\n\n<p><\/p>\n\n\n\n<div class=\"wp-block-file\"><a id=\"wp-block-file--media-286ff285-de6b-401a-894d-4ee15385a210\" href=\"https:\/\/www.tjba.jus.br\/portaldatecnologia\/wp-content\/uploads\/2025\/07\/SETIM-NOTICIAS-EDICAO-DEZEMBRO-2024-2.pdf\"><strong>SETIM NOT\u00cdCIAS &#8211; EDI\u00c7\u00c3O DEZEMBRO 2024<\/strong><\/a><\/div>\n\n<\/div>\n\t\t<\/div>\n<\/div>\n\n\n<p><\/p>\n","protected":false},"excerpt":{"rendered":"<p>Sejam bem-vindos SETIM NOT\u00cdCIAS! \u00c9 com grande entusiasmo que lan\u00e7amos o SETIM NOT\u00cdCIAS, um boletim informativo com as principais realiza\u00e7\u00f5es, a\u00e7\u00f5es e eventos da nossa Secretaria. O objetivo deste boletim \u00e9 proporcionar uma vis\u00e3o abrangente e detalhada das atividades que marcaram o m\u00eas, um espa\u00e7o para todos n\u00f3s celebrarmos nossas conquistas e nos alinharmos \u00e0s [&hellip;]<\/p>\n","protected":false},"author":5,"featured_media":295,"parent":0,"menu_order":0,"comment_status":"closed","ping_status":"closed","template":"","meta":{"ub_ctt_via":"","footnotes":""},"class_list":["post-277","page","type-page","status-publish","has-post-thumbnail","hentry"],"acf":[],"featured_image_src":"https:\/\/www.tjba.jus.br\/portaldatecnologia\/wp-content\/uploads\/2024\/08\/SETIM-noticias-2.png","_links":{"self":[{"href":"https:\/\/www.tjba.jus.br\/portaldatecnologia\/wp-json\/wp\/v2\/pages\/277","targetHints":{"allow":["GET"]}}],"collection":[{"href":"https:\/\/www.tjba.jus.br\/portaldatecnologia\/wp-json\/wp\/v2\/pages"}],"about":[{"href":"https:\/\/www.tjba.jus.br\/portaldatecnologia\/wp-json\/wp\/v2\/types\/page"}],"author":[{"embeddable":true,"href":"https:\/\/www.tjba.jus.br\/portaldatecnologia\/wp-json\/wp\/v2\/users\/5"}],"replies":[{"embeddable":true,"href":"https:\/\/www.tjba.jus.br\/portaldatecnologia\/wp-json\/wp\/v2\/comments?post=277"}],"version-history":[{"count":20,"href":"https:\/\/www.tjba.jus.br\/portaldatecnologia\/wp-json\/wp\/v2\/pages\/277\/revisions"}],"predecessor-version":[{"id":1149,"href":"https:\/\/www.tjba.jus.br\/portaldatecnologia\/wp-json\/wp\/v2\/pages\/277\/revisions\/1149"}],"wp:featuredmedia":[{"embeddable":true,"href":"https:\/\/www.tjba.jus.br\/portaldatecnologia\/wp-json\/wp\/v2\/media\/295"}],"wp:attachment":[{"href":"https:\/\/www.tjba.jus.br\/portaldatecnologia\/wp-json\/wp\/v2\/media?parent=277"}],"curies":[{"name":"wp","href":"https:\/\/api.w.org\/{rel}","templated":true}]}}