{"id":351,"date":"2024-08-14T16:45:19","date_gmt":"2024-08-14T19:45:19","guid":{"rendered":"https:\/\/homologacaointerna.tjba.jus.br\/setim\/?page_id=351"},"modified":"2024-08-16T15:18:58","modified_gmt":"2024-08-16T18:18:58","slug":"ppp-painel-de-priorizacao-de-processos","status":"publish","type":"page","link":"https:\/\/www.tjba.jus.br\/portaldatecnologia\/ppp-painel-de-priorizacao-de-processos\/","title":{"rendered":"PPP &#8211; PAINEL DE PRIORIZA\u00c7\u00c3O DE PROCESSOS"},"content":{"rendered":"\n<p style=\"font-size:16px\">O PPP \u00e9 uma ferramenta desenvolvida pela SETIM para auxiliar os(as) magistrados(as) na gest\u00e3o do acervo de processos. <strong>Esta aplica\u00e7\u00e3o classifica os processos judiciais em rela\u00e7\u00e3o \u00e0s metas estabelecidas pelo Conselho Nacional de Justi\u00e7a (CNJ) e demais crit\u00e9rios estabelecidos no Pr\u00eamio CNJ de Qualidade<\/strong>. Com a capacidade de ranquear e pontuar processos em cinco metas e oito itens distintos, o PPP fornece uma vis\u00e3o clara e objetiva dos casos que requerem aten\u00e7\u00e3o priorit\u00e1ria, auxiliando na moderniza\u00e7\u00e3o e efici\u00eancia do Judici\u00e1rio baiano.<\/p>\n\n\n\n<p style=\"font-size:25px\"><strong>COMO ACESSAR<\/strong><\/p>\n\n\n\n<p style=\"font-size:16px\">O acesso ao PPP pode ser feito atrav\u00e9s do <a href=\"https:\/\/www.tjba.jus.br\/primeirograu\/\">Portal do Primeiro Grau<\/a>, bem como pelo <a href=\"https:\/\/www.tjba.jus.br\/portal\/espaco-do-magistrado\/\">Espa\u00e7o do Magistrado<\/a>.<\/p>\n\n\n\n<p style=\"font-size:16px\">Ao acessar algum dos sites mencionados acima, o usu\u00e1rio ser\u00e1 direcionado para uma p\u00e1gina que conta com dois bot\u00f5es,<strong> um para acessar o portal do Painel de Prioriza\u00e7\u00e3o de Processos e outro para acessar o Painel de Juizados Especiais<\/strong>. Caso o usu\u00e1rio n\u00e3o esteja conectado, atrav\u00e9s do seu respectivo e-mail institucional, ser\u00e1 necess\u00e1rio realizar o login.  <strong>Veja essas informa\u00e7\u00f5es tamb\u00e9m no nosso<a href=\"https:\/\/www.tjba.jus.br\/portal\/wp-content\/uploads\/2024\/07\/PAINEL-DE-PRIORIZACAO-DE-PROCESSOS-Atualizado.pdf\"> folder<\/a>.<\/strong><\/p>\n","protected":false},"excerpt":{"rendered":"<p>O PPP \u00e9 uma ferramenta desenvolvida pela SETIM para auxiliar os(as) magistrados(as) na gest\u00e3o do acervo de processos. Esta aplica\u00e7\u00e3o classifica os processos judiciais em rela\u00e7\u00e3o \u00e0s metas estabelecidas pelo Conselho Nacional de Justi\u00e7a (CNJ) e demais crit\u00e9rios estabelecidos no Pr\u00eamio CNJ de Qualidade. Com a capacidade de ranquear e pontuar processos em cinco metas [&hellip;]<\/p>\n","protected":false},"author":5,"featured_media":0,"parent":0,"menu_order":0,"comment_status":"closed","ping_status":"closed","template":"","meta":{"ub_ctt_via":"","footnotes":""},"class_list":["post-351","page","type-page","status-publish","hentry"],"acf":[],"featured_image_src":null,"_links":{"self":[{"href":"https:\/\/www.tjba.jus.br\/portaldatecnologia\/wp-json\/wp\/v2\/pages\/351","targetHints":{"allow":["GET"]}}],"collection":[{"href":"https:\/\/www.tjba.jus.br\/portaldatecnologia\/wp-json\/wp\/v2\/pages"}],"about":[{"href":"https:\/\/www.tjba.jus.br\/portaldatecnologia\/wp-json\/wp\/v2\/types\/page"}],"author":[{"embeddable":true,"href":"https:\/\/www.tjba.jus.br\/portaldatecnologia\/wp-json\/wp\/v2\/users\/5"}],"replies":[{"embeddable":true,"href":"https:\/\/www.tjba.jus.br\/portaldatecnologia\/wp-json\/wp\/v2\/comments?post=351"}],"version-history":[{"count":2,"href":"https:\/\/www.tjba.jus.br\/portaldatecnologia\/wp-json\/wp\/v2\/pages\/351\/revisions"}],"predecessor-version":[{"id":368,"href":"https:\/\/www.tjba.jus.br\/portaldatecnologia\/wp-json\/wp\/v2\/pages\/351\/revisions\/368"}],"wp:attachment":[{"href":"https:\/\/www.tjba.jus.br\/portaldatecnologia\/wp-json\/wp\/v2\/media?parent=351"}],"curies":[{"name":"wp","href":"https:\/\/api.w.org\/{rel}","templated":true}]}}