{"id":369,"date":"2024-08-16T15:24:09","date_gmt":"2024-08-16T18:24:09","guid":{"rendered":"https:\/\/homologacaointerna.tjba.jus.br\/setim\/?page_id=369"},"modified":"2024-08-16T15:27:50","modified_gmt":"2024-08-16T18:27:50","slug":"justica-automatizada","status":"publish","type":"page","link":"https:\/\/www.tjba.jus.br\/portaldatecnologia\/justica-automatizada\/","title":{"rendered":"JUSTI\u00c7A AUTOMATIZADA"},"content":{"rendered":"\n<p style=\"font-size:16px\">O Portal de Justi\u00e7a Automatizada \u00e9 uma plataforma criada pela SETIM, <strong>que disponibiliza seis rob\u00f4s desenvolvidos pelo LABJUS e COJE. <\/strong><\/p>\n\n\n\n<p style=\"font-size:16px\">Nele, \u00e9 poss\u00edvel pesquisar e consultar de maneira r\u00e1pida os processos em fase de senten\u00e7a, ou com base em temas espec\u00edficos, o que reduz o tempo de tramita\u00e7\u00e3o dos processos. A execu\u00e7\u00e3o do site se d\u00e1 em duas etapas, isso significa que as tarefas ser\u00e3o processadas juntas, reduzindo o impacto no desempenho dos sistemas durante os hor\u00e1rios de pico. No Portal tamb\u00e9m h\u00e1 possibilidade de exportar os resultados das pesquisas e consultas em formatos compat\u00edveis com planilhas eletr\u00f4nicas.<\/p>\n\n\n\n<p style=\"font-size:20px\"><strong>COMO ACESSAR<\/strong><\/p>\n\n\n\n<p style=\"font-size:16px\">O acesso ao Portal de Justi\u00e7a Automatizada pode ser feito atrav\u00e9s <a href=\"https:\/\/www.tjba.jus.br\/primeirograu\/\">Portal do Primeiro Grau<\/a>, bem como pelo <a href=\"https:\/\/www.tjba.jus.br\/portal\/espaco-do-magistrado\/\">Espa\u00e7o do Magistrado.<\/a><\/p>\n\n\n\n<p style=\"font-size:16px\">Ao acessar o Portal, o usu\u00e1rio ser\u00e1 direcionado para uma p\u00e1gina que inicialmente contar\u00e1 com os bot\u00f5es de<strong> \u2018In\u00edcio\u2019, \u2018Rob\u00f4s\u2019,\u2018 Mais Usados\u2019, \u2018Contato\u2019, e por fim, o bot\u00e3o \u2018Entrar\u2019<\/strong> para inserir as credenciais de acesso do PJe. Ap\u00f3s o login no site, o usu\u00e1rio poder\u00e1 acessar um dos seis rob\u00f4s de pesquisa dispon\u00edveis. <strong>Veja essas informa\u00e7\u00f5es tamb\u00e9m no nosso<\/strong> <strong><a href=\"https:\/\/www.tjba.jus.br\/portal\/wp-content\/uploads\/2024\/07\/JUSTICA-AUTOMATIZADA-Atualizado.pdf\">folder<\/a>.<\/strong><\/p>\n\n\n\n<p><\/p>\n","protected":false},"excerpt":{"rendered":"<p>O Portal de Justi\u00e7a Automatizada \u00e9 uma plataforma criada pela SETIM, que disponibiliza seis rob\u00f4s desenvolvidos pelo LABJUS e COJE. Nele, \u00e9 poss\u00edvel pesquisar e consultar de maneira r\u00e1pida os processos em fase de senten\u00e7a, ou com base em temas espec\u00edficos, o que reduz o tempo de tramita\u00e7\u00e3o dos processos. A execu\u00e7\u00e3o do site se [&hellip;]<\/p>\n","protected":false},"author":5,"featured_media":0,"parent":0,"menu_order":0,"comment_status":"closed","ping_status":"closed","template":"","meta":{"ub_ctt_via":"","footnotes":""},"class_list":["post-369","page","type-page","status-publish","hentry"],"acf":[],"featured_image_src":null,"_links":{"self":[{"href":"https:\/\/www.tjba.jus.br\/portaldatecnologia\/wp-json\/wp\/v2\/pages\/369","targetHints":{"allow":["GET"]}}],"collection":[{"href":"https:\/\/www.tjba.jus.br\/portaldatecnologia\/wp-json\/wp\/v2\/pages"}],"about":[{"href":"https:\/\/www.tjba.jus.br\/portaldatecnologia\/wp-json\/wp\/v2\/types\/page"}],"author":[{"embeddable":true,"href":"https:\/\/www.tjba.jus.br\/portaldatecnologia\/wp-json\/wp\/v2\/users\/5"}],"replies":[{"embeddable":true,"href":"https:\/\/www.tjba.jus.br\/portaldatecnologia\/wp-json\/wp\/v2\/comments?post=369"}],"version-history":[{"count":3,"href":"https:\/\/www.tjba.jus.br\/portaldatecnologia\/wp-json\/wp\/v2\/pages\/369\/revisions"}],"predecessor-version":[{"id":373,"href":"https:\/\/www.tjba.jus.br\/portaldatecnologia\/wp-json\/wp\/v2\/pages\/369\/revisions\/373"}],"wp:attachment":[{"href":"https:\/\/www.tjba.jus.br\/portaldatecnologia\/wp-json\/wp\/v2\/media?parent=369"}],"curies":[{"name":"wp","href":"https:\/\/api.w.org\/{rel}","templated":true}]}}