{"id":386,"date":"2024-08-16T15:50:34","date_gmt":"2024-08-16T18:50:34","guid":{"rendered":"https:\/\/homologacaointerna.tjba.jus.br\/setim\/?page_id=386"},"modified":"2024-08-16T15:50:34","modified_gmt":"2024-08-16T18:50:34","slug":"sistema-oxossi","status":"publish","type":"page","link":"https:\/\/www.tjba.jus.br\/portaldatecnologia\/sistema-oxossi\/","title":{"rendered":"SISTEMA OX\u00d3SSI"},"content":{"rendered":"\n<p style=\"font-size:16px\">O Sistema Ox\u00f3ssi \u00e9 um produto da Secretaria de Tecnologia da Informa\u00e7\u00e3o e Moderniza\u00e7\u00e3o (SETIM), desenvolvido pelo Laborat\u00f3rio de Inova\u00e7\u00e3o e Intelig\u00eancia (LABJUS) em parceria com a 2\u00aa Vice-Presid\u00eancia, atrav\u00e9s do N\u00facleo de Gerenciamento de Precedentes e de A\u00e7\u00f5es Coletivas (NUGEPNAC). O sistema foi criado com o objetivo de identificar demandas repetitivas e agrupar processos por similaridade, utilizando intelig\u00eancia artificial para tornar as pesquisas e an\u00e1lises mais eficientes.<\/p>\n\n\n\n<p style=\"font-size:16px\">Para isso, o Ox\u00f3ssi faz uma an\u00e1lise das pe\u00e7as processuais com base em seu conte\u00fado textual, conseguindo assim detectar semelhan\u00e7as nos documentos judiciais. As principais funcionalidades do sistema incluem:<\/p>\n\n\n\n<ol class=\"wp-block-list\">\n<li style=\"font-size:16px\"><strong>Busca Textual<\/strong>: Permite que o usu\u00e1rio localize documentos processuais utilizando palavras-chave ou termos espec\u00edficos. Essa funcionalidade facilita a busca por informa\u00e7\u00f5es precisas dentro de um vasto conjunto de documentos;<\/li>\n\n\n\n<li style=\"font-size:16px\"><strong>Busca por Similaridade<\/strong>: Utiliza um documento de refer\u00eancia para encontrar outros documentos similares. A precis\u00e3o da busca pode ser ajustada pelo usu\u00e1rio, definindo o grau de similaridade desejado para os resultados;\u00a0<\/li>\n<\/ol>\n\n\n\n<p style=\"font-size:16px\">O Ox\u00f3ssi representa um avan\u00e7o significativo na an\u00e1lise e na gest\u00e3o de processos judiciais. Com a implementa\u00e7\u00e3o dessa tecnologia ser\u00e1 poss\u00edvel consolidar um aumento na efici\u00eancia e na rapidez na resolu\u00e7\u00e3o de demandas, beneficiando diretamente magistrados, servidores e usu\u00e1rios do TJBA.<\/p>\n","protected":false},"excerpt":{"rendered":"<p>O Sistema Ox\u00f3ssi \u00e9 um produto da Secretaria de Tecnologia da Informa\u00e7\u00e3o e Moderniza\u00e7\u00e3o (SETIM), desenvolvido pelo Laborat\u00f3rio de Inova\u00e7\u00e3o e Intelig\u00eancia (LABJUS) em parceria com a 2\u00aa Vice-Presid\u00eancia, atrav\u00e9s do N\u00facleo de Gerenciamento de Precedentes e de A\u00e7\u00f5es Coletivas (NUGEPNAC). O sistema foi criado com o objetivo de identificar demandas repetitivas e agrupar processos [&hellip;]<\/p>\n","protected":false},"author":5,"featured_media":0,"parent":0,"menu_order":0,"comment_status":"closed","ping_status":"closed","template":"","meta":{"ub_ctt_via":"","footnotes":""},"class_list":["post-386","page","type-page","status-publish","hentry"],"acf":[],"featured_image_src":null,"_links":{"self":[{"href":"https:\/\/www.tjba.jus.br\/portaldatecnologia\/wp-json\/wp\/v2\/pages\/386","targetHints":{"allow":["GET"]}}],"collection":[{"href":"https:\/\/www.tjba.jus.br\/portaldatecnologia\/wp-json\/wp\/v2\/pages"}],"about":[{"href":"https:\/\/www.tjba.jus.br\/portaldatecnologia\/wp-json\/wp\/v2\/types\/page"}],"author":[{"embeddable":true,"href":"https:\/\/www.tjba.jus.br\/portaldatecnologia\/wp-json\/wp\/v2\/users\/5"}],"replies":[{"embeddable":true,"href":"https:\/\/www.tjba.jus.br\/portaldatecnologia\/wp-json\/wp\/v2\/comments?post=386"}],"version-history":[{"count":1,"href":"https:\/\/www.tjba.jus.br\/portaldatecnologia\/wp-json\/wp\/v2\/pages\/386\/revisions"}],"predecessor-version":[{"id":387,"href":"https:\/\/www.tjba.jus.br\/portaldatecnologia\/wp-json\/wp\/v2\/pages\/386\/revisions\/387"}],"wp:attachment":[{"href":"https:\/\/www.tjba.jus.br\/portaldatecnologia\/wp-json\/wp\/v2\/media?parent=386"}],"curies":[{"name":"wp","href":"https:\/\/api.w.org\/{rel}","templated":true}]}}