{"id":410,"date":"2024-08-21T14:12:00","date_gmt":"2024-08-21T17:12:00","guid":{"rendered":"https:\/\/homologacaointerna.tjba.jus.br\/setim\/?page_id=410"},"modified":"2024-09-16T15:59:24","modified_gmt":"2024-09-16T18:59:24","slug":"inovaxe","status":"publish","type":"page","link":"https:\/\/www.tjba.jus.br\/portaldatecnologia\/inovaxe\/","title":{"rendered":"Ax\u00e9Lab"},"content":{"rendered":"\n<p style=\"font-size:20px;font-style:normal;font-weight:400\"><\/p>\n\n\n\n<figure class=\"wp-block-image size-full\"><img loading=\"lazy\" decoding=\"async\" width=\"1536\" height=\"864\" src=\"https:\/\/homologacaointerna.tjba.jus.br\/setim\/wp-content\/uploads\/2024\/08\/capa-materia-axelab-1-1536x864-1.png\" alt=\"\" class=\"wp-image-466\" srcset=\"https:\/\/www.tjba.jus.br\/portaldatecnologia\/wp-content\/uploads\/2024\/08\/capa-materia-axelab-1-1536x864-1.png 1536w, https:\/\/www.tjba.jus.br\/portaldatecnologia\/wp-content\/uploads\/2024\/08\/capa-materia-axelab-1-1536x864-1-300x169.png 300w, https:\/\/www.tjba.jus.br\/portaldatecnologia\/wp-content\/uploads\/2024\/08\/capa-materia-axelab-1-1536x864-1-1024x576.png 1024w, https:\/\/www.tjba.jus.br\/portaldatecnologia\/wp-content\/uploads\/2024\/08\/capa-materia-axelab-1-1536x864-1-768x432.png 768w\" sizes=\"auto, (max-width: 1536px) 100vw, 1536px\" \/><\/figure>\n\n\n\n<p style=\"font-size:16px\">O Ax\u00e9Lab<strong> \u00e9 um laborat\u00f3rio de tecnologia e inova\u00e7\u00e3o que visa \u00e0 moderniza\u00e7\u00e3o dos servi\u00e7os do Judici\u00e1rio baiano, por meio de ideias e pr\u00e1ticas colaborativas<\/strong>. Localizado no 3\u00ba andar, do pr\u00e9dio anexo II do TJBA, o Ax\u00e9Lab conta com 143,38 m\u00b2. O ambiente moderno e aconchegante&nbsp;\u00e9 composto por mobili\u00e1rios m\u00f3veis e articulados dispostos de forma a estimular a criatividade colaborativa.&nbsp;&nbsp;<\/p>\n\n\n\n<p class=\"has-text-color has-link-color wp-elements-af576c2411f388f7feb5da15e60f3bf7\" style=\"color:#0d375e;font-size:20px\"><strong>AMBIENTES DIVERSOS&nbsp;&nbsp;<\/strong><\/p>\n\n\n\n<p style=\"font-size:16px\">Explorando as potencialidades de uma \u00fanica sala, o laborat\u00f3rio utiliza de modo diferente, cada espa\u00e7o, dispondo de ac\u00fastica e ilumina\u00e7\u00e3o adequadas para as atividades, al\u00e9m de televis\u00e3o para proje\u00e7\u00f5es das informa\u00e7\u00f5es e das discuss\u00f5es em grupo.&nbsp;&nbsp;<\/p>\n\n\n\n<p style=\"font-size:16px\">Outra \u00e1rea \u00e9 o ambiente para as palestras. Nela, assentos em formatos de bancos permitem a cria\u00e7\u00e3o de variados layouts, adaptando-se a diferentes tipos de eventos. De forma semelhante \u00e9 o \u201ccoworking\u201d que, com mesas em formatos de trap\u00e9zios e rodinhas, cria um ambiente de trabalho diferente a cada dia. O laborat\u00f3rio disp\u00f5e, tamb\u00e9m, de espa\u00e7o para o caf\u00e9, composto por mesas tipo bistr\u00f4.&nbsp;&nbsp;<\/p>\n\n\n\n<p style=\"font-size:16px\">O espa\u00e7o do Ax\u00e9Lab funciona no hor\u00e1rio de expediente do TJBA, seguindo as diretrizes administrativas do Tribunal.\u00a0<\/p>\n\n\n\n<p style=\"font-size:16px\"><strong>Veja mais sobre o Ax\u00e9Lab <a href=\"https:\/\/tjbacotec.sharepoint.com\/sites\/CGTIC\/SitePages\/LABJUS(1).aspx\">clicando aqui<\/a>.<\/strong><\/p>\n\n\n\n<p><\/p>\n","protected":false},"excerpt":{"rendered":"<p>O Ax\u00e9Lab \u00e9 um laborat\u00f3rio de tecnologia e inova\u00e7\u00e3o que visa \u00e0 moderniza\u00e7\u00e3o dos servi\u00e7os do Judici\u00e1rio baiano, por meio de ideias e pr\u00e1ticas colaborativas. Localizado no 3\u00ba andar, do pr\u00e9dio anexo II do TJBA, o Ax\u00e9Lab conta com 143,38 m\u00b2. O ambiente moderno e aconchegante&nbsp;\u00e9 composto por mobili\u00e1rios m\u00f3veis e articulados dispostos de forma [&hellip;]<\/p>\n","protected":false},"author":5,"featured_media":0,"parent":0,"menu_order":0,"comment_status":"closed","ping_status":"closed","template":"","meta":{"ub_ctt_via":"","footnotes":""},"class_list":["post-410","page","type-page","status-publish","hentry"],"acf":[],"featured_image_src":null,"_links":{"self":[{"href":"https:\/\/www.tjba.jus.br\/portaldatecnologia\/wp-json\/wp\/v2\/pages\/410","targetHints":{"allow":["GET"]}}],"collection":[{"href":"https:\/\/www.tjba.jus.br\/portaldatecnologia\/wp-json\/wp\/v2\/pages"}],"about":[{"href":"https:\/\/www.tjba.jus.br\/portaldatecnologia\/wp-json\/wp\/v2\/types\/page"}],"author":[{"embeddable":true,"href":"https:\/\/www.tjba.jus.br\/portaldatecnologia\/wp-json\/wp\/v2\/users\/5"}],"replies":[{"embeddable":true,"href":"https:\/\/www.tjba.jus.br\/portaldatecnologia\/wp-json\/wp\/v2\/comments?post=410"}],"version-history":[{"count":28,"href":"https:\/\/www.tjba.jus.br\/portaldatecnologia\/wp-json\/wp\/v2\/pages\/410\/revisions"}],"predecessor-version":[{"id":493,"href":"https:\/\/www.tjba.jus.br\/portaldatecnologia\/wp-json\/wp\/v2\/pages\/410\/revisions\/493"}],"wp:attachment":[{"href":"https:\/\/www.tjba.jus.br\/portaldatecnologia\/wp-json\/wp\/v2\/media?parent=410"}],"curies":[{"name":"wp","href":"https:\/\/api.w.org\/{rel}","templated":true}]}}