{"id":453,"date":"2025-10-14T10:16:11","date_gmt":"2025-10-14T13:16:11","guid":{"rendered":"https:\/\/tjba.jus.br\/portaldeacessibilidade\/?page_id=453"},"modified":"2026-04-06T13:00:37","modified_gmt":"2026-04-06T16:00:37","slug":"cpai","status":"publish","type":"page","link":"https:\/\/www.tjba.jus.br\/portaldeacessibilidade\/cpai\/","title":{"rendered":"Comiss\u00e3o Permanente de Acessibilidade e Inclus\u00e3o"},"content":{"rendered":"<div class=\"wp-block-image\">\n<figure class=\"aligncenter size-full\"><img decoding=\"async\" src=\"https:\/\/www.tjba.jus.br\/portal\/wp-content\/uploads\/2020\/12\/Capa-1.jpg\" alt=\"Capa\" class=\"wp-image-69867\"\/><\/figure>\n<\/div>\n\n\n<p>A <strong>Comiss\u00e3o Permanente de Acessibilidade e Inclus\u00e3o<\/strong> do Poder Judici\u00e1rio do Estado da Bahia atua em conformidade com as atribui\u00e7\u00f5es gerais estabelecidas no Regimento Interno do Tribunal de Justi\u00e7a da Bahia, que definem o papel das comiss\u00f5es na expedi\u00e7\u00e3o de normas de servi\u00e7o, na proposi\u00e7\u00e3o de medidas ao Presidente do Tribunal, na requisi\u00e7\u00e3o de servidores e na interlocu\u00e7\u00e3o com autoridades e institui\u00e7\u00f5es para garantir os melhores resultados administrativos.<\/p>\n\n\n\n<p>Criada pelo <a href=\"https:\/\/www7.tjba.jus.br\/secao\/arquivo\/9\/19503\/DJ%20214.2018%20-%20Texto%20compilado.pdf\">Decreto n\u00ba 214, de 23 de fevereiro de 2018<\/a>, a Comiss\u00e3o tem a finalidade de assegurar que pessoas com defici\u00eancia ou mobilidade reduzida tenham pleno acesso \u00e0s depend\u00eancias, servi\u00e7os e atividades do Tribunal. Seu prop\u00f3sito abrange a promo\u00e7\u00e3o de pr\u00e1ticas inclusivas, a dissemina\u00e7\u00e3o da cultura da acessibilidade e a valoriza\u00e7\u00e3o do direito ao atendimento digno, da cidadania e da igualdade de oportunidades no \u00e2mbito do Poder Judici\u00e1rio.<\/p>\n\n\n\n<p>A Comiss\u00e3o \u00e9 respons\u00e1vel por fiscalizar, planejar, elaborar e acompanhar projetos arquitet\u00f4nicos voltados \u00e0 acessibilidade, bem como a\u00e7\u00f5es pedag\u00f3gicas destinadas \u00e0 capacita\u00e7\u00e3o de magistrados e servidores. Essas atividades contemplam o desenvolvimento de estrat\u00e9gias formativas que tratem da inclus\u00e3o de pessoas com defici\u00eancia no ambiente institucional, garantindo o alinhamento \u00e0s diretrizes nacionais relacionadas \u00e0 acessibilidade no servi\u00e7o p\u00fablico.<\/p>\n\n\n\n<p>Em sua atua\u00e7\u00e3o, a Comiss\u00e3o tamb\u00e9m promove, em coopera\u00e7\u00e3o com a Universidade Corporativa do Tribunal de Justi\u00e7a da Bahia, iniciativas de capacita\u00e7\u00e3o que possibilitem o acesso a recursos, tecnologias assistivas, m\u00e9todos, processos e pr\u00e1ticas voltadas ao aprimoramento do atendimento e ao acolhimento de pessoas com defici\u00eancia. Al\u00e9m disso, presta subs\u00eddios t\u00e9cnicos por meio de pareceres e orienta\u00e7\u00f5es sobre quest\u00f5es relacionadas aos direitos das pessoas com defici\u00eancia e sobre demais temas vinculados \u00e0 acessibilidade e inclus\u00e3o no Judici\u00e1rio baiano.<\/p>\n\n\n\n<p>Para assegurar a implementa\u00e7\u00e3o das a\u00e7\u00f5es planejadas, as Secretarias do Tribunal de Justi\u00e7a devem oferecer suporte t\u00e9cnico necess\u00e1rio \u00e0 estrutura\u00e7\u00e3o dos projetos submetidos \u00e0 Administra\u00e7\u00e3o, garantindo que as diretrizes e recomenda\u00e7\u00f5es da Comiss\u00e3o sejam executadas de forma eficiente e integrada \u00e0s rotinas institucionais. <\/p>\n\n\n\n<hr class=\"wp-block-separator has-alpha-channel-opacity\"\/>\n\n\n\n<p class=\"has-text-align-center\"><span style=\"color: #000080;\"><strong>Composi\u00e7\u00e3o:<\/strong><\/span><\/p>\n\n\n\n<p>I. Desembargador Rilton G\u00f3es Ribeiro, na qualidade de Presidente;<br>II. Ju\u00edza de Direito Mabile Machado Borba;<br>III. Ju\u00edza de Direito Maria do Ros\u00e1rio Passos da Silva Calixto;<br>IV. Ju\u00edza de Direito Marielza Mau\u00e9s Pinheiro Lima;<br>V. Ju\u00edza de Direito Melissa Mayoral Pedroso Coelho Lukine Martins;<br>VI. Ju\u00edza de Direito Mariana Varj\u00e3o Alves Evangelista;<br>VII. Ju\u00edza de Direito L\u00edvia de Melo Barbosa, representante da Associa\u00e7\u00e3o dos Magistrados da Bahia (AMAB);<br>VIII. Viviane da Anuncia\u00e7\u00e3o Souza Oliveira, Secret\u00e1ria de Planejamento e Or\u00e7amento (SEPLAN);<br>IX. Carla Santiago, Secret\u00e1ria de Administra\u00e7\u00e3o (SEAD);<br>X. Jorge Medrado J\u00fanior, Diretor de Suprimento e Patrim\u00f4nio (DSP);<br>XI. Desir\u00e9e Brand\u00e3o M\u00fcller, Diretora de Primeiro Grau (DPG);<br>XII. Larissa da Silva Smeraldi, Diretora de Secretaria de Vara, lotada na 19\u00aa Vara de Rela\u00e7\u00f5es de Consumo de Salvador;<br>XIII. Wilian de Novaes Coutinho, Coordenador de Obras (COOBA);<br>XIV. Bruno Bellas Prado, Coordenador de Projetos Arquitet\u00f4nicos (CPROJ);<br>XV. Leoton Diordan Pereira do Nascimento, Coordenador de Acompanhamento de Unidades Descentralizadas (CDESC);<br>XVI. Leonice Santos Salgado, servidora representante da Controladoria do Judici\u00e1rio (CTJUD);<br>XVII. Debora Cerqueira Nobre de Sousa, servidora representante da Coordena\u00e7\u00e3o de Desenvolvimento Organizacional e de Pessoas (CODES);<br>XVIII. Felisberto Buriti de Sousa, servidor representante da Coordena\u00e7\u00e3o de Sistemas (COSIS);<br>XIX. Jo\u00e3o Eudes Alves Ferreira, servidor representante da Coordena\u00e7\u00e3o de Sa\u00fade Ocupacional (COSOP);<br>XX. Diva Maria de Jesus Roxinho Santos, Assistente de Gabinete;<br>XXI. Mois\u00e9s Bisesti de Queiroz, Assessor de Comunica\u00e7\u00e3o (ASCOM);<br>XXII. Jos\u00e9 Romilson Mascarenhas, servidor representante do N\u00facleo Socioambiental (NSA);<br>XXIII. Pedro L\u00facio Silva Vivas, servidor representante do N\u00facleo Permanente de M\u00e9todos Consensuais de Solu\u00e7\u00f5es de Conflitos (NUPEMEC);<br>XXIV. Daniel Campos Carneiro Mehlem, servidor representante do N\u00facleo de Acessibilidade e Inclus\u00e3o (NAI); <br>XXV. Rita de C\u00e1ssia Casaes Ara\u00fajo, Assessora de Desembargador; e<br>XXVI. Elvis Gibson Leite Coutinho, Assessor de Desembargador.<\/p>\n\n\n\n<p>*Composi\u00e7\u00e3o conforme <a href=\"https:\/\/www7.tjba.jus.br\/secao\/lerPublicacao.wsp?tmp.mostrarDiv=sim&amp;tmp.id=41743&amp;tmp.secao=9\">Decreto judici\u00e1rio n\u00ba 197 de 06 de mar\u00e7o de 2026<\/a>. <\/p>\n\n\n\n<p><\/p>\n","protected":false},"excerpt":{"rendered":"<p>A Comiss\u00e3o Permanente de Acessibilidade e Inclus\u00e3o do Poder Judici\u00e1rio do Estado da Bahia atua em conformidade com as atribui\u00e7\u00f5es [&hellip;]<\/p>\n","protected":false},"author":3,"featured_media":0,"parent":0,"menu_order":0,"comment_status":"closed","ping_status":"closed","template":"","meta":{"_acf_changed":false,"_editorskit_title_hidden":false,"_editorskit_reading_time":0,"_editorskit_is_block_options_detached":false,"_editorskit_block_options_position":"{}","footnotes":""},"class_list":["post-453","page","type-page","status-publish","hentry"],"acf":[],"featured_image_src":null,"_links":{"self":[{"href":"https:\/\/www.tjba.jus.br\/portaldeacessibilidade\/wp-json\/wp\/v2\/pages\/453","targetHints":{"allow":["GET"]}}],"collection":[{"href":"https:\/\/www.tjba.jus.br\/portaldeacessibilidade\/wp-json\/wp\/v2\/pages"}],"about":[{"href":"https:\/\/www.tjba.jus.br\/portaldeacessibilidade\/wp-json\/wp\/v2\/types\/page"}],"author":[{"embeddable":true,"href":"https:\/\/www.tjba.jus.br\/portaldeacessibilidade\/wp-json\/wp\/v2\/users\/3"}],"replies":[{"embeddable":true,"href":"https:\/\/www.tjba.jus.br\/portaldeacessibilidade\/wp-json\/wp\/v2\/comments?post=453"}],"version-history":[{"count":23,"href":"https:\/\/www.tjba.jus.br\/portaldeacessibilidade\/wp-json\/wp\/v2\/pages\/453\/revisions"}],"predecessor-version":[{"id":1124,"href":"https:\/\/www.tjba.jus.br\/portaldeacessibilidade\/wp-json\/wp\/v2\/pages\/453\/revisions\/1124"}],"wp:attachment":[{"href":"https:\/\/www.tjba.jus.br\/portaldeacessibilidade\/wp-json\/wp\/v2\/media?parent=453"}],"curies":[{"name":"wp","href":"https:\/\/api.w.org\/{rel}","templated":true}]}}