{"id":582,"date":"2026-02-03T11:48:10","date_gmt":"2026-02-03T14:48:10","guid":{"rendered":"https:\/\/www.tjba.jus.br\/portaldeacessibilidade\/?page_id=582"},"modified":"2026-02-04T14:23:18","modified_gmt":"2026-02-04T17:23:18","slug":"vi-semana-nacional-da-pessoa-com-deficiencia-cine-debate","status":"publish","type":"page","link":"https:\/\/www.tjba.jus.br\/portaldeacessibilidade\/vi-semana-nacional-da-pessoa-com-deficiencia-cine-debate\/","title":{"rendered":"VI Semana Nacional da Pessoa com Defici\u00eancia \u2013 Cine Debate"},"content":{"rendered":"\n<figure class=\"wp-block-image\"><img decoding=\"async\" src=\"https:\/\/www.tjba.jus.br\/portal\/wp-content\/uploads\/2025\/07\/Banners-e-Faixas_Banner-Principal-2386x600px.png\" alt=\"VI Semana Nacional da Pessoa com Defici\u00eancia - Cine Debate  \" class=\"wp-image-175340\" title=\" \"\/><\/figure>\n\n\n\n<blockquote class=\"wp-block-quote is-style-default is-layout-flow wp-block-quote-is-layout-flow\">\n<h1 class=\"wp-block-heading\" id=\"h.es6xixeg8v7l_l\"><strong>CINE DEBATE 12\u00ba ENCONTRO AMPARE<\/strong><\/h1>\n<\/blockquote>\n\n\n\n<blockquote class=\"wp-block-quote is-layout-flow wp-block-quote-is-layout-flow\">\n<p>Dia: 17\/09\/2025<br>P\u00fablico Alvo: Estagi\u00e1rios de N\u00edvel M\u00e9dio do TJBA<br>Local: Sala 309, Anexo 33<\/p>\n<\/blockquote>\n\n\n\n<blockquote class=\"wp-block-quote is-layout-flow wp-block-quote-is-layout-flow\">\n<h2 class=\"wp-block-heading\"><strong>DOCUMENT\u00c1RIO \u201cInclusive, estou incluso\u201d \u2013 Produzido por Vini Teles<\/strong><\/h2>\n<\/blockquote>\n\n\n\n<p>A exibi\u00e7\u00e3o do document\u00e1rio \u00e9 uma oportunidade potente de sensibiliza\u00e7\u00e3o e forma\u00e7\u00e3o cr\u00edtica para estagi\u00e1rias. Ao evidenciar as barreiras enfrentadas por pessoas com defici\u00eancia, o filme convoca \u00e0 reflex\u00e3o sobre o capacitismo estrutural e a urg\u00eancia de pr\u00e1ticas institucionais comprometidas com a inclus\u00e3o, os direitos humanos e a justi\u00e7a social.<\/p>\n\n\n\n<h2 class=\"wp-block-heading\"><strong>SINOPSE:<\/strong><\/h2>\n\n\n\n<blockquote class=\"wp-block-quote is-layout-flow wp-block-quote-is-layout-flow\">\n<p>O document\u00e1rio \u201cInclusive, estou incluso\u201d, retrata a realidade da jovem PcD, Hilanna Dalitza Santiago Ferreira e sua m\u00e3e, Carmen L\u00facia Santiago Ferreira, onde, diante de desafios e obst\u00e1culos, buscam se manter firmes e resilientes. Tamb\u00e9m s\u00e3o discutidos temas como: a fadiga de acesso, a \u00e9tica do cuidado, o capacitismo somatizado \u00e0 viol\u00eancia, a necessidade da adapta\u00e7\u00e3o social, entre outros temas diretamente relacionados \u00e0 condi\u00e7\u00e3o de paralisia cerebral em que est\u00e1 inserida Hilanna.<\/p>\n<\/blockquote>\n\n\n<div style=\"width: 100%; \" class=\"ub-advanced-video-container wp-block-ub-advanced-video\" id=\"ub-advanced-video-36fdf48e-aed2-4545-8f67-eb1cf048b4e0\"><div class=\"ub-advanced-video-embed\" style=\"box-shadow: 0px -0px 0px 0px rgba(0, 0, 0, 1); border-top: 0px solid ; border-left: 0px solid ; border-right: 0px solid ; border-bottom: 0px solid ; border-top-left-radius: 0px; border-top-right-radius: 0px; border-bottom-left-radius: 0px; border-bottom-right-radius: 0px; \"><video controls width=\"640\" height=\"360\"><source src=\"https:\/\/homologacaointerna.tjba.jus.br\/portaldeacessibilidade\/wp-content\/uploads\/2026\/01\/videoplayback.mp4\"><\/source><\/video><\/div><\/div>\n\n\n<h2 class=\"wp-block-heading\"><strong>Media\u00e7\u00e3o<\/strong><\/h2>\n\n\n\n<figure class=\"wp-block-image is-resized\"><img decoding=\"async\" src=\"https:\/\/www.tjba.jus.br\/portal\/wp-content\/uploads\/2025\/07\/VI_Pessoa-Deficiencia_Foto_492x506px_Bruno-Santana.png\" alt=\"VI Semana Nacional da Pessoa com Defici\u00eancia - Cine Debate  \" class=\"wp-image-175471\" style=\"aspect-ratio:0.9723648010512052;width:243px;height:auto\" title=\" \"\/><\/figure>\n\n\n\n<blockquote class=\"wp-block-quote is-layout-flow wp-block-quote-is-layout-flow\">\n<p><strong>Bruno Santana<\/strong> <br>Mestrado em Educa\u00e7\u00e3o (UFBA). Licenciado em Educa\u00e7\u00e3o F\u00edsica (UEFS). P\u00f3s-graduado em G\u00eanero, Diversidade e Direitos Humanos (UNILAB). Estagi\u00e1rio da Comiss\u00e3o Permanente de Acessibilidade e Inclus\u00e3o (CPAI) do Tribunal de Justi\u00e7a da Bahia. Professor, pesquisador, poeta, escritor e transativista.<\/p>\n<\/blockquote>\n\n\n\n<figure class=\"wp-block-image is-resized\"><img decoding=\"async\" src=\"https:\/\/www.tjba.jus.br\/portal\/wp-content\/uploads\/2025\/07\/VI_Pessoa-Deficiencia_Foto_492x506px_Marcos-filipe.png\" alt=\"VI Semana Nacional da Pessoa com Defici\u00eancia - Cine Debate  \" class=\"wp-image-175475\" style=\"aspect-ratio:0.9723641126391618;width:267px;height:auto\" title=\" \"\/><\/figure>\n\n\n\n<p><strong>Marcos Filipe<\/strong><br>Jovem de 27 anos, estudante de Direito da Universidade do Estado da Bahia (UNEB) e estagi\u00e1rio da Comiss\u00e3o de Acessibilidade e Inclus\u00e3o (CPAI) do Tribunal de Justi\u00e7a da Bahia. Nascido com defici\u00eancia visual, \u00e9 um defensor apaixonado da acessibilidade e da inclus\u00e3o em todas as \u00e1reas da sociedade. Al\u00e9m disso, \u00e9 um membro orgulhoso da comunidade LGBTQIAPN+, comprometido em promover a igualdade e a justi\u00e7a para todes. Com curso t\u00e9cnico em Servi\u00e7os Jur\u00eddicos pela Escola T\u00e9cnica de Goianases, S\u00e3o Paulo, utiliza sua forma\u00e7\u00e3o e experi\u00eancia para fazer uma diferen\u00e7a interseccional em sua comunidade.<\/p>\n\n\n\n<figure class=\"wp-block-image\"><img decoding=\"async\" src=\"https:\/\/www.tjba.jus.br\/portal\/wp-content\/uploads\/2025\/07\/Banners-e-Faixas_Faixa-Producao-2386x95px.png\" alt=\"VI Semana Nacional da Pessoa com Defici\u00eancia - Cine Debate  \" class=\"wp-image-175489\" title=\" \"\/><\/figure>\n\n\n\n<figure class=\"wp-block-image is-resized\"><img decoding=\"async\" src=\"https:\/\/www.tjba.jus.br\/portal\/wp-content\/uploads\/2025\/07\/VI_Pessoa-Deficiencia_Foto_492x506px_Bruno-Santana.png\" alt=\"VI Semana Nacional da Pessoa com Defici\u00eancia - Cine Debate  \" class=\"wp-image-175471\" style=\"aspect-ratio:0.9723543161118723;width:322px;height:auto\" title=\" \"\/><\/figure>\n\n\n\n<h2 class=\"wp-block-heading\">Bruno Santana<\/h2>\n\n\n\n<blockquote class=\"wp-block-quote is-layout-flow wp-block-quote-is-layout-flow\">\n<p>Mestrado em Educa\u00e7\u00e3o (UFBA). Licenciado em Educa\u00e7\u00e3o F\u00edsica (UEFS). P\u00f3s-graduado em G\u00eanero, Diversidade e Direitos Humanos (UNILAB). Estagi\u00e1rio da Comiss\u00e3o Permanente de Acessibilidade e Inclus\u00e3o (CPAI) do Tribunal de Justi\u00e7a da Bahia. Professor, pesquisador, poeta, escritor e transativista.<\/p>\n<\/blockquote>\n\n\n\n<figure class=\"wp-block-image is-resized\"><img decoding=\"async\" src=\"https:\/\/www.tjba.jus.br\/portal\/wp-content\/uploads\/2025\/07\/VI_Pessoa-Deficiencia_Foto_492x506px_maira-fernandes.png\" alt=\"VI Semana Nacional da Pessoa com Defici\u00eancia - Cine Debate  \" class=\"wp-image-175480\" style=\"aspect-ratio:0.9723524777731928;width:331px;height:auto\" title=\" \"\/><\/figure>\n\n\n\n<h2 class=\"wp-block-heading\"><strong>Ma\u00edra Dantas Fernandes<\/strong><\/h2>\n\n\n\n<blockquote class=\"wp-block-quote is-layout-flow wp-block-quote-is-layout-flow\">\n<p>Fisioterapeuta com 16 anos de atua\u00e7\u00e3o, construiu sua trajet\u00f3ria profissional pautada no cuidado atento e na escuta emp\u00e1tica. Durante anos, dedicou-se \u00e0 reabilita\u00e7\u00e3o de pessoas idosas, tanto em atendimentos domiciliares quanto no Pilates, onde reconheceu a pot\u00eancia do movimento suave como ferramenta de autonomia. Servidora do Tribunal de Justi\u00e7a da Bahia, atualmente integra o N\u00facleo de Acessibilidade e Inclus\u00e3o, somando sua viv\u00eancia cl\u00ednica ao compromisso institucional com a equidade. Acredita que cuidar tamb\u00e9m \u00e9 promover transforma\u00e7\u00e3o, por meio do respeito, da presen\u00e7a e da a\u00e7\u00e3o inclusiva.<\/p>\n<\/blockquote>\n\n\n\n<figure class=\"wp-block-image is-resized\"><img decoding=\"async\" src=\"https:\/\/www.tjba.jus.br\/portal\/wp-content\/uploads\/2025\/07\/VI_Pessoa-Deficiencia_Foto_492x506px_Ayla-Mikaele.png\" alt=\"VI Semana Nacional da Pessoa com Defici\u00eancia - Cine Debate  \" class=\"wp-image-175478\" style=\"aspect-ratio:0.9723524777731928;width:375px;height:auto\" title=\" \"\/><\/figure>\n\n\n\n<h2 class=\"wp-block-heading\"><strong>Ayla Mikaele<\/strong><\/h2>\n\n\n\n<blockquote class=\"wp-block-quote is-layout-flow wp-block-quote-is-layout-flow\">\n<p>\u00c9 estudante de Direito na Universidade Salvador (UNIFACS) e atua como estagi\u00e1ria no N\u00facleo de Acessibilidade e inclus\u00e3o do Tribunal de Justi\u00e7a da Bahia, onde contribui com a\u00e7\u00f5es voltadas \u00e0 promo\u00e7\u00e3o da inclus\u00e3o e dos direitos das pessoas com defici\u00eancia.<\/p>\n<\/blockquote>\n\n\n\n<figure class=\"wp-block-image size-full is-resized\"><img loading=\"lazy\" decoding=\"async\" width=\"492\" height=\"506\" src=\"https:\/\/www.tjba.jus.br\/portaldeacessibilidade\/wp-content\/uploads\/2026\/01\/image.png\" alt=\"image\" class=\"wp-image-556\" style=\"aspect-ratio:0.9723552531624665;width:371px;height:auto\" srcset=\"https:\/\/www.tjba.jus.br\/portaldeacessibilidade\/wp-content\/uploads\/2026\/01\/image.png 492w, https:\/\/www.tjba.jus.br\/portaldeacessibilidade\/wp-content\/uploads\/2026\/01\/image-292x300.png 292w, https:\/\/www.tjba.jus.br\/portaldeacessibilidade\/wp-content\/uploads\/2026\/01\/image-83x85.png 83w\" sizes=\"auto, (max-width: 492px) 100vw, 492px\" \/><\/figure>\n\n\n\n<h2 class=\"wp-block-heading\">Maria Clara Reis<\/h2>\n\n\n\n<blockquote class=\"wp-block-quote is-layout-flow wp-block-quote-is-layout-flow\">\n<p>Licenciada em Educa\u00e7\u00e3o F\u00edsica (UCSAL) e graduada em Enfermagem (Unidompedro), com diversas p\u00f3s-gradua\u00e7\u00f5es nas \u00e1reas de Atividade F\u00edsica e Sa\u00fade, Urg\u00eancia e Emerg\u00eancia, Sa\u00fade P\u00fablica, Sa\u00fade da Fam\u00edlia e Direito Civil e Processual. Aposentada como professora de Educa\u00e7\u00e3o F\u00edsica, \u00e9 servidora do TJBA, atuando no N\u00facleo de Acessibilidade e Inclus\u00e3o, al\u00e9m de integrar as Comiss\u00f5es de Acessibilidade, Inclus\u00e3o e de Preven\u00e7\u00e3o ao Ass\u00e9dio e Discrimina\u00e7\u00e3o. Defensora da acessibilidade, inclus\u00e3o e do combate \u00e0s discrimina\u00e7\u00f5es.<\/p>\n<\/blockquote>\n\n\n\n<figure class=\"wp-block-image size-full is-resized\"><img loading=\"lazy\" decoding=\"async\" width=\"492\" height=\"506\" src=\"https:\/\/www.tjba.jus.br\/portaldeacessibilidade\/wp-content\/uploads\/2026\/01\/image-1.png\" alt=\"image\" class=\"wp-image-557\" style=\"width:362px;height:auto\" srcset=\"https:\/\/www.tjba.jus.br\/portaldeacessibilidade\/wp-content\/uploads\/2026\/01\/image-1.png 492w, https:\/\/www.tjba.jus.br\/portaldeacessibilidade\/wp-content\/uploads\/2026\/01\/image-1-292x300.png 292w, https:\/\/www.tjba.jus.br\/portaldeacessibilidade\/wp-content\/uploads\/2026\/01\/image-1-83x85.png 83w\" sizes=\"auto, (max-width: 492px) 100vw, 492px\" \/><\/figure>\n\n\n\n<h2 class=\"wp-block-heading\">Marcos Filipe<\/h2>\n\n\n\n<blockquote class=\"wp-block-quote is-layout-flow wp-block-quote-is-layout-flow\">\n<p>Jovem de 27 anos, estudante de Direito da Universidade do Estado da Bahia (UNEB) e estagi\u00e1rio da Comiss\u00e3o de Acessibilidade e Inclus\u00e3o (CPAI) do Tribunal de Justi\u00e7a da Bahia. Nascido com defici\u00eancia visual, \u00e9 um defensor apaixonado da acessibilidade e da inclus\u00e3o em todas as \u00e1reas da sociedade. Al\u00e9m disso, \u00e9 um membro orgulhoso da comunidade LGBTQIAPN+, comprometido em promover a igualdade e a justi\u00e7a para todes. Com curso t\u00e9cnico em Servi\u00e7os Jur\u00eddicos pela Escola T\u00e9cnica de Goianases, S\u00e3o Paulo, utiliza sua forma\u00e7\u00e3o e experi\u00eancia para fazer uma diferen\u00e7a interseccional em sua comunidade.<\/p>\n<\/blockquote>\n\n\n\n<figure class=\"wp-block-image size-full is-resized\"><img loading=\"lazy\" decoding=\"async\" width=\"492\" height=\"506\" src=\"https:\/\/www.tjba.jus.br\/portaldeacessibilidade\/wp-content\/uploads\/2026\/01\/image-2.png\" alt=\"image\" class=\"wp-image-558\" style=\"width:395px;height:auto\" srcset=\"https:\/\/www.tjba.jus.br\/portaldeacessibilidade\/wp-content\/uploads\/2026\/01\/image-2.png 492w, https:\/\/www.tjba.jus.br\/portaldeacessibilidade\/wp-content\/uploads\/2026\/01\/image-2-292x300.png 292w, https:\/\/www.tjba.jus.br\/portaldeacessibilidade\/wp-content\/uploads\/2026\/01\/image-2-83x85.png 83w\" sizes=\"auto, (max-width: 492px) 100vw, 492px\" \/><\/figure>\n\n\n\n<h2 class=\"wp-block-heading\">Lays Christine<\/h2>\n\n\n\n<blockquote class=\"wp-block-quote is-layout-flow wp-block-quote-is-layout-flow\">\n<p>\u00c9 bacharel em Direito, especialista em Direito Imobili\u00e1rio e atua no Tribunal de Justi\u00e7a da Bahia, integrando o N\u00facleo de Acessibilidade e Inclus\u00e3o (NAI\/CPAI), onde promove uma Justi\u00e7a mais acess\u00edvel e humana. Com experi\u00eancia na gest\u00e3o de im\u00f3veis e como s\u00f3cia da cl\u00ednica de psicologia Alms Sa\u00fade Psi, dedica-se \u00e0 escuta acolhedora e ao cuidado emocional. Sua trajet\u00f3ria une t\u00e9cnica, empatia e compromisso com a inclus\u00e3o e a transforma\u00e7\u00e3o social.<\/p>\n<\/blockquote>\n\n\n\n<figure class=\"wp-block-image size-full is-resized\"><img loading=\"lazy\" decoding=\"async\" width=\"492\" height=\"506\" src=\"https:\/\/www.tjba.jus.br\/portaldeacessibilidade\/wp-content\/uploads\/2026\/01\/image-3.png\" alt=\"image\" class=\"wp-image-559\" style=\"width:389px;height:auto\" srcset=\"https:\/\/www.tjba.jus.br\/portaldeacessibilidade\/wp-content\/uploads\/2026\/01\/image-3.png 492w, https:\/\/www.tjba.jus.br\/portaldeacessibilidade\/wp-content\/uploads\/2026\/01\/image-3-292x300.png 292w, https:\/\/www.tjba.jus.br\/portaldeacessibilidade\/wp-content\/uploads\/2026\/01\/image-3-83x85.png 83w\" sizes=\"auto, (max-width: 492px) 100vw, 492px\" \/><\/figure>\n\n\n\n<h2 class=\"wp-block-heading\">Daniel Carneiro<\/h2>\n\n\n\n<p>\u00c9 T\u00e9cnico Judici\u00e1rio no N\u00facleo de Acessibilidade e Inclus\u00e3o do TJBA. Formado em Direito pela UCSAL e p\u00f3s-graduado em Direito P\u00fablico pela UFBA, ele aplica seu conhecimento jur\u00eddico para promover um ambiente judici\u00e1rio mais acess\u00edvel e inclusivo.<\/p>\n\n\n\n<figure class=\"wp-block-image size-large\"><img loading=\"lazy\" decoding=\"async\" width=\"1024\" height=\"41\" src=\"https:\/\/www.tjba.jus.br\/portaldeacessibilidade\/wp-content\/uploads\/2026\/01\/image-4-1024x41.png\" alt=\"image\" class=\"wp-image-560\" srcset=\"https:\/\/www.tjba.jus.br\/portaldeacessibilidade\/wp-content\/uploads\/2026\/01\/image-4-1024x41.png 1024w, https:\/\/www.tjba.jus.br\/portaldeacessibilidade\/wp-content\/uploads\/2026\/01\/image-4-300x12.png 300w, https:\/\/www.tjba.jus.br\/portaldeacessibilidade\/wp-content\/uploads\/2026\/01\/image-4-768x31.png 768w, https:\/\/www.tjba.jus.br\/portaldeacessibilidade\/wp-content\/uploads\/2026\/01\/image-4-1536x62.png 1536w, https:\/\/www.tjba.jus.br\/portaldeacessibilidade\/wp-content\/uploads\/2026\/01\/image-4-150x6.png 150w, https:\/\/www.tjba.jus.br\/portaldeacessibilidade\/wp-content\/uploads\/2026\/01\/image-4.png 2048w\" sizes=\"auto, (max-width: 1024px) 100vw, 1024px\" \/><\/figure>\n\n\n\n<figure class=\"wp-block-image size-large\"><img loading=\"lazy\" decoding=\"async\" width=\"1024\" height=\"200\" src=\"https:\/\/www.tjba.jus.br\/portaldeacessibilidade\/wp-content\/uploads\/2026\/01\/image-5-1024x200.png\" alt=\"image\" class=\"wp-image-561\" srcset=\"https:\/\/www.tjba.jus.br\/portaldeacessibilidade\/wp-content\/uploads\/2026\/01\/image-5-1024x200.png 1024w, https:\/\/www.tjba.jus.br\/portaldeacessibilidade\/wp-content\/uploads\/2026\/01\/image-5-300x59.png 300w, https:\/\/www.tjba.jus.br\/portaldeacessibilidade\/wp-content\/uploads\/2026\/01\/image-5-768x150.png 768w, https:\/\/www.tjba.jus.br\/portaldeacessibilidade\/wp-content\/uploads\/2026\/01\/image-5-1536x300.png 1536w, https:\/\/www.tjba.jus.br\/portaldeacessibilidade\/wp-content\/uploads\/2026\/01\/image-5-150x29.png 150w, https:\/\/www.tjba.jus.br\/portaldeacessibilidade\/wp-content\/uploads\/2026\/01\/image-5.png 2048w\" sizes=\"auto, (max-width: 1024px) 100vw, 1024px\" \/><\/figure>\n\n\n\n<figure class=\"wp-block-image size-large\"><img loading=\"lazy\" decoding=\"async\" width=\"1024\" height=\"41\" src=\"https:\/\/www.tjba.jus.br\/portaldeacessibilidade\/wp-content\/uploads\/2026\/01\/image-6-1024x41.png\" alt=\"image\" class=\"wp-image-562\" srcset=\"https:\/\/www.tjba.jus.br\/portaldeacessibilidade\/wp-content\/uploads\/2026\/01\/image-6-1024x41.png 1024w, https:\/\/www.tjba.jus.br\/portaldeacessibilidade\/wp-content\/uploads\/2026\/01\/image-6-300x12.png 300w, https:\/\/www.tjba.jus.br\/portaldeacessibilidade\/wp-content\/uploads\/2026\/01\/image-6-768x31.png 768w, https:\/\/www.tjba.jus.br\/portaldeacessibilidade\/wp-content\/uploads\/2026\/01\/image-6-1536x62.png 1536w, https:\/\/www.tjba.jus.br\/portaldeacessibilidade\/wp-content\/uploads\/2026\/01\/image-6-150x6.png 150w, https:\/\/www.tjba.jus.br\/portaldeacessibilidade\/wp-content\/uploads\/2026\/01\/image-6.png 2048w\" sizes=\"auto, (max-width: 1024px) 100vw, 1024px\" \/><\/figure>\n\n\n\n<figure class=\"wp-block-image size-large\"><img loading=\"lazy\" decoding=\"async\" width=\"1024\" height=\"111\" src=\"https:\/\/www.tjba.jus.br\/portaldeacessibilidade\/wp-content\/uploads\/2026\/01\/image-7-1024x111.png\" alt=\"image\" class=\"wp-image-563\" srcset=\"https:\/\/www.tjba.jus.br\/portaldeacessibilidade\/wp-content\/uploads\/2026\/01\/image-7-1024x111.png 1024w, https:\/\/www.tjba.jus.br\/portaldeacessibilidade\/wp-content\/uploads\/2026\/01\/image-7-300x33.png 300w, https:\/\/www.tjba.jus.br\/portaldeacessibilidade\/wp-content\/uploads\/2026\/01\/image-7-768x83.png 768w, https:\/\/www.tjba.jus.br\/portaldeacessibilidade\/wp-content\/uploads\/2026\/01\/image-7-1536x167.png 1536w, https:\/\/www.tjba.jus.br\/portaldeacessibilidade\/wp-content\/uploads\/2026\/01\/image-7-150x16.png 150w, https:\/\/www.tjba.jus.br\/portaldeacessibilidade\/wp-content\/uploads\/2026\/01\/image-7.png 2048w\" sizes=\"auto, (max-width: 1024px) 100vw, 1024px\" \/><\/figure>\n\n\n\n<p><\/p>\n","protected":false},"excerpt":{"rendered":"<p>CINE DEBATE 12\u00ba ENCONTRO AMPARE Dia: 17\/09\/2025P\u00fablico Alvo: Estagi\u00e1rios de N\u00edvel M\u00e9dio do TJBALocal: Sala 309, Anexo 33 DOCUMENT\u00c1RIO \u201cInclusive, [&hellip;]<\/p>\n","protected":false},"author":16,"featured_media":0,"parent":0,"menu_order":0,"comment_status":"closed","ping_status":"closed","template":"","meta":{"_acf_changed":false,"_editorskit_title_hidden":false,"_editorskit_reading_time":0,"_editorskit_is_block_options_detached":false,"_editorskit_block_options_position":"{}","footnotes":""},"class_list":["post-582","page","type-page","status-publish","hentry"],"acf":[],"featured_image_src":null,"_links":{"self":[{"href":"https:\/\/www.tjba.jus.br\/portaldeacessibilidade\/wp-json\/wp\/v2\/pages\/582","targetHints":{"allow":["GET"]}}],"collection":[{"href":"https:\/\/www.tjba.jus.br\/portaldeacessibilidade\/wp-json\/wp\/v2\/pages"}],"about":[{"href":"https:\/\/www.tjba.jus.br\/portaldeacessibilidade\/wp-json\/wp\/v2\/types\/page"}],"author":[{"embeddable":true,"href":"https:\/\/www.tjba.jus.br\/portaldeacessibilidade\/wp-json\/wp\/v2\/users\/16"}],"replies":[{"embeddable":true,"href":"https:\/\/www.tjba.jus.br\/portaldeacessibilidade\/wp-json\/wp\/v2\/comments?post=582"}],"version-history":[{"count":6,"href":"https:\/\/www.tjba.jus.br\/portaldeacessibilidade\/wp-json\/wp\/v2\/pages\/582\/revisions"}],"predecessor-version":[{"id":698,"href":"https:\/\/www.tjba.jus.br\/portaldeacessibilidade\/wp-json\/wp\/v2\/pages\/582\/revisions\/698"}],"wp:attachment":[{"href":"https:\/\/www.tjba.jus.br\/portaldeacessibilidade\/wp-json\/wp\/v2\/media?parent=582"}],"curies":[{"name":"wp","href":"https:\/\/api.w.org\/{rel}","templated":true}]}}