{"id":1639,"date":"2018-04-02T18:58:50","date_gmt":"2018-04-02T21:58:50","guid":{"rendered":"http:\/\/tjbawsp001.tjba.jus.br\/segundavice\/?page_id=1639"},"modified":"2018-04-05T09:59:47","modified_gmt":"2018-04-05T12:59:47","slug":"pesquisa-de-satisfacao","status":"publish","type":"page","link":"https:\/\/www.tjba.jus.br\/segundavice\/pesquisa-de-satisfacao\/","title":{"rendered":"Pesquisa de Satisfa\u00e7\u00e3o do Usu\u00e1rio"},"content":{"rendered":"<p><iframe loading=\"lazy\" src=\"http:\/\/www.tjba.jus.br\/pesquisa_satisfacao_2vice\/index.php\/formulario\/pesquisa\/1042e414-f563-4d10-a080-833169dc1805\" name=\"iframe\" width=\"100%\" height=\"800\" frameborder=\"0\" scrolling=\"auto\"><\/iframe><\/p>\n","protected":false},"excerpt":{"rendered":"","protected":false},"author":3,"featured_media":0,"parent":0,"menu_order":0,"comment_status":"closed","ping_status":"closed","template":"","meta":{"_EventAllDay":false,"_EventTimezone":"","_EventStartDate":"","_EventEndDate":"","_EventStartDateUTC":"","_EventEndDateUTC":"","_EventShowMap":false,"_EventShowMapLink":false,"_EventURL":"","_EventCost":"","_EventCostDescription":"","_EventCurrencySymbol":"","_EventCurrencyCode":"","_EventCurrencyPosition":"","_EventDateTimeSeparator":"","_EventTimeRangeSeparator":"","_EventOrganizerID":[],"_EventVenueID":[],"_OrganizerEmail":"","_OrganizerPhone":"","_OrganizerWebsite":"","_VenueAddress":"","_VenueCity":"","_VenueCountry":"","_VenueProvince":"","_VenueState":"","_VenueZip":"","_VenuePhone":"","_VenueURL":"","_VenueStateProvince":"","_VenueLat":"","_VenueLng":"","_VenueShowMap":false,"_VenueShowMapLink":false,"footnotes":""},"acf":[],"featured_image_src":null,"_links":{"self":[{"href":"https:\/\/www.tjba.jus.br\/segundavice\/wp-json\/wp\/v2\/pages\/1639"}],"collection":[{"href":"https:\/\/www.tjba.jus.br\/segundavice\/wp-json\/wp\/v2\/pages"}],"about":[{"href":"https:\/\/www.tjba.jus.br\/segundavice\/wp-json\/wp\/v2\/types\/page"}],"author":[{"embeddable":true,"href":"https:\/\/www.tjba.jus.br\/segundavice\/wp-json\/wp\/v2\/users\/3"}],"replies":[{"embeddable":true,"href":"https:\/\/www.tjba.jus.br\/segundavice\/wp-json\/wp\/v2\/comments?post=1639"}],"version-history":[{"count":25,"href":"https:\/\/www.tjba.jus.br\/segundavice\/wp-json\/wp\/v2\/pages\/1639\/revisions"}],"predecessor-version":[{"id":1652,"href":"https:\/\/www.tjba.jus.br\/segundavice\/wp-json\/wp\/v2\/pages\/1639\/revisions\/1652"}],"wp:attachment":[{"href":"https:\/\/www.tjba.jus.br\/segundavice\/wp-json\/wp\/v2\/media?parent=1639"}],"curies":[{"name":"wp","href":"https:\/\/api.w.org\/{rel}","templated":true}]}}