{"id":5990,"date":"2021-04-30T12:47:45","date_gmt":"2021-04-30T15:47:45","guid":{"rendered":"https:\/\/www.tjba.jus.br\/segundavice\/?page_id=5990"},"modified":"2021-04-30T12:47:45","modified_gmt":"2021-04-30T15:47:45","slug":"resolucoes","status":"publish","type":"page","link":"https:\/\/www.tjba.jus.br\/segundavice\/resolucoes\/","title":{"rendered":"Resolu\u00e7\u00f5es"},"content":{"rendered":"<p><a href=\"https:\/\/www.tjba.jus.br\/segundavice\/wp-content\/uploads\/2021\/04\/Resolu\u00e7\u00e3o-n\u00ba-04.2021.pdf\">Resolu\u00e7\u00e3o n\u00ba 04.2021<\/a><\/p>\n<p style=\"font-weight: 400;\">Disp\u00f5e sobre a cria\u00e7\u00e3o do Centro de Intelig\u00eancia do Poder Judici\u00e1rio no \u00e2mbito do Tribunal de Justi\u00e7a do Estado da Bahia.<\/p>\n","protected":false},"excerpt":{"rendered":"<p>Resolu\u00e7\u00e3o n\u00ba 04.2021 Disp\u00f5e sobre a cria\u00e7\u00e3o do Centro de Intelig\u00eancia do Poder Judici\u00e1rio no \u00e2mbito do Tribunal de Justi\u00e7a do Estado da Bahia.<\/p>\n","protected":false},"author":24,"featured_media":0,"parent":0,"menu_order":0,"comment_status":"closed","ping_status":"closed","template":"","meta":{"_EventAllDay":false,"_EventTimezone":"","_EventStartDate":"","_EventEndDate":"","_EventStartDateUTC":"","_EventEndDateUTC":"","_EventShowMap":false,"_EventShowMapLink":false,"_EventURL":"","_EventCost":"","_EventCostDescription":"","_EventCurrencySymbol":"","_EventCurrencyCode":"","_EventCurrencyPosition":"","_EventDateTimeSeparator":"","_EventTimeRangeSeparator":"","_EventOrganizerID":[],"_EventVenueID":[],"_OrganizerEmail":"","_OrganizerPhone":"","_OrganizerWebsite":"","_VenueAddress":"","_VenueCity":"","_VenueCountry":"","_VenueProvince":"","_VenueState":"","_VenueZip":"","_VenuePhone":"","_VenueURL":"","_VenueStateProvince":"","_VenueLat":"","_VenueLng":"","_VenueShowMap":false,"_VenueShowMapLink":false,"footnotes":""},"acf":[],"featured_image_src":null,"_links":{"self":[{"href":"https:\/\/www.tjba.jus.br\/segundavice\/wp-json\/wp\/v2\/pages\/5990"}],"collection":[{"href":"https:\/\/www.tjba.jus.br\/segundavice\/wp-json\/wp\/v2\/pages"}],"about":[{"href":"https:\/\/www.tjba.jus.br\/segundavice\/wp-json\/wp\/v2\/types\/page"}],"author":[{"embeddable":true,"href":"https:\/\/www.tjba.jus.br\/segundavice\/wp-json\/wp\/v2\/users\/24"}],"replies":[{"embeddable":true,"href":"https:\/\/www.tjba.jus.br\/segundavice\/wp-json\/wp\/v2\/comments?post=5990"}],"version-history":[{"count":1,"href":"https:\/\/www.tjba.jus.br\/segundavice\/wp-json\/wp\/v2\/pages\/5990\/revisions"}],"predecessor-version":[{"id":5992,"href":"https:\/\/www.tjba.jus.br\/segundavice\/wp-json\/wp\/v2\/pages\/5990\/revisions\/5992"}],"wp:attachment":[{"href":"https:\/\/www.tjba.jus.br\/segundavice\/wp-json\/wp\/v2\/media?parent=5990"}],"curies":[{"name":"wp","href":"https:\/\/api.w.org\/{rel}","templated":true}]}}