{"id":6313,"date":"2021-10-01T09:08:39","date_gmt":"2021-10-01T12:08:39","guid":{"rendered":"https:\/\/www.tjba.jus.br\/segundavice\/?page_id=6313"},"modified":"2021-10-01T09:09:06","modified_gmt":"2021-10-01T12:09:06","slug":"ato-normativo-conjunto-no-15-2021","status":"publish","type":"page","link":"https:\/\/www.tjba.jus.br\/segundavice\/leis-e-normas\/ato-conjunto-2\/ato-normativo-conjunto-no-15-2021\/","title":{"rendered":"Ato Normativo Conjunto n\u00ba 15.2021"},"content":{"rendered":"<p class=\"western\" align=\"JUSTIFY\">Disp\u00f5e sobre a institui\u00e7\u00e3o de canal de acesso espec\u00edfico para registro de manifesta\u00e7\u00f5es relacionadas ao ass\u00e9dio moral, sexual e discrimina\u00e7\u00e3o de qualquer natureza, ora designada Ouvidoria de G\u00eanero, no \u00e2mbito do Poder Judici\u00e1rio do Estado da Bahia (PJBA) e d\u00e1 outras provid\u00eancias.<\/p>\n<p align=\"JUSTIFY\"><a href=\"https:\/\/www.tjba.jus.br\/segundavice\/wp-content\/uploads\/2021\/10\/Ato-Conjunto-n\u00ba-15.2021.pdf\">Ato Conjunto n\u00ba 15.2021<\/a><\/p>\n","protected":false},"excerpt":{"rendered":"<p>Disp\u00f5e sobre a institui\u00e7\u00e3o de canal de acesso espec\u00edfico para registro de manifesta\u00e7\u00f5es relacionadas ao ass\u00e9dio moral, sexual e discrimina\u00e7\u00e3o de qualquer natureza, ora designada Ouvidoria de G\u00eanero, no \u00e2mbito [&hellip;]<\/p>\n","protected":false},"author":24,"featured_media":0,"parent":5963,"menu_order":0,"comment_status":"closed","ping_status":"closed","template":"","meta":{"_EventAllDay":false,"_EventTimezone":"","_EventStartDate":"","_EventEndDate":"","_EventStartDateUTC":"","_EventEndDateUTC":"","_EventShowMap":false,"_EventShowMapLink":false,"_EventURL":"","_EventCost":"","_EventCostDescription":"","_EventCurrencySymbol":"","_EventCurrencyCode":"","_EventCurrencyPosition":"","_EventDateTimeSeparator":"","_EventTimeRangeSeparator":"","_EventOrganizerID":[],"_EventVenueID":[],"_OrganizerEmail":"","_OrganizerPhone":"","_OrganizerWebsite":"","_VenueAddress":"","_VenueCity":"","_VenueCountry":"","_VenueProvince":"","_VenueState":"","_VenueZip":"","_VenuePhone":"","_VenueURL":"","_VenueStateProvince":"","_VenueLat":"","_VenueLng":"","_VenueShowMap":false,"_VenueShowMapLink":false,"footnotes":""},"acf":[],"featured_image_src":null,"_links":{"self":[{"href":"https:\/\/www.tjba.jus.br\/segundavice\/wp-json\/wp\/v2\/pages\/6313"}],"collection":[{"href":"https:\/\/www.tjba.jus.br\/segundavice\/wp-json\/wp\/v2\/pages"}],"about":[{"href":"https:\/\/www.tjba.jus.br\/segundavice\/wp-json\/wp\/v2\/types\/page"}],"author":[{"embeddable":true,"href":"https:\/\/www.tjba.jus.br\/segundavice\/wp-json\/wp\/v2\/users\/24"}],"replies":[{"embeddable":true,"href":"https:\/\/www.tjba.jus.br\/segundavice\/wp-json\/wp\/v2\/comments?post=6313"}],"version-history":[{"count":1,"href":"https:\/\/www.tjba.jus.br\/segundavice\/wp-json\/wp\/v2\/pages\/6313\/revisions"}],"predecessor-version":[{"id":6314,"href":"https:\/\/www.tjba.jus.br\/segundavice\/wp-json\/wp\/v2\/pages\/6313\/revisions\/6314"}],"up":[{"embeddable":true,"href":"https:\/\/www.tjba.jus.br\/segundavice\/wp-json\/wp\/v2\/pages\/5963"}],"wp:attachment":[{"href":"https:\/\/www.tjba.jus.br\/segundavice\/wp-json\/wp\/v2\/media?parent=6313"}],"curies":[{"name":"wp","href":"https:\/\/api.w.org\/{rel}","templated":true}]}}